{"id":10164,"date":"2021-02-09T09:04:36","date_gmt":"2021-02-09T08:04:36","guid":{"rendered":"https:\/\/www.drzwi-cal.pl\/?page_id=10164"},"modified":"2026-04-08T22:21:57","modified_gmt":"2026-04-08T20:21:57","slug":"bezpieczne-drzwi","status":"publish","type":"page","link":"https:\/\/www.drzwi-cal.pl\/en\/bezpieczne-drzwi\/","title":{"rendered":"Bezpieczne drzwi"},"content":{"rendered":"<h2>Prawdziwy dom to miejsce, w kt\u00f3rym wszyscy domownicy powinni czu\u0107 si\u0119 absolutnie bezpiecznie. Dlatego te\u017c zadbaj o ka\u017cdy szczeg\u00f3\u0142 dotycz\u0105cy zabezpiecze\u0144 antyw\u0142amaniowych, a w szczeg\u00f3lno\u015bci o bezpieczne drzwi. Wybierz poziom bezpiecze\u0144stwa swojego domu i zyskaj pewno\u015b\u0107, \u017ce nikt niepo\u017c\u0105dany nie naruszy Waszego spokoju.<\/h2>\n<p>&nbsp;<\/p>\n<p>Pakiet bezpiecze\u0144stwa RC2 w cenie standard\u00f3w: Termo, Arctic, Presenta i CPH Component <strong><a href=\"https:\/\/www.youtube.com\/watch?v=Ph2CylHNeMA&amp;feature=emb_title\">(pos\u0142uchaj podcastu)<\/a><\/strong><\/p>\n<div class=\"mceTemp\"><\/div>\n<p><img fetchpriority=\"high\" decoding=\"async\" class=\"alignnone wp-image-10175\" src=\"https:\/\/www.drzwi-cal.pl\/wp-content\/uploads\/2021\/02\/burglary-crime-culprit-and-victim-1-scaled.jpg\" alt=\"drzwi w klasie RC3\" width=\"800\" height=\"800\" srcset=\"https:\/\/www.drzwi-cal.pl\/wp-content\/uploads\/2021\/02\/burglary-crime-culprit-and-victim-1-scaled.jpg 2560w, https:\/\/www.drzwi-cal.pl\/wp-content\/uploads\/2021\/02\/burglary-crime-culprit-and-victim-1-300x300.jpg 300w, https:\/\/www.drzwi-cal.pl\/wp-content\/uploads\/2021\/02\/burglary-crime-culprit-and-victim-1-1024x1024.jpg 1024w, https:\/\/www.drzwi-cal.pl\/wp-content\/uploads\/2021\/02\/burglary-crime-culprit-and-victim-1-150x150.jpg 150w, https:\/\/www.drzwi-cal.pl\/wp-content\/uploads\/2021\/02\/burglary-crime-culprit-and-victim-1-768x768.jpg 768w, https:\/\/www.drzwi-cal.pl\/wp-content\/uploads\/2021\/02\/burglary-crime-culprit-and-victim-1-1536x1536.jpg 1536w, https:\/\/www.drzwi-cal.pl\/wp-content\/uploads\/2021\/02\/burglary-crime-culprit-and-victim-1-2048x2048.jpg 2048w, https:\/\/www.drzwi-cal.pl\/wp-content\/uploads\/2021\/02\/burglary-crime-culprit-and-victim-1-1920x1920.jpg 1920w, https:\/\/www.drzwi-cal.pl\/wp-content\/uploads\/2021\/02\/burglary-crime-culprit-and-victim-1-960x960.jpg 960w, https:\/\/www.drzwi-cal.pl\/wp-content\/uploads\/2021\/02\/burglary-crime-culprit-and-victim-1-640x640.jpg 640w, https:\/\/www.drzwi-cal.pl\/wp-content\/uploads\/2021\/02\/burglary-crime-culprit-and-victim-1-204x204.jpg 204w, https:\/\/www.drzwi-cal.pl\/wp-content\/uploads\/2021\/02\/burglary-crime-culprit-and-victim-1-120x120.jpg 120w, https:\/\/www.drzwi-cal.pl\/wp-content\/uploads\/2021\/02\/burglary-crime-culprit-and-victim-1-70x70.jpg 70w, https:\/\/www.drzwi-cal.pl\/wp-content\/uploads\/2021\/02\/burglary-crime-culprit-and-victim-1-25x25.jpg 25w\" sizes=\"(max-width: 800px) 100vw, 800px\" \/><\/p>\n<h2><strong>Wyposa\u017cenie:<\/strong><\/h2>\n<ul>\n<li>wr\u0119g antywywa\u017ceniowy lub rygle antywywa\u017ceniowe<\/li>\n<li>trzypunktowe zamki Winkhaus<\/li>\n<li>pakiety szybowe w klasie P4, a tak\u017ce antyw\u0142amaniowe wk\u0142adki i szyldy (opcjonalnie).<\/li>\n<\/ul>\n<p>O ich odporno\u015bci na w\u0142amanie \u015bwiadcz\u0105 <strong><a href=\"https:\/\/www.drzwi-cal.pl\/pliki-do-pobrania-2\/#atesty\">certyfikaty<\/a> <\/strong>uzyskane w niezale\u017cnych akredytowanych laboratoriach badawczych.<\/p>\n<h2><strong>Sprawd\u017a kolekcje drzwi zewn\u0119trznych w klasie RC2!<\/strong><\/h2>\n<ul>\n<li><strong><a href=\"https:\/\/www.drzwi-cal.pl\/en\/drzwi-zewnetrzne-kolekcje\/arbo-collection\/\">Arbo<\/a><\/strong><\/li>\n<li><strong><a href=\"https:\/\/www.drzwi-cal.pl\/en\/drzwi-zewnetrzne-kolekcje\/idylla-en\/\">Idylla<\/a><\/strong><\/li>\n<li><strong><a href=\"https:\/\/www.drzwi-cal.pl\/en\/drzwi-zewnetrzne-kolekcje\/kolora-collection\/\">Kolora<\/a><\/strong><\/li>\n<li><strong><a href=\"https:\/\/www.drzwi-cal.pl\/en\/drzwi-zewnetrzne-kolekcje\/alutherm-collection\/\">Alutherm<\/a><\/strong><\/li>\n<li><strong><a href=\"https:\/\/www.drzwi-cal.pl\/en\/drzwi-zewnetrzne-kolekcje\/knight-collection-en\/\">Rycerska<\/a><\/strong><\/li>\n<li><strong><a href=\"https:\/\/www.drzwi-cal.pl\/en\/drzwi-zewnetrzne-kolekcje\/luxury-collection\/\">Vintage<\/a><\/strong><\/li>\n<li><strong><a href=\"\/?dc_kolekcje_z=filmowa\">Filmowa<\/a><\/strong><\/li>\n<\/ul>\n<h2><strong>Pakiet bezpiecze\u0144stwa RC3 (jeszcze bezpieczniejsze drzwi)<\/strong><\/h2>\n<p>Oferujemy pierwsze na polskim rynku drzwi drewniane o podwy\u017cszonej klasie odporno\u015bci na w\u0142amanie RC3\u00a0(opcja za dop\u0142at\u0105):<\/p>\n<ul>\n<li>skrzyd\u0142o wzmocnione dwoma stalowymi p\u0142aszczami umieszczonymi pod powierzchni\u0105 sklejki<\/li>\n<li>o\u015bcie\u017cnice zabezpieczone profilami aluminiowymi<\/li>\n<li>4 zawiasy o podwy\u017cszonej wytrzyma\u0142o\u015bci<\/li>\n<li>pi\u0119ciopunktowy zamek z opcj\u0105 szybkiego ryglowania<\/li>\n<li>dwie wk\u0142adki antyw\u0142amaniowe klasy C<\/li>\n<li>szyldy i klamki antyw\u0142amaniowe klasy 4 z os\u0142on\u0105 wk\u0142adki.<\/li>\n<\/ul>\n<h2><a href=\"https:\/\/www.drzwi-cal.pl\/en\/blog\/jedyne-takie-naswietla-tylko-w-cal\/\"><strong>Antyw\u0142amaniowe na\u015bwietla<\/strong><\/a><\/h2>\n<p>Wszystkie drzwi i na\u015bwietla CAL s\u0105 wyposa\u017cone w szk\u0142o antyw\u0142amaniowe klasy P4. Certyfikat antyw\u0142amaniowy wystawimy na wszystkie drzwi (opr\u00f3cz kolekcji Klasycznej) bez dop\u0142aty.<\/p>\n<p>Szyba klasy P4 to dwie tafle szk\u0142a o grubo\u015bci 4 mm po\u0142\u0105czone ze sob\u0105 czterema foliami PVB 0,38 mm, a tym samym jest odporna na przepicie i rozbicie t\u0119pym lub ostrym narz\u0119dziem.<\/p>\n<p>Drzwi CAL to pierwsze w Polsce drzwi drewniane ze \u015bwiadectwem bada\u0144 odporno\u015bci na w\u0142amanie wed\u0142ug normy EN 1627 RC2 dla ca\u0142ego zestawu drzwiowego &#8211; mo\u017cesz czu\u0107 si\u0119 bezpiecznie nie tylko inwestuj\u0105c w pojedyncze drzwi, ale nawet zabudowuj\u0105c otw\u00f3r wej\u015bciowy o ca\u0142kowitej szeroko\u015bci do 2950 mm i wysoko\u015bci nawet 2500 mm.<\/p>\n<p>Nowoczesne projekty dom\u00f3w cz\u0119sto przewiduj\u0105 du\u017ce przeszklenia wej\u015b\u0107. Wybieraj\u0105c dostawc\u0119 drzwi sprawd\u017a, czy certyfikat RC2 dotyczy samych drzwi, czy ca\u0142ej zabudowy wraz z na\u015bwietlami. Ka\u017cdy system jest tak dobry jak jego najs\u0142abszy element. Je\u015bli szukasz przeszkle\u0144 przy wej\u015bciu \u2013 antyw\u0142amaniowe na\u015bwietla to konieczno\u015b\u0107!<\/p>\n<p>&nbsp;<\/p>\n<p>A je\u015bli wymagasz jeszcze wi\u0119kszego bezpiecze\u0144stwa &#8211; <strong>sprawd\u017a kolekcje <a href=\"https:\/\/www.drzwi-cal.pl\/en\/drzwi-zewnetrzne-kolekcje\/knight-collection-en\/\">drzwi zewn\u0119trznych w klasie RC3<\/a> (tylko bezpieczne <a href=\"https:\/\/www.drzwi-cal.pl\/en\/blog\/drzwi-plytowe-czy-ramowe-jakie-sa-roznice\/\">drzwi p\u0142ytowe<\/a> &#8211; pe\u0142ne!)<\/strong><\/p>\n<p>&nbsp;<\/p>\n<p><a href=\"\/\/www.pinterest.com\/pin\/create\/button\/\" data-pin-do=\"buttonBookmark\" data-pin-color=\"red\" data-pin-height=\"128\"><img decoding=\"async\" src=\"\/\/assets.pinterest.com\/images\/pidgets\/pinit_fg_en_rect_red_28.png\" \/><\/a><\/p>","protected":false},"excerpt":{"rendered":"<p>Prawdziwy dom to miejsce, w kt\u00f3rym wszyscy domownicy powinni czu\u0107 si\u0119 absolutnie bezpiecznie. Dlatego te\u017c zadbaj o ka\u017cdy szczeg\u00f3\u0142 dotycz\u0105cy zabezpiecze\u0144 antyw\u0142amaniowych, a w szczeg\u00f3lno\u015bci o bezpieczne drzwi. Wybierz poziom&#8230;<\/p>\n","protected":false},"author":23,"featured_media":17360,"parent":0,"menu_order":0,"comment_status":"closed","ping_status":"closed","template":"","meta":{"footnotes":""},"class_list":["post-10164","page","type-page","status-publish","has-post-thumbnail","hentry"],"acf":[],"yoast_head":"<!-- This site is optimized with the Yoast SEO plugin v26.5 - https:\/\/yoast.com\/wordpress\/plugins\/seo\/ -->\n<title>Bezpieczne drzwi - antyw\u0142amaniowa klasa RC2 lub RC3<\/title>\n<meta name=\"description\" content=\"Wybierz prawdziwie bezpieczne drzwi, bo prawdziwy dom to miejsce, w kt\u00f3rym wszyscy domownicy powinni czu\u0107 si\u0119 absolutnie\u00a0bezpiecznie.\" \/>\n<meta name=\"robots\" content=\"index, follow, max-snippet:-1, max-image-preview:large, max-video-preview:-1\" \/>\n<link rel=\"canonical\" href=\"https:\/\/www.drzwi-cal.pl\/en\/bezpieczne-drzwi\/\" \/>\n<meta property=\"og:locale\" content=\"en_US\" \/>\n<meta property=\"og:type\" content=\"article\" \/>\n<meta property=\"og:title\" content=\"Bezpieczne drzwi\" \/>\n<meta property=\"og:description\" content=\"Prawdziwy dom to miejsce, w kt\u00f3rym wszyscy domownicy powinni czu\u0107 si\u0119 absolutnie\u00a0bezpiecznie. Dlatego te\u017c zadbaj o ka\u017cdy szczeg\u00f3\u0142 dotycz\u0105cy zabezpiecze\u0144 antyw\u0142amaniowych. Wybierz poziom bezpiecze\u0144stwa swojego domu i zyskaj pewno\u015b\u0107,\u00a0\u017ce nikt niepo\u017c\u0105dany nie naruszy Waszego spokoju.\" \/>\n<meta property=\"og:url\" content=\"https:\/\/www.drzwi-cal.pl\/en\/bezpieczne-drzwi\/\" \/>\n<meta property=\"og:site_name\" content=\"Drzwi zewn\u0119trzne i wewn\u0119trzne premium\" \/>\n<meta property=\"article:publisher\" content=\"https:\/\/www.facebook.com\/drzwical\/\" \/>\n<meta property=\"article:modified_time\" content=\"2026-04-08T20:21:57+00:00\" \/>\n<meta property=\"og:image\" content=\"https:\/\/www.drzwi-cal.pl\/wp-content\/uploads\/2021\/02\/burglary-crime-culprit-and-victim-1-scaled.jpg\" \/>\n\t<meta property=\"og:image:width\" content=\"2560\" \/>\n\t<meta property=\"og:image:height\" content=\"2560\" \/>\n\t<meta property=\"og:image:type\" content=\"image\/jpeg\" \/>\n<meta name=\"twitter:card\" content=\"summary_large_image\" \/>\n<meta name=\"twitter:label1\" content=\"Est. reading time\" \/>\n\t<meta name=\"twitter:data1\" content=\"3 minutes\" \/>\n<script type=\"application\/ld+json\" class=\"yoast-schema-graph\">{\"@context\":\"https:\/\/schema.org\",\"@graph\":[{\"@type\":\"WebPage\",\"@id\":\"https:\/\/www.drzwi-cal.pl\/en\/bezpieczne-drzwi\/\",\"url\":\"https:\/\/www.drzwi-cal.pl\/en\/bezpieczne-drzwi\/\",\"name\":\"Bezpieczne drzwi - antyw\u0142amaniowa klasa RC2 lub RC3\",\"isPartOf\":{\"@id\":\"https:\/\/www.drzwi-cal.pl\/en\/#website\"},\"primaryImageOfPage\":{\"@id\":\"https:\/\/www.drzwi-cal.pl\/en\/bezpieczne-drzwi\/#primaryimage\"},\"image\":{\"@id\":\"https:\/\/www.drzwi-cal.pl\/en\/bezpieczne-drzwi\/#primaryimage\"},\"thumbnailUrl\":\"https:\/\/www.drzwi-cal.pl\/wp-content\/uploads\/2023\/04\/Lhotse_czerwona_wizualizacja-kopia-\u2013-ze-zmianami.png\",\"datePublished\":\"2021-02-09T08:04:36+00:00\",\"dateModified\":\"2026-04-08T20:21:57+00:00\",\"description\":\"Wybierz prawdziwie bezpieczne drzwi, bo prawdziwy dom to miejsce, w kt\u00f3rym wszyscy domownicy powinni czu\u0107 si\u0119 absolutnie\u00a0bezpiecznie.\",\"breadcrumb\":{\"@id\":\"https:\/\/www.drzwi-cal.pl\/en\/bezpieczne-drzwi\/#breadcrumb\"},\"inLanguage\":\"en-US\",\"potentialAction\":[{\"@type\":\"ReadAction\",\"target\":[\"https:\/\/www.drzwi-cal.pl\/en\/bezpieczne-drzwi\/\"]}]},{\"@type\":\"ImageObject\",\"inLanguage\":\"en-US\",\"@id\":\"https:\/\/www.drzwi-cal.pl\/en\/bezpieczne-drzwi\/#primaryimage\",\"url\":\"https:\/\/www.drzwi-cal.pl\/wp-content\/uploads\/2023\/04\/Lhotse_czerwona_wizualizacja-kopia-\u2013-ze-zmianami.png\",\"contentUrl\":\"https:\/\/www.drzwi-cal.pl\/wp-content\/uploads\/2023\/04\/Lhotse_czerwona_wizualizacja-kopia-\u2013-ze-zmianami.png\",\"width\":1600,\"height\":730,\"caption\":\"bezpieczne drzwi antyw\u0142amaniowe drzwi CAL\"},{\"@type\":\"BreadcrumbList\",\"@id\":\"https:\/\/www.drzwi-cal.pl\/en\/bezpieczne-drzwi\/#breadcrumb\",\"itemListElement\":[{\"@type\":\"ListItem\",\"position\":1,\"name\":\"CAL prawdziwe drzwi\",\"item\":\"https:\/\/www.drzwi-cal.pl\/en\/\"},{\"@type\":\"ListItem\",\"position\":2,\"name\":\"Bezpieczne drzwi\"}]},{\"@type\":\"WebSite\",\"@id\":\"https:\/\/www.drzwi-cal.pl\/en\/#website\",\"url\":\"https:\/\/www.drzwi-cal.pl\/en\/\",\"name\":\"Drzwi zewn\u0119trzne i wewn\u0119trzne premium\",\"description\":\"Wybierz tylko kolor i model swoich drzwi zewn\u0119trznych CAL, bo ciep\u0142o i bezpiecze\u0144stwo masz zawsze w cenie! Dobierz pasuj\u0105ce drewniane drzwi wewn\u0119trzne CAL.\",\"publisher\":{\"@id\":\"https:\/\/www.drzwi-cal.pl\/en\/#organization\"},\"potentialAction\":[{\"@type\":\"SearchAction\",\"target\":{\"@type\":\"EntryPoint\",\"urlTemplate\":\"https:\/\/www.drzwi-cal.pl\/en\/?s={search_term_string}\"},\"query-input\":{\"@type\":\"PropertyValueSpecification\",\"valueRequired\":true,\"valueName\":\"search_term_string\"}}],\"inLanguage\":\"en-US\"},{\"@type\":\"Organization\",\"@id\":\"https:\/\/www.drzwi-cal.pl\/en\/#organization\",\"name\":\"Drzwi CAL\",\"alternateName\":\"Prawdziwe drzwi CAL\",\"url\":\"https:\/\/www.drzwi-cal.pl\/en\/\",\"logo\":{\"@type\":\"ImageObject\",\"inLanguage\":\"en-US\",\"@id\":\"https:\/\/www.drzwi-cal.pl\/en\/#\/schema\/logo\/image\/\",\"url\":\"https:\/\/www.drzwi-cal.pl\/wp-content\/uploads\/2018\/08\/CAL.jpg\",\"contentUrl\":\"https:\/\/www.drzwi-cal.pl\/wp-content\/uploads\/2018\/08\/CAL.jpg\",\"width\":1667,\"height\":750,\"caption\":\"Drzwi CAL\"},\"image\":{\"@id\":\"https:\/\/www.drzwi-cal.pl\/en\/#\/schema\/logo\/image\/\"},\"sameAs\":[\"https:\/\/www.facebook.com\/drzwical\/\",\"https:\/\/www.instagram.com\/drzwical\/\",\"https:\/\/www.linkedin.com\/company\/drzwi-cal\",\"https:\/\/www.youtube.com\/user\/drzwical\/\"]}]}<\/script>\n<!-- \/ Yoast SEO plugin. -->","yoast_head_json":{"title":"Bezpieczne drzwi - antyw\u0142amaniowa klasa RC2 lub RC3","description":"Wybierz prawdziwie bezpieczne drzwi, bo prawdziwy dom to miejsce, w kt\u00f3rym wszyscy domownicy powinni czu\u0107 si\u0119 absolutnie\u00a0bezpiecznie.","robots":{"index":"index","follow":"follow","max-snippet":"max-snippet:-1","max-image-preview":"max-image-preview:large","max-video-preview":"max-video-preview:-1"},"canonical":"https:\/\/www.drzwi-cal.pl\/en\/bezpieczne-drzwi\/","og_locale":"en_US","og_type":"article","og_title":"Bezpieczne drzwi","og_description":"Prawdziwy dom to miejsce, w kt\u00f3rym wszyscy domownicy powinni czu\u0107 si\u0119 absolutnie\u00a0bezpiecznie. Dlatego te\u017c zadbaj o ka\u017cdy szczeg\u00f3\u0142 dotycz\u0105cy zabezpiecze\u0144 antyw\u0142amaniowych. Wybierz poziom bezpiecze\u0144stwa swojego domu i zyskaj pewno\u015b\u0107,\u00a0\u017ce nikt niepo\u017c\u0105dany nie naruszy Waszego spokoju.","og_url":"https:\/\/www.drzwi-cal.pl\/en\/bezpieczne-drzwi\/","og_site_name":"Drzwi zewn\u0119trzne i wewn\u0119trzne premium","article_publisher":"https:\/\/www.facebook.com\/drzwical\/","article_modified_time":"2026-04-08T20:21:57+00:00","og_image":[{"width":2560,"height":2560,"url":"https:\/\/www.drzwi-cal.pl\/wp-content\/uploads\/2021\/02\/burglary-crime-culprit-and-victim-1-scaled.jpg","type":"image\/jpeg"}],"twitter_card":"summary_large_image","twitter_misc":{"Est. reading time":"3 minutes"},"schema":{"@context":"https:\/\/schema.org","@graph":[{"@type":"WebPage","@id":"https:\/\/www.drzwi-cal.pl\/en\/bezpieczne-drzwi\/","url":"https:\/\/www.drzwi-cal.pl\/en\/bezpieczne-drzwi\/","name":"Bezpieczne drzwi - antyw\u0142amaniowa klasa RC2 lub RC3","isPartOf":{"@id":"https:\/\/www.drzwi-cal.pl\/en\/#website"},"primaryImageOfPage":{"@id":"https:\/\/www.drzwi-cal.pl\/en\/bezpieczne-drzwi\/#primaryimage"},"image":{"@id":"https:\/\/www.drzwi-cal.pl\/en\/bezpieczne-drzwi\/#primaryimage"},"thumbnailUrl":"https:\/\/www.drzwi-cal.pl\/wp-content\/uploads\/2023\/04\/Lhotse_czerwona_wizualizacja-kopia-\u2013-ze-zmianami.png","datePublished":"2021-02-09T08:04:36+00:00","dateModified":"2026-04-08T20:21:57+00:00","description":"Wybierz prawdziwie bezpieczne drzwi, bo prawdziwy dom to miejsce, w kt\u00f3rym wszyscy domownicy powinni czu\u0107 si\u0119 absolutnie\u00a0bezpiecznie.","breadcrumb":{"@id":"https:\/\/www.drzwi-cal.pl\/en\/bezpieczne-drzwi\/#breadcrumb"},"inLanguage":"en-US","potentialAction":[{"@type":"ReadAction","target":["https:\/\/www.drzwi-cal.pl\/en\/bezpieczne-drzwi\/"]}]},{"@type":"ImageObject","inLanguage":"en-US","@id":"https:\/\/www.drzwi-cal.pl\/en\/bezpieczne-drzwi\/#primaryimage","url":"https:\/\/www.drzwi-cal.pl\/wp-content\/uploads\/2023\/04\/Lhotse_czerwona_wizualizacja-kopia-\u2013-ze-zmianami.png","contentUrl":"https:\/\/www.drzwi-cal.pl\/wp-content\/uploads\/2023\/04\/Lhotse_czerwona_wizualizacja-kopia-\u2013-ze-zmianami.png","width":1600,"height":730,"caption":"bezpieczne drzwi antyw\u0142amaniowe drzwi CAL"},{"@type":"BreadcrumbList","@id":"https:\/\/www.drzwi-cal.pl\/en\/bezpieczne-drzwi\/#breadcrumb","itemListElement":[{"@type":"ListItem","position":1,"name":"CAL prawdziwe drzwi","item":"https:\/\/www.drzwi-cal.pl\/en\/"},{"@type":"ListItem","position":2,"name":"Bezpieczne drzwi"}]},{"@type":"WebSite","@id":"https:\/\/www.drzwi-cal.pl\/en\/#website","url":"https:\/\/www.drzwi-cal.pl\/en\/","name":"Drzwi zewn\u0119trzne i wewn\u0119trzne premium","description":"Wybierz tylko kolor i model swoich drzwi zewn\u0119trznych CAL, bo ciep\u0142o i bezpiecze\u0144stwo masz zawsze w cenie! Dobierz pasuj\u0105ce drewniane drzwi wewn\u0119trzne CAL.","publisher":{"@id":"https:\/\/www.drzwi-cal.pl\/en\/#organization"},"potentialAction":[{"@type":"SearchAction","target":{"@type":"EntryPoint","urlTemplate":"https:\/\/www.drzwi-cal.pl\/en\/?s={search_term_string}"},"query-input":{"@type":"PropertyValueSpecification","valueRequired":true,"valueName":"search_term_string"}}],"inLanguage":"en-US"},{"@type":"Organization","@id":"https:\/\/www.drzwi-cal.pl\/en\/#organization","name":"Drzwi CAL","alternateName":"Prawdziwe drzwi CAL","url":"https:\/\/www.drzwi-cal.pl\/en\/","logo":{"@type":"ImageObject","inLanguage":"en-US","@id":"https:\/\/www.drzwi-cal.pl\/en\/#\/schema\/logo\/image\/","url":"https:\/\/www.drzwi-cal.pl\/wp-content\/uploads\/2018\/08\/CAL.jpg","contentUrl":"https:\/\/www.drzwi-cal.pl\/wp-content\/uploads\/2018\/08\/CAL.jpg","width":1667,"height":750,"caption":"Drzwi CAL"},"image":{"@id":"https:\/\/www.drzwi-cal.pl\/en\/#\/schema\/logo\/image\/"},"sameAs":["https:\/\/www.facebook.com\/drzwical\/","https:\/\/www.instagram.com\/drzwical\/","https:\/\/www.linkedin.com\/company\/drzwi-cal","https:\/\/www.youtube.com\/user\/drzwical\/"]}]}},"_links":{"self":[{"href":"https:\/\/www.drzwi-cal.pl\/en\/wp-json\/wp\/v2\/pages\/10164","targetHints":{"allow":["GET"]}}],"collection":[{"href":"https:\/\/www.drzwi-cal.pl\/en\/wp-json\/wp\/v2\/pages"}],"about":[{"href":"https:\/\/www.drzwi-cal.pl\/en\/wp-json\/wp\/v2\/types\/page"}],"author":[{"embeddable":true,"href":"https:\/\/www.drzwi-cal.pl\/en\/wp-json\/wp\/v2\/users\/23"}],"replies":[{"embeddable":true,"href":"https:\/\/www.drzwi-cal.pl\/en\/wp-json\/wp\/v2\/comments?post=10164"}],"version-history":[{"count":3,"href":"https:\/\/www.drzwi-cal.pl\/en\/wp-json\/wp\/v2\/pages\/10164\/revisions"}],"predecessor-version":[{"id":23653,"href":"https:\/\/www.drzwi-cal.pl\/en\/wp-json\/wp\/v2\/pages\/10164\/revisions\/23653"}],"wp:featuredmedia":[{"embeddable":true,"href":"https:\/\/www.drzwi-cal.pl\/en\/wp-json\/wp\/v2\/media\/17360"}],"wp:attachment":[{"href":"https:\/\/www.drzwi-cal.pl\/en\/wp-json\/wp\/v2\/media?parent=10164"}],"curies":[{"name":"wp","href":"https:\/\/api.w.org\/{rel}","templated":true}]}}