{"id":10270,"date":"2021-02-21T15:27:33","date_gmt":"2021-02-21T14:27:33","guid":{"rendered":"https:\/\/www.drzwi-cal.pl\/?page_id=10270"},"modified":"2024-07-19T10:43:33","modified_gmt":"2024-07-19T08:43:33","slug":"pielegnacja-drzwi","status":"publish","type":"page","link":"https:\/\/www.drzwi-cal.pl\/en\/pielegnacja-drzwi\/","title":{"rendered":"Piel\u0119gnacja i regeneracja drzwi drewnianych"},"content":{"rendered":"<p>Je\u015bli chcesz, aby Twoje drzwi prezentowa\u0142y si\u0119 \u015bwietnie niezale\u017cnie od up\u0142ywu lat, musisz o nie w\u0142a\u015bciwie dba\u0107. Regularne czyszczenie i piel\u0119gnacja przy pomocy odpowiednich preparat\u00f3w to gwarancja na zachowanie naturalnego pi\u0119kna naszych drzwi. Zobacz jakie to proste!<\/p>\n<p>Drzwi to jeden z najmocniej eksploatowanych element\u00f3w wyposa\u017cenia domu. S\u0105 u\u017cywane codziennie i to wielokrotnie. Na domiar z\u0142ego ich powierzchnia nieustannie nara\u017cona jest na dzia\u0142anie czynnik\u00f3w pogodowych i uszkodzenia mechaniczne. Z tego powodu zachowanie ich w dobrym stanie w du\u017cym stopniu zale\u017cy od podj\u0119tych dzia\u0142a\u0144 konserwacyjnych. Jak powinna wygl\u0105da\u0107 piel\u0119gnacja drzwi? Podpowiemy Ci, jak skutecznie o nie zadba\u0107.<\/p>\n<p>&nbsp;<\/p>\n<h2><strong>Piel\u0119gnacja drzwi w stylu CAL<\/strong><\/h2>\n<p>Kupuj\u0105c drzwi drewniane marki CAL, dostajesz naturalny produkt zabezpieczony wysokiej jako\u015bci systemem pow\u0142ok ochronnych. Zapewniaj\u0105 one skuteczn\u0105 ochron\u0119 przed dzia\u0142aniem czynnik\u00f3w pogodowych takich jak: s\u0142o\u0144ce, wilgo\u0107, zmiany temperatur, a tak\u017ce zapobiegaj\u0105 pr\u00f3chnieniu drewna i niszczeniu przez owady.<\/p>\n<p>Lakiery i farby stosowane przez nasz\u0105 firm\u0119 zapewniaj\u0105 paroprzepuszczalno\u015b\u0107, co umo\u017cliwia oddychanie drewna, ochron\u0119 przed promieniami UV, tak\u017ce wysok\u0105 elastyczno\u015b\u0107 pow\u0142oki. Dzi\u0119ki temu jest ona odporna na p\u0119cznienie i kurczenie si\u0119 drewna pod wp\u0142ywem zmiennych warunk\u00f3w pogodowych.<\/p>\n<p>&nbsp;<\/p>\n<h2><strong>Codzienna piel\u0119gnacja drzwi drewnianych<\/strong><\/h2>\n<p>Na czym polega codzienna piel\u0119gnacja drzwi drewnianych? Mi\u0119dzy innymi na czyszczeniu ich powierzchni z powstaj\u0105cych w trakcie standardowego u\u017cytkowania zabrudze\u0144.<\/p>\n<p>Aby usun\u0105\u0107 kurz i osady mo\u017cemy u\u017cy\u0107 zwil\u017conej wod\u0105 mi\u0119kkiej, najlepiej bawe\u0142nianej \u015bciereczki (nie mikrofibry!), a nast\u0119pnie u\u017cy\u0107 odpowiedniego \u015brodka piel\u0119gnacyjnego w zale\u017cno\u015bci od rodzaju zastosowanego wyko\u0144czenia. Do drzwi CAL pomalowanych wodorozcie\u0144czalnymi lakierami lazurowymi i kryj\u0105cymi zlecamy dost\u0119pny w naszej ofercie \u015brodek Ottimo Door Kit Care, ewentualnie dobre, dost\u0119pne \u015brodki do piek\u0119gnacji drewna, najlepiej z naturalnymi woskami. Natomiast do pow\u0142ok olejowanych Spray do codziennej piel\u0119gnacji OSMO. Zapraszamy do lektury <strong><a href=\"https:\/\/www.drzwi-cal.pl\/wp-content\/uploads\/2019\/10\/Instrukcja-u%C5%BCytkowania-i-piel%C4%99gnacji-powlok-lakierniczych-19-10-25.pdf\">instrukcji piel\u0119gnacji<\/a><\/strong>.<\/p>\n<p>&nbsp;<\/p>\n<p><img decoding=\"async\" class=\"wp-image-10507 size-medium alignnone aligncenter\" src=\"https:\/\/www.drzwi-cal.pl\/wp-content\/uploads\/2021\/03\/8026-153x300.jpg\" alt=\"osmo p\u0142yn do czyszczenia w sprayu\" width=\"153\" height=\"300\" srcset=\"https:\/\/www.drzwi-cal.pl\/wp-content\/uploads\/2021\/03\/8026-153x300.jpg 153w, https:\/\/www.drzwi-cal.pl\/wp-content\/uploads\/2021\/03\/8026-77x150.jpg 77w, https:\/\/www.drzwi-cal.pl\/wp-content\/uploads\/2021\/03\/8026-204x399.jpg 204w, https:\/\/www.drzwi-cal.pl\/wp-content\/uploads\/2021\/03\/8026-25x49.jpg 25w, https:\/\/www.drzwi-cal.pl\/wp-content\/uploads\/2021\/03\/8026.jpg 511w\" sizes=\"(max-width: 153px) 100vw, 153px\" \/><\/p>\n<p>&nbsp;<\/p>\n<p>W ofercie Drzwi CAL znajdziecie r\u00f3wnie\u017c drzwi z ok\u0142adzin\u0105 z \u0142upka kwarcytowego. Do jego piel\u0119gnacji przeznaczony jest oddzielny impregnat marki TENAX \u2013 Hydrex wather and oil \u2013 proof. Impregnowany materia\u0142 (\u0142upek) musi by\u0107 suchy, czysty i odt\u0142uszczony. Ewentualna obecno\u015b\u0107 wody lub kurzu mo\u017ce da\u0107 niejednorodny efekt. Preparat nanie\u015b najlepiej na kamie\u0144 p\u0119dzlem, a nadmiar \u015bcieraj bawe\u0142nian\u0105 szmatk\u0105. Dla uzyskania dobrego efektu czynno\u015b\u0107 mo\u017cesz wykona\u0107 dwa razy w odst\u0119pie oko\u0142o 30 minut.<\/p>\n<p>&nbsp;<\/p>\n<p>&nbsp;<\/p>\n<h2><strong>Konserwacja drzwi drewnianych<\/strong><\/h2>\n<p>Konserwacja to proces, kt\u00f3ry obejmuje wi\u0119kszy zakres rob\u00f3t ni\u017c codzienna piel\u0119gnacja. Zaleca si\u0119 j\u0105 przeprowadza\u0107 co najmniej dwa razy do roku: przed sezonem letnim i zimowym. W celu zapewnienia poprawnego funkcjonowania drzwi oraz poprawy ich szczelno\u015bci warto wyregulowa\u0107 ich zawiasy. Instrukcj\u0119 regulacji znajdziesz <strong><a href=\"https:\/\/www.drzwi-cal.pl\/en\/blog\/jak-wyregulowac-zawiasy-drzwi-zewnetrznych\/?gclid=CjwKCAjwyaWZBhBGEiwACslQo1qjICaGespdxVkyw7JbWFloORsWbcQ_5RYtYrMgogc-GR6qKoaL1BoCJFEQAvD_BwE\">tutaj.<\/a><\/strong><\/p>\n<p>Pami\u0119taj r\u00f3wnie\u017c u zaprawieniu drobnych ubytk\u00f3w pow\u0142oki lakierniczej, aby zapewni\u0107 pe\u0142n\u0105 ochron\u0119 drzwi przed czynnikami atmosferycznymi oraz ich nienaganny wygl\u0105d. W CAL kupisz zar\u00f3wno zestaw do zaprawiania pow\u0142ok olejowych, jak i lakierowanych.<\/p>\n<p>&nbsp;<\/p>\n<p><img fetchpriority=\"high\" decoding=\"async\" class=\"aligncenter wp-image-10505 size-medium\" src=\"https:\/\/www.drzwi-cal.pl\/wp-content\/uploads\/2021\/03\/Lazura-25-PL-289x300.jpg\" alt=\"osmo lazura olejna do ochrony drewna\" width=\"289\" height=\"300\" srcset=\"https:\/\/www.drzwi-cal.pl\/wp-content\/uploads\/2021\/03\/Lazura-25-PL-289x300.jpg 289w, https:\/\/www.drzwi-cal.pl\/wp-content\/uploads\/2021\/03\/Lazura-25-PL-988x1024.jpg 988w, https:\/\/www.drzwi-cal.pl\/wp-content\/uploads\/2021\/03\/Lazura-25-PL-145x150.jpg 145w, https:\/\/www.drzwi-cal.pl\/wp-content\/uploads\/2021\/03\/Lazura-25-PL-768x796.jpg 768w, https:\/\/www.drzwi-cal.pl\/wp-content\/uploads\/2021\/03\/Lazura-25-PL-1482x1536.jpg 1482w, https:\/\/www.drzwi-cal.pl\/wp-content\/uploads\/2021\/03\/Lazura-25-PL-1976x2048.jpg 1976w, https:\/\/www.drzwi-cal.pl\/wp-content\/uploads\/2021\/03\/Lazura-25-PL-1920x1990.jpg 1920w, https:\/\/www.drzwi-cal.pl\/wp-content\/uploads\/2021\/03\/Lazura-25-PL-960x995.jpg 960w, https:\/\/www.drzwi-cal.pl\/wp-content\/uploads\/2021\/03\/Lazura-25-PL-640x663.jpg 640w, https:\/\/www.drzwi-cal.pl\/wp-content\/uploads\/2021\/03\/Lazura-25-PL-204x211.jpg 204w, https:\/\/www.drzwi-cal.pl\/wp-content\/uploads\/2021\/03\/Lazura-25-PL-25x26.jpg 25w\" sizes=\"(max-width: 289px) 100vw, 289px\" \/><\/p>\n<p>&nbsp;<\/p>\n<h2><strong>Renowacja pow\u0142oki drzwi drewnianych<\/strong><\/h2>\n<p>Renowacja pow\u0142oki to jej kompletne odnowienie po latach u\u017cytkowania. W przypadku drzwi olejowanych zaleca si\u0119 jej przeprowadzanie co 2 lata. Jest to prosta czynno\u015b\u0107 polegaj\u0105ca na wtarciu w powierzchni\u0119 drewna Lazury Olejnej do Ochrony Drewna OSMO przy pomocy p\u0119dzla lub wa\u0142ka z mikrofazy (po uprzednim oczyszczeniu powierzchni \u2013 patrz codzienna piel\u0119gnacja wy\u017cej). Preparat nak\u0142adamy dwukrotnie w odst\u0119pie 4-6 godzin.<\/p>\n<p>Wyko\u0144czenia lakierowane s\u0105 do renowacji o wiele trudniejsze i wymagaj\u0105 posiadania nie tylko specjalistycznej wiedzy, ale tak\u017ce sprz\u0119tu. Drzwi CAL malowane s\u0105 w systemie czteropow\u0142okowym. Pomini\u0119cie kt\u00f3rejkolwiek warstwy lub nieumiej\u0119tne jej po\u0142o\u017cenie mo\u017ce skutkowa\u0107 zniszczeniem drzwi w wyniku niedostatecznej ochrony przed dzia\u0142aniem warunk\u00f3w atmosferycznych, a nier\u00f3wnomierne roz\u0142o\u017cenie niezadowalaj\u0105cym efektem estetycznym. Chc\u0105c przeprowadzi\u0107 kompletn\u0105 regeneracj\u0119 lakierowanych drzwi CAL skorzystaj z us\u0142ug naszej Kliniki Drzwi i ciesz si\u0119 pi\u0119knymi drewnianymi drzwiami kolejne d\u0142ugie lata. Wi\u0119cej o klinice drzwi przeczytasz<strong> <a href=\"https:\/\/www.drzwi-cal.pl\/en\/odnawianie-drzwi\/\">tutaj.<\/a><\/strong><\/p>\n<p>&nbsp;<\/p>\n<h2><strong>Jak chroni\u0107 drzwi w czasie remontu?<\/strong><\/h2>\n<p>Czasem niepotrzebna jest piel\u0119gnacja, a po prostu skuteczne dzia\u0142anie zapobiegaj\u0105ce zniszczeniu. Dlatego te\u017c podczas prac wyko\u0144czeniowych, remontowych czy renowacyjnych domu nale\u017cy pami\u0119ta\u0107 o wcze\u015bniejszym zabezpieczeniu drzwi przed zabrudzeniem.<\/p>\n<p>Najbezpieczniejszym sposobem jest dost\u0119pna w handlu folia z suwakiem, kt\u00f3r\u0105 montuje si\u0119 w otworze, w kt\u00f3rym osadzone s\u0105 drzwi.<\/p>\n<p>Przy zabezpieczaniu drzwi ta\u015bmami klej\u0105cymi i foliami nale\u017cy pami\u0119ta\u0107, \u017ceby ta\u015bmy by\u0142y odpowiednie do lakier\u00f3w akrylowych i nie pozostawia\u0142y \u015blad\u00f3w na pow\u0142oce lakierniczej. Przy tym sposobie zabezpieczania drzwi drewnianych nale\u017cy codziennie po zako\u0144czeniu prac zdejmowa\u0107 foli\u0119 i ta\u015bmy klejowe, aby ta\u015bma nie zwulkanizowa\u0142a si\u0119 z pow\u0142ok\u0105 lakiernicz\u0105.<\/p>\n<p>Podczas przenoszenia skrzyd\u0142a drzwiowego do osadzenia w o\u015bcie\u017cnicy nale\u017cy pami\u0119ta\u0107, o tym, \u017ceby nie przesuwa\u0107 go po pod\u0142odze, posadzce w mieszkaniu czy na tarasie. Przesuwanie skrzyd\u0142a powoduje zerwanie pow\u0142oki lakierniczej w dolnej przyldze skrzyd\u0142a i utrat\u0119 zabezpieczenia przeciw wilgoci. W p\u00f3\u017aniejszym u\u017cytkowaniu mo\u017ce to spowodowa\u0107 sinienie okleiny w dolnej cz\u0119\u015bci skrzyd\u0142a.<\/p>\n<p>Twoje drzwi mog\u0105 latami wygl\u0105da\u0107 doskonale. Po co je wymienia\u0107, skoro mo\u017cna po prostu o nie zadba\u0107? Wystarczy tylko, \u017ce kilka razy do roku zastosujesz jedno z wymienionych dzia\u0142a\u0144 piel\u0119gnacyjnych.<\/p>\n<p>&nbsp;<\/p>\n<p><img decoding=\"async\" class=\"wp-image-10503 aligncenter\" src=\"https:\/\/www.drzwi-cal.pl\/wp-content\/uploads\/2021\/03\/OttimoDoorCare-c-1.jpg\" alt=\"ottimo door care\" width=\"590\" height=\"442\" srcset=\"https:\/\/www.drzwi-cal.pl\/wp-content\/uploads\/2021\/03\/OttimoDoorCare-c-1.jpg 1000w, https:\/\/www.drzwi-cal.pl\/wp-content\/uploads\/2021\/03\/OttimoDoorCare-c-1-300x225.jpg 300w, https:\/\/www.drzwi-cal.pl\/wp-content\/uploads\/2021\/03\/OttimoDoorCare-c-1-150x112.jpg 150w, https:\/\/www.drzwi-cal.pl\/wp-content\/uploads\/2021\/03\/OttimoDoorCare-c-1-768x575.jpg 768w, https:\/\/www.drzwi-cal.pl\/wp-content\/uploads\/2021\/03\/OttimoDoorCare-c-1-960x719.jpg 960w, https:\/\/www.drzwi-cal.pl\/wp-content\/uploads\/2021\/03\/OttimoDoorCare-c-1-640x479.jpg 640w, https:\/\/www.drzwi-cal.pl\/wp-content\/uploads\/2021\/03\/OttimoDoorCare-c-1-204x153.jpg 204w, https:\/\/www.drzwi-cal.pl\/wp-content\/uploads\/2021\/03\/OttimoDoorCare-c-1-25x19.jpg 25w\" sizes=\"(max-width: 590px) 100vw, 590px\" \/><\/p>\n<p>&nbsp;<\/p>\n<p>Jeste\u015b zainteresowany zakupem? <strong><a href=\"https:\/\/www.drzwi-cal.pl\/kontakt-2\/\">Skontaktuj sie z nami<\/a><\/strong>!<\/p>\n<p>&nbsp;<\/p>\n<p><a href=\"\/\/www.pinterest.com\/pin\/create\/button\/\" data-pin-do=\"buttonBookmark\" data-pin-color=\"red\" data-pin-height=\"128\"><img decoding=\"async\" src=\"\/\/assets.pinterest.com\/images\/pidgets\/pinit_fg_en_rect_red_28.png\" \/><\/a><\/p>","protected":false},"excerpt":{"rendered":"<p>Je\u015bli chcesz, aby Twoje drzwi prezentowa\u0142y si\u0119 \u015bwietnie niezale\u017cnie od up\u0142ywu lat, musisz o nie w\u0142a\u015bciwie dba\u0107. Regularne czyszczenie i piel\u0119gnacja przy pomocy odpowiednich preparat\u00f3w to gwarancja na zachowanie naturalnego&#8230;<\/p>\n","protected":false},"author":5,"featured_media":10512,"parent":0,"menu_order":0,"comment_status":"closed","ping_status":"closed","template":"","meta":{"footnotes":""},"class_list":["post-10270","page","type-page","status-publish","has-post-thumbnail","hentry"],"acf":[],"yoast_head":"<!-- This site is optimized with the Yoast SEO plugin v26.5 - https:\/\/yoast.com\/wordpress\/plugins\/seo\/ -->\n<title>Regeneracja i pielegnacja drzwi zewn\u0119trznych! - Drzwi-Cal<\/title>\n<meta name=\"description\" content=\"Zastanawiasz si\u0119 jak utrzyma\u0107 swoje drzwi drewniane w idealnym stanie na d\u0142ugie lata? Sprawd\u017a jak \u0142atwa jest piel\u0119gnacja drzwi\" \/>\n<meta name=\"robots\" content=\"index, follow, max-snippet:-1, max-image-preview:large, max-video-preview:-1\" \/>\n<link rel=\"canonical\" href=\"https:\/\/www.drzwi-cal.pl\/en\/pielegnacja-drzwi\/\" \/>\n<meta property=\"og:locale\" content=\"en_US\" \/>\n<meta property=\"og:type\" content=\"article\" \/>\n<meta property=\"og:title\" content=\"Piel\u0119gnacja i regeneracja\" \/>\n<meta property=\"og:description\" content=\"Kupuj\u0105c drzwi drewniane marki CAL zyskuj\u0105 Pa\u0144stwo naturalny produkt zabezpieczony wysokiej jako\u015bci systemem pow\u0142ok ochronnych zapewniaj\u0105cych skuteczn\u0105 ochron\u0119 przed dzia\u0142aniem czynnik\u00f3w pogodowych takich jak: s\u0142o\u0144ce, wilgo\u0107, zmiany temperatur, zapobieganie pr\u00f3chnieniu drewna i niszczeniu przez owady.\" \/>\n<meta property=\"og:url\" content=\"https:\/\/www.drzwi-cal.pl\/en\/pielegnacja-drzwi\/\" \/>\n<meta property=\"og:site_name\" content=\"Drzwi zewn\u0119trzne i wewn\u0119trzne premium\" \/>\n<meta property=\"article:publisher\" content=\"https:\/\/www.facebook.com\/drzwical\/\" \/>\n<meta property=\"article:modified_time\" content=\"2024-07-19T08:43:33+00:00\" \/>\n<meta property=\"og:image\" content=\"https:\/\/www.drzwi-cal.pl\/wp-content\/uploads\/2021\/03\/hands-holding-cleaning-spray-cloth-2.jpg\" \/>\n\t<meta property=\"og:image:width\" content=\"1499\" \/>\n\t<meta property=\"og:image:height\" content=\"1000\" \/>\n\t<meta property=\"og:image:type\" content=\"image\/jpeg\" \/>\n<meta name=\"twitter:card\" content=\"summary_large_image\" \/>\n<meta name=\"twitter:label1\" content=\"Est. reading time\" \/>\n\t<meta name=\"twitter:data1\" content=\"6 minutes\" \/>\n<script type=\"application\/ld+json\" class=\"yoast-schema-graph\">{\"@context\":\"https:\/\/schema.org\",\"@graph\":[{\"@type\":\"WebPage\",\"@id\":\"https:\/\/www.drzwi-cal.pl\/en\/pielegnacja-drzwi\/\",\"url\":\"https:\/\/www.drzwi-cal.pl\/en\/pielegnacja-drzwi\/\",\"name\":\"Regeneracja i pielegnacja drzwi zewn\u0119trznych! - Drzwi-Cal\",\"isPartOf\":{\"@id\":\"https:\/\/www.drzwi-cal.pl\/en\/#website\"},\"primaryImageOfPage\":{\"@id\":\"https:\/\/www.drzwi-cal.pl\/en\/pielegnacja-drzwi\/#primaryimage\"},\"image\":{\"@id\":\"https:\/\/www.drzwi-cal.pl\/en\/pielegnacja-drzwi\/#primaryimage\"},\"thumbnailUrl\":\"https:\/\/www.drzwi-cal.pl\/wp-content\/uploads\/2021\/03\/hands-holding-cleaning-spray-cloth-3.jpg\",\"datePublished\":\"2021-02-21T14:27:33+00:00\",\"dateModified\":\"2024-07-19T08:43:33+00:00\",\"description\":\"Zastanawiasz si\u0119 jak utrzyma\u0107 swoje drzwi drewniane w idealnym stanie na d\u0142ugie lata? Sprawd\u017a jak \u0142atwa jest piel\u0119gnacja drzwi\",\"breadcrumb\":{\"@id\":\"https:\/\/www.drzwi-cal.pl\/en\/pielegnacja-drzwi\/#breadcrumb\"},\"inLanguage\":\"en-US\",\"potentialAction\":[{\"@type\":\"ReadAction\",\"target\":[\"https:\/\/www.drzwi-cal.pl\/en\/pielegnacja-drzwi\/\"]}]},{\"@type\":\"ImageObject\",\"inLanguage\":\"en-US\",\"@id\":\"https:\/\/www.drzwi-cal.pl\/en\/pielegnacja-drzwi\/#primaryimage\",\"url\":\"https:\/\/www.drzwi-cal.pl\/wp-content\/uploads\/2021\/03\/hands-holding-cleaning-spray-cloth-3.jpg\",\"contentUrl\":\"https:\/\/www.drzwi-cal.pl\/wp-content\/uploads\/2021\/03\/hands-holding-cleaning-spray-cloth-3.jpg\",\"width\":1499,\"height\":494,\"caption\":\"Covid-19 Coronavirus disinfection of home with alcohol cleansing spray, Stop the spread of coronavirus\"},{\"@type\":\"BreadcrumbList\",\"@id\":\"https:\/\/www.drzwi-cal.pl\/en\/pielegnacja-drzwi\/#breadcrumb\",\"itemListElement\":[{\"@type\":\"ListItem\",\"position\":1,\"name\":\"CAL prawdziwe drzwi\",\"item\":\"https:\/\/www.drzwi-cal.pl\/en\/\"},{\"@type\":\"ListItem\",\"position\":2,\"name\":\"Piel\u0119gnacja i regeneracja drzwi drewnianych\"}]},{\"@type\":\"WebSite\",\"@id\":\"https:\/\/www.drzwi-cal.pl\/en\/#website\",\"url\":\"https:\/\/www.drzwi-cal.pl\/en\/\",\"name\":\"Drzwi zewn\u0119trzne i wewn\u0119trzne premium\",\"description\":\"Wybierz tylko kolor i model swoich drzwi zewn\u0119trznych CAL, bo ciep\u0142o i bezpiecze\u0144stwo masz zawsze w cenie! Dobierz pasuj\u0105ce drewniane drzwi wewn\u0119trzne CAL.\",\"publisher\":{\"@id\":\"https:\/\/www.drzwi-cal.pl\/en\/#organization\"},\"potentialAction\":[{\"@type\":\"SearchAction\",\"target\":{\"@type\":\"EntryPoint\",\"urlTemplate\":\"https:\/\/www.drzwi-cal.pl\/en\/?s={search_term_string}\"},\"query-input\":{\"@type\":\"PropertyValueSpecification\",\"valueRequired\":true,\"valueName\":\"search_term_string\"}}],\"inLanguage\":\"en-US\"},{\"@type\":\"Organization\",\"@id\":\"https:\/\/www.drzwi-cal.pl\/en\/#organization\",\"name\":\"Drzwi CAL\",\"alternateName\":\"Prawdziwe drzwi CAL\",\"url\":\"https:\/\/www.drzwi-cal.pl\/en\/\",\"logo\":{\"@type\":\"ImageObject\",\"inLanguage\":\"en-US\",\"@id\":\"https:\/\/www.drzwi-cal.pl\/en\/#\/schema\/logo\/image\/\",\"url\":\"https:\/\/www.drzwi-cal.pl\/wp-content\/uploads\/2018\/08\/CAL.jpg\",\"contentUrl\":\"https:\/\/www.drzwi-cal.pl\/wp-content\/uploads\/2018\/08\/CAL.jpg\",\"width\":1667,\"height\":750,\"caption\":\"Drzwi CAL\"},\"image\":{\"@id\":\"https:\/\/www.drzwi-cal.pl\/en\/#\/schema\/logo\/image\/\"},\"sameAs\":[\"https:\/\/www.facebook.com\/drzwical\/\",\"https:\/\/www.instagram.com\/drzwical\/\",\"https:\/\/www.linkedin.com\/company\/drzwi-cal\",\"https:\/\/www.youtube.com\/user\/drzwical\/\"]}]}<\/script>\n<!-- \/ Yoast SEO plugin. -->","yoast_head_json":{"title":"Regeneracja i pielegnacja drzwi zewn\u0119trznych! - Drzwi-Cal","description":"Zastanawiasz si\u0119 jak utrzyma\u0107 swoje drzwi drewniane w idealnym stanie na d\u0142ugie lata? Sprawd\u017a jak \u0142atwa jest piel\u0119gnacja drzwi","robots":{"index":"index","follow":"follow","max-snippet":"max-snippet:-1","max-image-preview":"max-image-preview:large","max-video-preview":"max-video-preview:-1"},"canonical":"https:\/\/www.drzwi-cal.pl\/en\/pielegnacja-drzwi\/","og_locale":"en_US","og_type":"article","og_title":"Piel\u0119gnacja i regeneracja","og_description":"Kupuj\u0105c drzwi drewniane marki CAL zyskuj\u0105 Pa\u0144stwo naturalny produkt zabezpieczony wysokiej jako\u015bci systemem pow\u0142ok ochronnych zapewniaj\u0105cych skuteczn\u0105 ochron\u0119 przed dzia\u0142aniem czynnik\u00f3w pogodowych takich jak: s\u0142o\u0144ce, wilgo\u0107, zmiany temperatur, zapobieganie pr\u00f3chnieniu drewna i niszczeniu przez owady.","og_url":"https:\/\/www.drzwi-cal.pl\/en\/pielegnacja-drzwi\/","og_site_name":"Drzwi zewn\u0119trzne i wewn\u0119trzne premium","article_publisher":"https:\/\/www.facebook.com\/drzwical\/","article_modified_time":"2024-07-19T08:43:33+00:00","og_image":[{"width":1499,"height":1000,"url":"https:\/\/www.drzwi-cal.pl\/wp-content\/uploads\/2021\/03\/hands-holding-cleaning-spray-cloth-2.jpg","type":"image\/jpeg"}],"twitter_card":"summary_large_image","twitter_misc":{"Est. reading time":"6 minutes"},"schema":{"@context":"https:\/\/schema.org","@graph":[{"@type":"WebPage","@id":"https:\/\/www.drzwi-cal.pl\/en\/pielegnacja-drzwi\/","url":"https:\/\/www.drzwi-cal.pl\/en\/pielegnacja-drzwi\/","name":"Regeneracja i pielegnacja drzwi zewn\u0119trznych! - Drzwi-Cal","isPartOf":{"@id":"https:\/\/www.drzwi-cal.pl\/en\/#website"},"primaryImageOfPage":{"@id":"https:\/\/www.drzwi-cal.pl\/en\/pielegnacja-drzwi\/#primaryimage"},"image":{"@id":"https:\/\/www.drzwi-cal.pl\/en\/pielegnacja-drzwi\/#primaryimage"},"thumbnailUrl":"https:\/\/www.drzwi-cal.pl\/wp-content\/uploads\/2021\/03\/hands-holding-cleaning-spray-cloth-3.jpg","datePublished":"2021-02-21T14:27:33+00:00","dateModified":"2024-07-19T08:43:33+00:00","description":"Zastanawiasz si\u0119 jak utrzyma\u0107 swoje drzwi drewniane w idealnym stanie na d\u0142ugie lata? Sprawd\u017a jak \u0142atwa jest piel\u0119gnacja drzwi","breadcrumb":{"@id":"https:\/\/www.drzwi-cal.pl\/en\/pielegnacja-drzwi\/#breadcrumb"},"inLanguage":"en-US","potentialAction":[{"@type":"ReadAction","target":["https:\/\/www.drzwi-cal.pl\/en\/pielegnacja-drzwi\/"]}]},{"@type":"ImageObject","inLanguage":"en-US","@id":"https:\/\/www.drzwi-cal.pl\/en\/pielegnacja-drzwi\/#primaryimage","url":"https:\/\/www.drzwi-cal.pl\/wp-content\/uploads\/2021\/03\/hands-holding-cleaning-spray-cloth-3.jpg","contentUrl":"https:\/\/www.drzwi-cal.pl\/wp-content\/uploads\/2021\/03\/hands-holding-cleaning-spray-cloth-3.jpg","width":1499,"height":494,"caption":"Covid-19 Coronavirus disinfection of home with alcohol cleansing spray, Stop the spread of coronavirus"},{"@type":"BreadcrumbList","@id":"https:\/\/www.drzwi-cal.pl\/en\/pielegnacja-drzwi\/#breadcrumb","itemListElement":[{"@type":"ListItem","position":1,"name":"CAL prawdziwe drzwi","item":"https:\/\/www.drzwi-cal.pl\/en\/"},{"@type":"ListItem","position":2,"name":"Piel\u0119gnacja i regeneracja drzwi drewnianych"}]},{"@type":"WebSite","@id":"https:\/\/www.drzwi-cal.pl\/en\/#website","url":"https:\/\/www.drzwi-cal.pl\/en\/","name":"Drzwi zewn\u0119trzne i wewn\u0119trzne premium","description":"Wybierz tylko kolor i model swoich drzwi zewn\u0119trznych CAL, bo ciep\u0142o i bezpiecze\u0144stwo masz zawsze w cenie! Dobierz pasuj\u0105ce drewniane drzwi wewn\u0119trzne CAL.","publisher":{"@id":"https:\/\/www.drzwi-cal.pl\/en\/#organization"},"potentialAction":[{"@type":"SearchAction","target":{"@type":"EntryPoint","urlTemplate":"https:\/\/www.drzwi-cal.pl\/en\/?s={search_term_string}"},"query-input":{"@type":"PropertyValueSpecification","valueRequired":true,"valueName":"search_term_string"}}],"inLanguage":"en-US"},{"@type":"Organization","@id":"https:\/\/www.drzwi-cal.pl\/en\/#organization","name":"Drzwi CAL","alternateName":"Prawdziwe drzwi CAL","url":"https:\/\/www.drzwi-cal.pl\/en\/","logo":{"@type":"ImageObject","inLanguage":"en-US","@id":"https:\/\/www.drzwi-cal.pl\/en\/#\/schema\/logo\/image\/","url":"https:\/\/www.drzwi-cal.pl\/wp-content\/uploads\/2018\/08\/CAL.jpg","contentUrl":"https:\/\/www.drzwi-cal.pl\/wp-content\/uploads\/2018\/08\/CAL.jpg","width":1667,"height":750,"caption":"Drzwi CAL"},"image":{"@id":"https:\/\/www.drzwi-cal.pl\/en\/#\/schema\/logo\/image\/"},"sameAs":["https:\/\/www.facebook.com\/drzwical\/","https:\/\/www.instagram.com\/drzwical\/","https:\/\/www.linkedin.com\/company\/drzwi-cal","https:\/\/www.youtube.com\/user\/drzwical\/"]}]}},"_links":{"self":[{"href":"https:\/\/www.drzwi-cal.pl\/en\/wp-json\/wp\/v2\/pages\/10270","targetHints":{"allow":["GET"]}}],"collection":[{"href":"https:\/\/www.drzwi-cal.pl\/en\/wp-json\/wp\/v2\/pages"}],"about":[{"href":"https:\/\/www.drzwi-cal.pl\/en\/wp-json\/wp\/v2\/types\/page"}],"author":[{"embeddable":true,"href":"https:\/\/www.drzwi-cal.pl\/en\/wp-json\/wp\/v2\/users\/5"}],"replies":[{"embeddable":true,"href":"https:\/\/www.drzwi-cal.pl\/en\/wp-json\/wp\/v2\/comments?post=10270"}],"version-history":[{"count":8,"href":"https:\/\/www.drzwi-cal.pl\/en\/wp-json\/wp\/v2\/pages\/10270\/revisions"}],"predecessor-version":[{"id":20041,"href":"https:\/\/www.drzwi-cal.pl\/en\/wp-json\/wp\/v2\/pages\/10270\/revisions\/20041"}],"wp:featuredmedia":[{"embeddable":true,"href":"https:\/\/www.drzwi-cal.pl\/en\/wp-json\/wp\/v2\/media\/10512"}],"wp:attachment":[{"href":"https:\/\/www.drzwi-cal.pl\/en\/wp-json\/wp\/v2\/media?parent=10270"}],"curies":[{"name":"wp","href":"https:\/\/api.w.org\/{rel}","templated":true}]}}