{"id":1719,"date":"2017-10-19T08:55:15","date_gmt":"2017-10-19T06:55:15","guid":{"rendered":"http:\/\/drzwi-cal.localhost\/?page_id=1719"},"modified":"2021-07-27T13:46:11","modified_gmt":"2021-07-27T11:46:11","slug":"zaprojektuj-drzwi-wewnetrzne","status":"publish","type":"page","link":"https:\/\/www.drzwi-cal.pl\/en\/zaprojektuj-drzwi-wewnetrzne\/","title":{"rendered":"Zaprojektuj drzwi wewn\u0119trzne"},"content":{"rendered":"<p><a href=\"\/\/www.pinterest.com\/pin\/create\/button\/\" data-pin-do=\"buttonBookmark\" data-pin-color=\"red\" data-pin-height=\"128\"><img decoding=\"async\" src=\"\/\/assets.pinterest.com\/images\/pidgets\/pinit_fg_en_rect_red_28.png\" \/><\/a><\/p>","protected":false},"excerpt":{"rendered":"","protected":false},"author":5,"featured_media":0,"parent":0,"menu_order":2,"comment_status":"closed","ping_status":"closed","template":"page-templates\/page-konfigurator.php","meta":{"footnotes":""},"class_list":["post-1719","page","type-page","status-publish","hentry"],"acf":[],"yoast_head":"<!-- This site is optimized with the Yoast SEO plugin v26.5 - https:\/\/yoast.com\/wordpress\/plugins\/seo\/ -->\n<title>Konfigurator drzwi zewn\u0119trznych - zaprojektuj swoje drzwi! - Drzwi-Cal<\/title>\n<meta name=\"description\" content=\"Szukasz drzwi wewnetrznych ale rzane nie odpowiadaj\u0105 twoim wymaganiom? Zaprojektuj w\u0142asne drzwi i ciesz sie swoimi idealnymi drzwiami!\" \/>\n<meta name=\"robots\" content=\"index, follow, max-snippet:-1, max-image-preview:large, max-video-preview:-1\" \/>\n<link rel=\"canonical\" href=\"https:\/\/www.drzwi-cal.pl\/en\/zaprojektuj-drzwi-wewnetrzne\/\" \/>\n<meta property=\"og:locale\" content=\"en_US\" \/>\n<meta property=\"og:type\" content=\"article\" \/>\n<meta property=\"og:title\" content=\"Konfigurator drzwi zewn\u0119trznych - zaprojektuj swoje drzwi! - Drzwi-Cal\" \/>\n<meta property=\"og:description\" content=\"Szukasz drzwi wewnetrznych ale rzane nie odpowiadaj\u0105 twoim wymaganiom? Zaprojektuj w\u0142asne drzwi i ciesz sie swoimi idealnymi drzwiami!\" \/>\n<meta property=\"og:url\" content=\"https:\/\/www.drzwi-cal.pl\/en\/zaprojektuj-drzwi-wewnetrzne\/\" \/>\n<meta property=\"og:site_name\" content=\"Drzwi zewn\u0119trzne i wewn\u0119trzne premium\" \/>\n<meta property=\"article:publisher\" content=\"https:\/\/www.facebook.com\/drzwical\/\" \/>\n<meta property=\"article:modified_time\" content=\"2021-07-27T11:46:11+00:00\" \/>\n<meta property=\"og:image\" content=\"https:\/\/www.drzwi-cal.pl\/wp-content\/uploads\/2022\/01\/Alutherm-scaled.jpg\" \/>\n\t<meta property=\"og:image:width\" content=\"2560\" \/>\n\t<meta property=\"og:image:height\" content=\"1920\" \/>\n\t<meta property=\"og:image:type\" content=\"image\/jpeg\" \/>\n<meta name=\"twitter:card\" content=\"summary_large_image\" \/>\n<script type=\"application\/ld+json\" class=\"yoast-schema-graph\">{\"@context\":\"https:\/\/schema.org\",\"@graph\":[{\"@type\":\"WebPage\",\"@id\":\"https:\/\/www.drzwi-cal.pl\/en\/zaprojektuj-drzwi-wewnetrzne\/\",\"url\":\"https:\/\/www.drzwi-cal.pl\/en\/zaprojektuj-drzwi-wewnetrzne\/\",\"name\":\"Konfigurator drzwi zewn\u0119trznych - zaprojektuj swoje drzwi! - Drzwi-Cal\",\"isPartOf\":{\"@id\":\"https:\/\/www.drzwi-cal.pl\/en\/#website\"},\"datePublished\":\"2017-10-19T06:55:15+00:00\",\"dateModified\":\"2021-07-27T11:46:11+00:00\",\"description\":\"Szukasz drzwi wewnetrznych ale rzane nie odpowiadaj\u0105 twoim wymaganiom? Zaprojektuj w\u0142asne drzwi i ciesz sie swoimi idealnymi drzwiami!\",\"breadcrumb\":{\"@id\":\"https:\/\/www.drzwi-cal.pl\/en\/zaprojektuj-drzwi-wewnetrzne\/#breadcrumb\"},\"inLanguage\":\"en-US\",\"potentialAction\":[{\"@type\":\"ReadAction\",\"target\":[\"https:\/\/www.drzwi-cal.pl\/en\/zaprojektuj-drzwi-wewnetrzne\/\"]}]},{\"@type\":\"BreadcrumbList\",\"@id\":\"https:\/\/www.drzwi-cal.pl\/en\/zaprojektuj-drzwi-wewnetrzne\/#breadcrumb\",\"itemListElement\":[{\"@type\":\"ListItem\",\"position\":1,\"name\":\"CAL prawdziwe drzwi\",\"item\":\"https:\/\/www.drzwi-cal.pl\/en\/\"},{\"@type\":\"ListItem\",\"position\":2,\"name\":\"Zaprojektuj drzwi wewn\u0119trzne\"}]},{\"@type\":\"WebSite\",\"@id\":\"https:\/\/www.drzwi-cal.pl\/en\/#website\",\"url\":\"https:\/\/www.drzwi-cal.pl\/en\/\",\"name\":\"Drzwi zewn\u0119trzne i wewn\u0119trzne premium\",\"description\":\"Wybierz tylko kolor i model swoich drzwi zewn\u0119trznych CAL, bo ciep\u0142o i bezpiecze\u0144stwo masz zawsze w cenie! Dobierz pasuj\u0105ce drewniane drzwi wewn\u0119trzne CAL.\",\"publisher\":{\"@id\":\"https:\/\/www.drzwi-cal.pl\/en\/#organization\"},\"potentialAction\":[{\"@type\":\"SearchAction\",\"target\":{\"@type\":\"EntryPoint\",\"urlTemplate\":\"https:\/\/www.drzwi-cal.pl\/en\/?s={search_term_string}\"},\"query-input\":{\"@type\":\"PropertyValueSpecification\",\"valueRequired\":true,\"valueName\":\"search_term_string\"}}],\"inLanguage\":\"en-US\"},{\"@type\":\"Organization\",\"@id\":\"https:\/\/www.drzwi-cal.pl\/en\/#organization\",\"name\":\"Drzwi CAL\",\"alternateName\":\"Prawdziwe drzwi CAL\",\"url\":\"https:\/\/www.drzwi-cal.pl\/en\/\",\"logo\":{\"@type\":\"ImageObject\",\"inLanguage\":\"en-US\",\"@id\":\"https:\/\/www.drzwi-cal.pl\/en\/#\/schema\/logo\/image\/\",\"url\":\"https:\/\/www.drzwi-cal.pl\/wp-content\/uploads\/2018\/08\/CAL.jpg\",\"contentUrl\":\"https:\/\/www.drzwi-cal.pl\/wp-content\/uploads\/2018\/08\/CAL.jpg\",\"width\":1667,\"height\":750,\"caption\":\"Drzwi CAL\"},\"image\":{\"@id\":\"https:\/\/www.drzwi-cal.pl\/en\/#\/schema\/logo\/image\/\"},\"sameAs\":[\"https:\/\/www.facebook.com\/drzwical\/\",\"https:\/\/www.instagram.com\/drzwical\/\",\"https:\/\/www.linkedin.com\/company\/drzwi-cal\",\"https:\/\/www.youtube.com\/user\/drzwical\/\"]}]}<\/script>\n<!-- \/ Yoast SEO plugin. -->","yoast_head_json":{"title":"Konfigurator drzwi zewn\u0119trznych - zaprojektuj swoje drzwi! - Drzwi-Cal","description":"Szukasz drzwi wewnetrznych ale rzane nie odpowiadaj\u0105 twoim wymaganiom? Zaprojektuj w\u0142asne drzwi i ciesz sie swoimi idealnymi drzwiami!","robots":{"index":"index","follow":"follow","max-snippet":"max-snippet:-1","max-image-preview":"max-image-preview:large","max-video-preview":"max-video-preview:-1"},"canonical":"https:\/\/www.drzwi-cal.pl\/en\/zaprojektuj-drzwi-wewnetrzne\/","og_locale":"en_US","og_type":"article","og_title":"Konfigurator drzwi zewn\u0119trznych - zaprojektuj swoje drzwi! - Drzwi-Cal","og_description":"Szukasz drzwi wewnetrznych ale rzane nie odpowiadaj\u0105 twoim wymaganiom? Zaprojektuj w\u0142asne drzwi i ciesz sie swoimi idealnymi drzwiami!","og_url":"https:\/\/www.drzwi-cal.pl\/en\/zaprojektuj-drzwi-wewnetrzne\/","og_site_name":"Drzwi zewn\u0119trzne i wewn\u0119trzne premium","article_publisher":"https:\/\/www.facebook.com\/drzwical\/","article_modified_time":"2021-07-27T11:46:11+00:00","og_image":[{"width":2560,"height":1920,"url":"https:\/\/www.drzwi-cal.pl\/wp-content\/uploads\/2022\/01\/Alutherm-scaled.jpg","type":"image\/jpeg"}],"twitter_card":"summary_large_image","schema":{"@context":"https:\/\/schema.org","@graph":[{"@type":"WebPage","@id":"https:\/\/www.drzwi-cal.pl\/en\/zaprojektuj-drzwi-wewnetrzne\/","url":"https:\/\/www.drzwi-cal.pl\/en\/zaprojektuj-drzwi-wewnetrzne\/","name":"Konfigurator drzwi zewn\u0119trznych - zaprojektuj swoje drzwi! - Drzwi-Cal","isPartOf":{"@id":"https:\/\/www.drzwi-cal.pl\/en\/#website"},"datePublished":"2017-10-19T06:55:15+00:00","dateModified":"2021-07-27T11:46:11+00:00","description":"Szukasz drzwi wewnetrznych ale rzane nie odpowiadaj\u0105 twoim wymaganiom? Zaprojektuj w\u0142asne drzwi i ciesz sie swoimi idealnymi drzwiami!","breadcrumb":{"@id":"https:\/\/www.drzwi-cal.pl\/en\/zaprojektuj-drzwi-wewnetrzne\/#breadcrumb"},"inLanguage":"en-US","potentialAction":[{"@type":"ReadAction","target":["https:\/\/www.drzwi-cal.pl\/en\/zaprojektuj-drzwi-wewnetrzne\/"]}]},{"@type":"BreadcrumbList","@id":"https:\/\/www.drzwi-cal.pl\/en\/zaprojektuj-drzwi-wewnetrzne\/#breadcrumb","itemListElement":[{"@type":"ListItem","position":1,"name":"CAL prawdziwe drzwi","item":"https:\/\/www.drzwi-cal.pl\/en\/"},{"@type":"ListItem","position":2,"name":"Zaprojektuj drzwi wewn\u0119trzne"}]},{"@type":"WebSite","@id":"https:\/\/www.drzwi-cal.pl\/en\/#website","url":"https:\/\/www.drzwi-cal.pl\/en\/","name":"Drzwi zewn\u0119trzne i wewn\u0119trzne premium","description":"Wybierz tylko kolor i model swoich drzwi zewn\u0119trznych CAL, bo ciep\u0142o i bezpiecze\u0144stwo masz zawsze w cenie! Dobierz pasuj\u0105ce drewniane drzwi wewn\u0119trzne CAL.","publisher":{"@id":"https:\/\/www.drzwi-cal.pl\/en\/#organization"},"potentialAction":[{"@type":"SearchAction","target":{"@type":"EntryPoint","urlTemplate":"https:\/\/www.drzwi-cal.pl\/en\/?s={search_term_string}"},"query-input":{"@type":"PropertyValueSpecification","valueRequired":true,"valueName":"search_term_string"}}],"inLanguage":"en-US"},{"@type":"Organization","@id":"https:\/\/www.drzwi-cal.pl\/en\/#organization","name":"Drzwi CAL","alternateName":"Prawdziwe drzwi CAL","url":"https:\/\/www.drzwi-cal.pl\/en\/","logo":{"@type":"ImageObject","inLanguage":"en-US","@id":"https:\/\/www.drzwi-cal.pl\/en\/#\/schema\/logo\/image\/","url":"https:\/\/www.drzwi-cal.pl\/wp-content\/uploads\/2018\/08\/CAL.jpg","contentUrl":"https:\/\/www.drzwi-cal.pl\/wp-content\/uploads\/2018\/08\/CAL.jpg","width":1667,"height":750,"caption":"Drzwi CAL"},"image":{"@id":"https:\/\/www.drzwi-cal.pl\/en\/#\/schema\/logo\/image\/"},"sameAs":["https:\/\/www.facebook.com\/drzwical\/","https:\/\/www.instagram.com\/drzwical\/","https:\/\/www.linkedin.com\/company\/drzwi-cal","https:\/\/www.youtube.com\/user\/drzwical\/"]}]}},"_links":{"self":[{"href":"https:\/\/www.drzwi-cal.pl\/en\/wp-json\/wp\/v2\/pages\/1719","targetHints":{"allow":["GET"]}}],"collection":[{"href":"https:\/\/www.drzwi-cal.pl\/en\/wp-json\/wp\/v2\/pages"}],"about":[{"href":"https:\/\/www.drzwi-cal.pl\/en\/wp-json\/wp\/v2\/types\/page"}],"author":[{"embeddable":true,"href":"https:\/\/www.drzwi-cal.pl\/en\/wp-json\/wp\/v2\/users\/5"}],"replies":[{"embeddable":true,"href":"https:\/\/www.drzwi-cal.pl\/en\/wp-json\/wp\/v2\/comments?post=1719"}],"version-history":[{"count":0,"href":"https:\/\/www.drzwi-cal.pl\/en\/wp-json\/wp\/v2\/pages\/1719\/revisions"}],"wp:attachment":[{"href":"https:\/\/www.drzwi-cal.pl\/en\/wp-json\/wp\/v2\/media?parent=1719"}],"curies":[{"name":"wp","href":"https:\/\/api.w.org\/{rel}","templated":true}]}}