{"id":22181,"date":"2025-10-21T13:16:36","date_gmt":"2025-10-21T11:16:36","guid":{"rendered":"https:\/\/www.drzwi-cal.pl\/?page_id=22181"},"modified":"2026-04-08T22:17:50","modified_gmt":"2026-04-08T20:17:50","slug":"archical","status":"publish","type":"page","link":"https:\/\/www.drzwi-cal.pl\/en\/archical\/","title":{"rendered":"archiCAL &#8211; platforma wsp\u00f3\u0142pracy dla Architekt\u00f3w"},"content":{"rendered":"<h1 style=\"text-align: left;\" data-start=\"428\" data-end=\"467\">archiCAL \u2013 platforma dla Architekt\u00f3w, kt\u00f3rzy tworz\u0105 z pasj\u0105<\/h1>\n<p><strong>archiCAL<\/strong> to wyj\u0105tkowa <strong>platforma dla Architekt\u00f3w<\/strong> stworzona przez mark\u0119 CAL, kt\u00f3ra od ponad 40 lat tworzy drzwi z dusz\u0105.<\/p>\n<p>To przestrze\u0144 wsp\u00f3\u0142pracy, inspiracji i wymiany do\u015bwiadcze\u0144. Miejsce, w kt\u00f3rym Twoja wizja spotyka si\u0119 z naszym rzemios\u0142em, a technologia wspiera estetyk\u0119.<\/p>\n<p style=\"text-align: left;\" data-start=\"761\" data-end=\"1053\">Wierzymy, \u017ce <strong data-start=\"852\" data-end=\"889\">architektura zaczyna si\u0119 od drzwi:<\/strong>&nbsp;prawdziwych, naturalnych i idealnie dopasowanych do projektu.<br data-start=\"953\" data-end=\"956\">Dlatego archiCAL to co\u015b wi\u0119cej ni\u017c baza plik\u00f3w, to <strong data-start=\"1008\" data-end=\"1038\">narz\u0119dzie dla projektant\u00f3w<\/strong>, kt\u00f3rzy ceni\u0105 swobod\u0119 tworzenia i jako\u015b\u0107 wykonania.<\/p>\n<h2 style=\"text-align: left;\" data-start=\"1060\" data-end=\"1102\">Co oferuje platforma dla architekt\u00f3w archiCAL?<\/h2>\n<p data-start=\"1156\" data-end=\"1262\">Na platformie <strong data-start=\"1170\" data-end=\"1182\">archiCAL<\/strong> znajdziesz wszystko, czego potrzebujesz, by projektowa\u0107 sprawnie i \u015bwiadomie:<\/p>\n<ul data-start=\"1263\" data-end=\"1604\">\n<li data-start=\"1263\" data-end=\"1329\">\n<p data-start=\"1265\" data-end=\"1329\"><strong data-start=\"1268\" data-end=\"1287\">Modele 3D<\/strong>&nbsp;\u2013 gotowe do wykorzystania w projektach,<\/p>\n<\/li>\n<li data-start=\"1330\" data-end=\"1376\">\n<p data-start=\"1332\" data-end=\"1376\"><strong data-start=\"1335\" data-end=\"1373\">Bibliotek\u0119 kolor\u00f3w i faktur drewna<\/strong>,<\/p>\n<\/li>\n<li data-start=\"1429\" data-end=\"1524\">\n<p data-start=\"1431\" data-end=\"1524\"><strong data-start=\"1434\" data-end=\"1458\">Narz\u0119dzie <a href=\"https:\/\/calkulator.drzwi-cal.pl\/v2\">CALkulator<\/a><\/strong> <strong>Pro<\/strong> \u2013 zaprojektuj, skonfiguruj i skonsultuj projekt z technologiem,<\/p>\n<\/li>\n<li data-start=\"1525\" data-end=\"1604\">\n<p data-start=\"1527\" data-end=\"1604\"><strong data-start=\"1530\" data-end=\"1570\">Bezpo\u015bredni kontakt z ekspertami CAL<\/strong> i dost\u0119p do praktycznej wiedzy.<\/p>\n<\/li>\n<\/ul>\n<p data-start=\"1606\" data-end=\"1743\">Ka\u017cdy detal w archiCAL zosta\u0142 opracowany tak, by u\u0142atwi\u0107 Ci codzienn\u0105 prac\u0119 i pom\u00f3c realizowa\u0107 wizje, kt\u00f3re staj\u0105 si\u0119 prawdziwymi domami.<\/p>\n<h3 style=\"text-align: center;\" data-start=\"1713\" data-end=\"1776\"><a class=\"fasc-button fasc-size-large fasc-type-glossy fasc-rounded-medium fasc-ico-before dashicons-welcome-write-blog fasc-style-bold\" style=\"background-color: #17a8c8; color: #ffffff;\" target=\"_blank\" rel=\"noopener\" href=\"https:\/\/calkulator.drzwi-cal.pl\/v2\/architekt\/rejestracja\">ZAREJESTRUJ SI\u0118<\/a><\/h3>\n<h3 data-start=\"1713\" data-end=\"1776\">Dlaczego warto do\u0142\u0105czy\u0107 do archiCAL?<\/h3>\n<p data-start=\"1778\" data-end=\"2042\"><strong data-start=\"1799\" data-end=\"1839\">archiCAL <\/strong>to miejsce, kt\u00f3re wspiera Ci\u0119 na ka\u017cdym etapie pracy \u2013 od inspiracji po dopracowany detal.<\/p>\n<p data-start=\"1778\" data-end=\"2042\">Ka\u017cdy projekt jest inny \u2013 tak jak ka\u017cdy dom ma swoj\u0105 histori\u0119.<br data-start=\"1840\" data-end=\"1843\">Z nami mo\u017cesz j\u0105 opowiedzie\u0107 w pe\u0142ni: od koncepcji po realizacj\u0119.<\/p>\n<p data-start=\"2044\" data-end=\"2122\">Zaprojektuj. Skonfiguruj. Stw\u00f3rz.<br data-start=\"2077\" data-end=\"2080\"><strong data-start=\"2080\" data-end=\"2122\">CAL prawdziwe drzwi do Twojej wizji.<\/strong><\/p>\n<p style=\"text-align: center;\" data-start=\"2044\" data-end=\"2122\">Masz ju\u017c konto?<\/p>\n<p style=\"text-align: center;\" data-start=\"2044\" data-end=\"2122\"><a class=\"fasc-button fasc-size-large fasc-type-glossy fasc-rounded-medium fasc-ico-before dashicons-admin-network fasc-style-bold\" style=\"background-color: #17a8c8; color: #ffffff;\" target=\"_blank\" rel=\"noopener\" href=\"https:\/\/calkulator.drzwi-cal.pl\/\">LOGOWANIE DO PLATFORMY<\/a><\/p>\n<p><a href=\"\/\/www.pinterest.com\/pin\/create\/button\/\" data-pin-do=\"buttonBookmark\" data-pin-color=\"red\" data-pin-height=\"128\"><img decoding=\"async\" src=\"\/\/assets.pinterest.com\/images\/pidgets\/pinit_fg_en_rect_red_28.png\" \/><\/a><\/p>","protected":false},"excerpt":{"rendered":"<p>archiCAL \u2013 platforma dla Architekt\u00f3w, kt\u00f3rzy tworz\u0105 z pasj\u0105 archiCAL to wyj\u0105tkowa platforma dla Architekt\u00f3w stworzona przez mark\u0119 CAL, kt\u00f3ra od ponad 40 lat tworzy drzwi z dusz\u0105. To przestrze\u0144&#8230;<\/p>\n","protected":false},"author":23,"featured_media":21725,"parent":0,"menu_order":0,"comment_status":"closed","ping_status":"closed","template":"","meta":{"footnotes":""},"class_list":["post-22181","page","type-page","status-publish","has-post-thumbnail","hentry"],"acf":[],"yoast_head":"<!-- This site is optimized with the Yoast SEO plugin v26.5 - https:\/\/yoast.com\/wordpress\/plugins\/seo\/ -->\n<title>archiCAL - platforma wsp\u00f3\u0142pracy dla Architekt\u00f3w - Drzwi zewn\u0119trzne i wewn\u0119trzne premium<\/title>\n<meta name=\"description\" content=\"ArchiCAL \u2013 platforma wsp\u00f3\u0142pracy dla Architekt\u00f3w. Odkryj przestrze\u0144 inspiracji i narz\u0119dzi, kt\u00f3re wspieraj\u0105 odpowiedzialne projektowanie.\" \/>\n<meta name=\"robots\" content=\"index, follow, max-snippet:-1, max-image-preview:large, max-video-preview:-1\" \/>\n<link rel=\"canonical\" href=\"https:\/\/www.drzwi-cal.pl\/en\/archical\/\" \/>\n<meta property=\"og:locale\" content=\"en_US\" \/>\n<meta property=\"og:type\" content=\"article\" \/>\n<meta property=\"og:title\" content=\"archiCAL - platforma wsp\u00f3\u0142pracy dla Architekt\u00f3w - Drzwi zewn\u0119trzne i wewn\u0119trzne premium\" \/>\n<meta property=\"og:description\" content=\"ArchiCAL \u2013 platforma wsp\u00f3\u0142pracy dla Architekt\u00f3w. Odkryj przestrze\u0144 inspiracji i narz\u0119dzi, kt\u00f3re wspieraj\u0105 odpowiedzialne projektowanie.\" \/>\n<meta property=\"og:url\" content=\"https:\/\/www.drzwi-cal.pl\/en\/archical\/\" \/>\n<meta property=\"og:site_name\" content=\"Drzwi zewn\u0119trzne i wewn\u0119trzne premium\" \/>\n<meta property=\"article:publisher\" content=\"https:\/\/www.facebook.com\/drzwical\/\" \/>\n<meta property=\"article:modified_time\" content=\"2026-04-08T20:17:50+00:00\" \/>\n<meta property=\"og:image\" content=\"https:\/\/www.drzwi-cal.pl\/wp-content\/uploads\/2025\/07\/aktualnosci_Konfigurator.webp\" \/>\n\t<meta property=\"og:image:width\" content=\"1200\" \/>\n\t<meta property=\"og:image:height\" content=\"275\" \/>\n\t<meta property=\"og:image:type\" content=\"image\/webp\" \/>\n<meta name=\"twitter:card\" content=\"summary_large_image\" \/>\n<meta name=\"twitter:label1\" content=\"Est. reading time\" \/>\n\t<meta name=\"twitter:data1\" content=\"2 minutes\" \/>\n<script type=\"application\/ld+json\" class=\"yoast-schema-graph\">{\"@context\":\"https:\/\/schema.org\",\"@graph\":[{\"@type\":\"WebPage\",\"@id\":\"https:\/\/www.drzwi-cal.pl\/en\/archical\/\",\"url\":\"https:\/\/www.drzwi-cal.pl\/en\/archical\/\",\"name\":\"archiCAL - platforma wsp\u00f3\u0142pracy dla Architekt\u00f3w - Drzwi zewn\u0119trzne i wewn\u0119trzne premium\",\"isPartOf\":{\"@id\":\"https:\/\/www.drzwi-cal.pl\/en\/#website\"},\"primaryImageOfPage\":{\"@id\":\"https:\/\/www.drzwi-cal.pl\/en\/archical\/#primaryimage\"},\"image\":{\"@id\":\"https:\/\/www.drzwi-cal.pl\/en\/archical\/#primaryimage\"},\"thumbnailUrl\":\"https:\/\/www.drzwi-cal.pl\/wp-content\/uploads\/2025\/07\/aktualnosci_Konfigurator.webp\",\"datePublished\":\"2025-10-21T11:16:36+00:00\",\"dateModified\":\"2026-04-08T20:17:50+00:00\",\"description\":\"ArchiCAL \u2013 platforma wsp\u00f3\u0142pracy dla Architekt\u00f3w. Odkryj przestrze\u0144 inspiracji i narz\u0119dzi, kt\u00f3re wspieraj\u0105 odpowiedzialne projektowanie.\",\"breadcrumb\":{\"@id\":\"https:\/\/www.drzwi-cal.pl\/en\/archical\/#breadcrumb\"},\"inLanguage\":\"en-US\",\"potentialAction\":[{\"@type\":\"ReadAction\",\"target\":[\"https:\/\/www.drzwi-cal.pl\/en\/archical\/\"]}]},{\"@type\":\"ImageObject\",\"inLanguage\":\"en-US\",\"@id\":\"https:\/\/www.drzwi-cal.pl\/en\/archical\/#primaryimage\",\"url\":\"https:\/\/www.drzwi-cal.pl\/wp-content\/uploads\/2025\/07\/aktualnosci_Konfigurator.webp\",\"contentUrl\":\"https:\/\/www.drzwi-cal.pl\/wp-content\/uploads\/2025\/07\/aktualnosci_Konfigurator.webp\",\"width\":1200,\"height\":275,\"caption\":\"Konfigurator drewnianych drzwi zewn\u0119trznych CAL\"},{\"@type\":\"BreadcrumbList\",\"@id\":\"https:\/\/www.drzwi-cal.pl\/en\/archical\/#breadcrumb\",\"itemListElement\":[{\"@type\":\"ListItem\",\"position\":1,\"name\":\"CAL prawdziwe drzwi\",\"item\":\"https:\/\/www.drzwi-cal.pl\/en\/\"},{\"@type\":\"ListItem\",\"position\":2,\"name\":\"archiCAL &#8211; platforma wsp\u00f3\u0142pracy dla Architekt\u00f3w\"}]},{\"@type\":\"WebSite\",\"@id\":\"https:\/\/www.drzwi-cal.pl\/en\/#website\",\"url\":\"https:\/\/www.drzwi-cal.pl\/en\/\",\"name\":\"Drzwi zewn\u0119trzne i wewn\u0119trzne premium\",\"description\":\"Wybierz tylko kolor i model swoich drzwi zewn\u0119trznych CAL, bo ciep\u0142o i bezpiecze\u0144stwo masz zawsze w cenie! Dobierz pasuj\u0105ce drewniane drzwi wewn\u0119trzne CAL.\",\"publisher\":{\"@id\":\"https:\/\/www.drzwi-cal.pl\/en\/#organization\"},\"potentialAction\":[{\"@type\":\"SearchAction\",\"target\":{\"@type\":\"EntryPoint\",\"urlTemplate\":\"https:\/\/www.drzwi-cal.pl\/en\/?s={search_term_string}\"},\"query-input\":{\"@type\":\"PropertyValueSpecification\",\"valueRequired\":true,\"valueName\":\"search_term_string\"}}],\"inLanguage\":\"en-US\"},{\"@type\":\"Organization\",\"@id\":\"https:\/\/www.drzwi-cal.pl\/en\/#organization\",\"name\":\"Drzwi CAL\",\"alternateName\":\"Prawdziwe drzwi CAL\",\"url\":\"https:\/\/www.drzwi-cal.pl\/en\/\",\"logo\":{\"@type\":\"ImageObject\",\"inLanguage\":\"en-US\",\"@id\":\"https:\/\/www.drzwi-cal.pl\/en\/#\/schema\/logo\/image\/\",\"url\":\"https:\/\/www.drzwi-cal.pl\/wp-content\/uploads\/2018\/08\/CAL.jpg\",\"contentUrl\":\"https:\/\/www.drzwi-cal.pl\/wp-content\/uploads\/2018\/08\/CAL.jpg\",\"width\":1667,\"height\":750,\"caption\":\"Drzwi CAL\"},\"image\":{\"@id\":\"https:\/\/www.drzwi-cal.pl\/en\/#\/schema\/logo\/image\/\"},\"sameAs\":[\"https:\/\/www.facebook.com\/drzwical\/\",\"https:\/\/www.instagram.com\/drzwical\/\",\"https:\/\/www.linkedin.com\/company\/drzwi-cal\",\"https:\/\/www.youtube.com\/user\/drzwical\/\"]}]}<\/script>\n<!-- \/ Yoast SEO plugin. -->","yoast_head_json":{"title":"archiCAL - platforma wsp\u00f3\u0142pracy dla Architekt\u00f3w - Drzwi zewn\u0119trzne i wewn\u0119trzne premium","description":"ArchiCAL \u2013 platforma wsp\u00f3\u0142pracy dla Architekt\u00f3w. Odkryj przestrze\u0144 inspiracji i narz\u0119dzi, kt\u00f3re wspieraj\u0105 odpowiedzialne projektowanie.","robots":{"index":"index","follow":"follow","max-snippet":"max-snippet:-1","max-image-preview":"max-image-preview:large","max-video-preview":"max-video-preview:-1"},"canonical":"https:\/\/www.drzwi-cal.pl\/en\/archical\/","og_locale":"en_US","og_type":"article","og_title":"archiCAL - platforma wsp\u00f3\u0142pracy dla Architekt\u00f3w - Drzwi zewn\u0119trzne i wewn\u0119trzne premium","og_description":"ArchiCAL \u2013 platforma wsp\u00f3\u0142pracy dla Architekt\u00f3w. Odkryj przestrze\u0144 inspiracji i narz\u0119dzi, kt\u00f3re wspieraj\u0105 odpowiedzialne projektowanie.","og_url":"https:\/\/www.drzwi-cal.pl\/en\/archical\/","og_site_name":"Drzwi zewn\u0119trzne i wewn\u0119trzne premium","article_publisher":"https:\/\/www.facebook.com\/drzwical\/","article_modified_time":"2026-04-08T20:17:50+00:00","og_image":[{"width":1200,"height":275,"url":"https:\/\/www.drzwi-cal.pl\/wp-content\/uploads\/2025\/07\/aktualnosci_Konfigurator.webp","type":"image\/webp"}],"twitter_card":"summary_large_image","twitter_misc":{"Est. reading time":"2 minutes"},"schema":{"@context":"https:\/\/schema.org","@graph":[{"@type":"WebPage","@id":"https:\/\/www.drzwi-cal.pl\/en\/archical\/","url":"https:\/\/www.drzwi-cal.pl\/en\/archical\/","name":"archiCAL - platforma wsp\u00f3\u0142pracy dla Architekt\u00f3w - Drzwi zewn\u0119trzne i wewn\u0119trzne premium","isPartOf":{"@id":"https:\/\/www.drzwi-cal.pl\/en\/#website"},"primaryImageOfPage":{"@id":"https:\/\/www.drzwi-cal.pl\/en\/archical\/#primaryimage"},"image":{"@id":"https:\/\/www.drzwi-cal.pl\/en\/archical\/#primaryimage"},"thumbnailUrl":"https:\/\/www.drzwi-cal.pl\/wp-content\/uploads\/2025\/07\/aktualnosci_Konfigurator.webp","datePublished":"2025-10-21T11:16:36+00:00","dateModified":"2026-04-08T20:17:50+00:00","description":"ArchiCAL \u2013 platforma wsp\u00f3\u0142pracy dla Architekt\u00f3w. Odkryj przestrze\u0144 inspiracji i narz\u0119dzi, kt\u00f3re wspieraj\u0105 odpowiedzialne projektowanie.","breadcrumb":{"@id":"https:\/\/www.drzwi-cal.pl\/en\/archical\/#breadcrumb"},"inLanguage":"en-US","potentialAction":[{"@type":"ReadAction","target":["https:\/\/www.drzwi-cal.pl\/en\/archical\/"]}]},{"@type":"ImageObject","inLanguage":"en-US","@id":"https:\/\/www.drzwi-cal.pl\/en\/archical\/#primaryimage","url":"https:\/\/www.drzwi-cal.pl\/wp-content\/uploads\/2025\/07\/aktualnosci_Konfigurator.webp","contentUrl":"https:\/\/www.drzwi-cal.pl\/wp-content\/uploads\/2025\/07\/aktualnosci_Konfigurator.webp","width":1200,"height":275,"caption":"Konfigurator drewnianych drzwi zewn\u0119trznych CAL"},{"@type":"BreadcrumbList","@id":"https:\/\/www.drzwi-cal.pl\/en\/archical\/#breadcrumb","itemListElement":[{"@type":"ListItem","position":1,"name":"CAL prawdziwe drzwi","item":"https:\/\/www.drzwi-cal.pl\/en\/"},{"@type":"ListItem","position":2,"name":"archiCAL &#8211; platforma wsp\u00f3\u0142pracy dla Architekt\u00f3w"}]},{"@type":"WebSite","@id":"https:\/\/www.drzwi-cal.pl\/en\/#website","url":"https:\/\/www.drzwi-cal.pl\/en\/","name":"Drzwi zewn\u0119trzne i wewn\u0119trzne premium","description":"Wybierz tylko kolor i model swoich drzwi zewn\u0119trznych CAL, bo ciep\u0142o i bezpiecze\u0144stwo masz zawsze w cenie! Dobierz pasuj\u0105ce drewniane drzwi wewn\u0119trzne CAL.","publisher":{"@id":"https:\/\/www.drzwi-cal.pl\/en\/#organization"},"potentialAction":[{"@type":"SearchAction","target":{"@type":"EntryPoint","urlTemplate":"https:\/\/www.drzwi-cal.pl\/en\/?s={search_term_string}"},"query-input":{"@type":"PropertyValueSpecification","valueRequired":true,"valueName":"search_term_string"}}],"inLanguage":"en-US"},{"@type":"Organization","@id":"https:\/\/www.drzwi-cal.pl\/en\/#organization","name":"Drzwi CAL","alternateName":"Prawdziwe drzwi CAL","url":"https:\/\/www.drzwi-cal.pl\/en\/","logo":{"@type":"ImageObject","inLanguage":"en-US","@id":"https:\/\/www.drzwi-cal.pl\/en\/#\/schema\/logo\/image\/","url":"https:\/\/www.drzwi-cal.pl\/wp-content\/uploads\/2018\/08\/CAL.jpg","contentUrl":"https:\/\/www.drzwi-cal.pl\/wp-content\/uploads\/2018\/08\/CAL.jpg","width":1667,"height":750,"caption":"Drzwi CAL"},"image":{"@id":"https:\/\/www.drzwi-cal.pl\/en\/#\/schema\/logo\/image\/"},"sameAs":["https:\/\/www.facebook.com\/drzwical\/","https:\/\/www.instagram.com\/drzwical\/","https:\/\/www.linkedin.com\/company\/drzwi-cal","https:\/\/www.youtube.com\/user\/drzwical\/"]}]}},"_links":{"self":[{"href":"https:\/\/www.drzwi-cal.pl\/en\/wp-json\/wp\/v2\/pages\/22181","targetHints":{"allow":["GET"]}}],"collection":[{"href":"https:\/\/www.drzwi-cal.pl\/en\/wp-json\/wp\/v2\/pages"}],"about":[{"href":"https:\/\/www.drzwi-cal.pl\/en\/wp-json\/wp\/v2\/types\/page"}],"author":[{"embeddable":true,"href":"https:\/\/www.drzwi-cal.pl\/en\/wp-json\/wp\/v2\/users\/23"}],"replies":[{"embeddable":true,"href":"https:\/\/www.drzwi-cal.pl\/en\/wp-json\/wp\/v2\/comments?post=22181"}],"version-history":[{"count":11,"href":"https:\/\/www.drzwi-cal.pl\/en\/wp-json\/wp\/v2\/pages\/22181\/revisions"}],"predecessor-version":[{"id":23608,"href":"https:\/\/www.drzwi-cal.pl\/en\/wp-json\/wp\/v2\/pages\/22181\/revisions\/23608"}],"wp:featuredmedia":[{"embeddable":true,"href":"https:\/\/www.drzwi-cal.pl\/en\/wp-json\/wp\/v2\/media\/21725"}],"wp:attachment":[{"href":"https:\/\/www.drzwi-cal.pl\/en\/wp-json\/wp\/v2\/media?parent=22181"}],"curies":[{"name":"wp","href":"https:\/\/api.w.org\/{rel}","templated":true}]}}