{"id":262,"date":"2017-09-27T02:07:15","date_gmt":"2017-09-27T00:07:15","guid":{"rendered":"http:\/\/drzwi-cal.localhost\/?page_id=262"},"modified":"2023-10-25T09:11:41","modified_gmt":"2023-10-25T07:11:41","slug":"gdzie-kupic","status":"publish","type":"page","link":"https:\/\/www.drzwi-cal.pl\/en\/gdzie-kupic\/","title":{"rendered":"Gdzie kupi\u0107"},"content":{"rendered":"<p><a href=\"\/\/www.pinterest.com\/pin\/create\/button\/\" data-pin-do=\"buttonBookmark\" data-pin-color=\"red\" data-pin-height=\"128\"><img decoding=\"async\" src=\"\/\/assets.pinterest.com\/images\/pidgets\/pinit_fg_en_rect_red_28.png\" \/><\/a><\/p>","protected":false},"excerpt":{"rendered":"","protected":false},"author":5,"featured_media":4932,"parent":0,"menu_order":0,"comment_status":"closed","ping_status":"closed","template":"page-templates\/page-gdzie-kupic.php","meta":{"footnotes":""},"class_list":["post-262","page","type-page","status-publish","has-post-thumbnail","hentry"],"acf":[],"yoast_head":"<!-- This site is optimized with the Yoast SEO plugin v26.5 - https:\/\/yoast.com\/wordpress\/plugins\/seo\/ -->\n<title>Gdzie kupi\u0107 dobre drzwi? Sprawd\u017a partner\u00f3w drzwi CAL!\u00a0<\/title>\n<meta name=\"description\" content=\"Zastanawiasz si\u0119 gdzie kupi\u0107 dobre drzwi? Drzwi CAL kupisz w ca\u0142ej Polsce! Odwied\u017a punkt partnerski, dotknij i poczuj r\u00f3\u017cnic\u0119.\" \/>\n<meta name=\"robots\" content=\"index, follow, max-snippet:-1, max-image-preview:large, max-video-preview:-1\" \/>\n<link rel=\"canonical\" href=\"https:\/\/www.drzwi-cal.pl\/en\/gdzie-kupic\/\" \/>\n<meta property=\"og:locale\" content=\"en_US\" \/>\n<meta property=\"og:type\" content=\"article\" \/>\n<meta property=\"og:title\" content=\"Drzwi CAL kupisz w ca\u0142ej Polsce! Poczuj r\u00f3\u017cnic\u0119!\" \/>\n<meta property=\"og:description\" content=\"Znajd\u017a najbli\u017cszy punkt sprzeda\u017cy drzwi CAL i skorzystaj z profesjonalnego doradztwa! Wybierz model i kolor, dodaj &quot;bi\u017cuteri\u0119 drzwiow\u0105&quot; i zam\u00f3w.\" \/>\n<meta property=\"og:url\" content=\"https:\/\/www.drzwi-cal.pl\/en\/gdzie-kupic\/\" \/>\n<meta property=\"og:site_name\" content=\"Drzwi zewn\u0119trzne i wewn\u0119trzne premium\" \/>\n<meta property=\"article:publisher\" content=\"https:\/\/www.facebook.com\/drzwical\/\" \/>\n<meta property=\"article:modified_time\" content=\"2023-10-25T07:11:41+00:00\" \/>\n<meta property=\"og:image\" content=\"https:\/\/www.drzwi-cal.pl\/wp-content\/uploads\/2018\/02\/20190129_164901.jpg\" \/>\n\t<meta property=\"og:image:width\" content=\"4032\" \/>\n\t<meta property=\"og:image:height\" content=\"2268\" \/>\n\t<meta property=\"og:image:type\" content=\"image\/jpeg\" \/>\n<meta name=\"twitter:card\" content=\"summary_large_image\" \/>\n<script type=\"application\/ld+json\" class=\"yoast-schema-graph\">{\"@context\":\"https:\/\/schema.org\",\"@graph\":[{\"@type\":\"WebPage\",\"@id\":\"https:\/\/www.drzwi-cal.pl\/en\/gdzie-kupic\/\",\"url\":\"https:\/\/www.drzwi-cal.pl\/en\/gdzie-kupic\/\",\"name\":\"Gdzie kupi\u0107 dobre drzwi? Sprawd\u017a partner\u00f3w drzwi CAL!\u00a0\",\"isPartOf\":{\"@id\":\"https:\/\/www.drzwi-cal.pl\/en\/#website\"},\"primaryImageOfPage\":{\"@id\":\"https:\/\/www.drzwi-cal.pl\/en\/gdzie-kupic\/#primaryimage\"},\"image\":{\"@id\":\"https:\/\/www.drzwi-cal.pl\/en\/gdzie-kupic\/#primaryimage\"},\"thumbnailUrl\":\"https:\/\/www.drzwi-cal.pl\/wp-content\/uploads\/2018\/02\/20190129_164901-e1556190612826.jpg\",\"datePublished\":\"2017-09-27T00:07:15+00:00\",\"dateModified\":\"2023-10-25T07:11:41+00:00\",\"description\":\"Zastanawiasz si\u0119 gdzie kupi\u0107 dobre drzwi? Drzwi CAL kupisz w ca\u0142ej Polsce! Odwied\u017a punkt partnerski, dotknij i poczuj r\u00f3\u017cnic\u0119.\",\"breadcrumb\":{\"@id\":\"https:\/\/www.drzwi-cal.pl\/en\/gdzie-kupic\/#breadcrumb\"},\"inLanguage\":\"en-US\",\"potentialAction\":[{\"@type\":\"ReadAction\",\"target\":[\"https:\/\/www.drzwi-cal.pl\/en\/gdzie-kupic\/\"]}]},{\"@type\":\"ImageObject\",\"inLanguage\":\"en-US\",\"@id\":\"https:\/\/www.drzwi-cal.pl\/en\/gdzie-kupic\/#primaryimage\",\"url\":\"https:\/\/www.drzwi-cal.pl\/wp-content\/uploads\/2018\/02\/20190129_164901-e1556190612826.jpg\",\"contentUrl\":\"https:\/\/www.drzwi-cal.pl\/wp-content\/uploads\/2018\/02\/20190129_164901-e1556190612826.jpg\",\"width\":2000,\"height\":1125,\"caption\":\"Drzwi wewn\u0119trzne drewniane drzwi CAL gdzie kupi\u0107 dobre drzwi\"},{\"@type\":\"BreadcrumbList\",\"@id\":\"https:\/\/www.drzwi-cal.pl\/en\/gdzie-kupic\/#breadcrumb\",\"itemListElement\":[{\"@type\":\"ListItem\",\"position\":1,\"name\":\"CAL prawdziwe drzwi\",\"item\":\"https:\/\/www.drzwi-cal.pl\/en\/\"},{\"@type\":\"ListItem\",\"position\":2,\"name\":\"Gdzie kupi\u0107\"}]},{\"@type\":\"WebSite\",\"@id\":\"https:\/\/www.drzwi-cal.pl\/en\/#website\",\"url\":\"https:\/\/www.drzwi-cal.pl\/en\/\",\"name\":\"Drzwi zewn\u0119trzne i wewn\u0119trzne premium\",\"description\":\"Wybierz tylko kolor i model swoich drzwi zewn\u0119trznych CAL, bo ciep\u0142o i bezpiecze\u0144stwo masz zawsze w cenie! Dobierz pasuj\u0105ce drewniane drzwi wewn\u0119trzne CAL.\",\"publisher\":{\"@id\":\"https:\/\/www.drzwi-cal.pl\/en\/#organization\"},\"potentialAction\":[{\"@type\":\"SearchAction\",\"target\":{\"@type\":\"EntryPoint\",\"urlTemplate\":\"https:\/\/www.drzwi-cal.pl\/en\/?s={search_term_string}\"},\"query-input\":{\"@type\":\"PropertyValueSpecification\",\"valueRequired\":true,\"valueName\":\"search_term_string\"}}],\"inLanguage\":\"en-US\"},{\"@type\":\"Organization\",\"@id\":\"https:\/\/www.drzwi-cal.pl\/en\/#organization\",\"name\":\"Drzwi CAL\",\"alternateName\":\"Prawdziwe drzwi CAL\",\"url\":\"https:\/\/www.drzwi-cal.pl\/en\/\",\"logo\":{\"@type\":\"ImageObject\",\"inLanguage\":\"en-US\",\"@id\":\"https:\/\/www.drzwi-cal.pl\/en\/#\/schema\/logo\/image\/\",\"url\":\"https:\/\/www.drzwi-cal.pl\/wp-content\/uploads\/2018\/08\/CAL.jpg\",\"contentUrl\":\"https:\/\/www.drzwi-cal.pl\/wp-content\/uploads\/2018\/08\/CAL.jpg\",\"width\":1667,\"height\":750,\"caption\":\"Drzwi CAL\"},\"image\":{\"@id\":\"https:\/\/www.drzwi-cal.pl\/en\/#\/schema\/logo\/image\/\"},\"sameAs\":[\"https:\/\/www.facebook.com\/drzwical\/\",\"https:\/\/www.instagram.com\/drzwical\/\",\"https:\/\/www.linkedin.com\/company\/drzwi-cal\",\"https:\/\/www.youtube.com\/user\/drzwical\/\"]}]}<\/script>\n<!-- \/ Yoast SEO plugin. -->","yoast_head_json":{"title":"Gdzie kupi\u0107 dobre drzwi? Sprawd\u017a partner\u00f3w drzwi CAL!\u00a0","description":"Zastanawiasz si\u0119 gdzie kupi\u0107 dobre drzwi? Drzwi CAL kupisz w ca\u0142ej Polsce! Odwied\u017a punkt partnerski, dotknij i poczuj r\u00f3\u017cnic\u0119.","robots":{"index":"index","follow":"follow","max-snippet":"max-snippet:-1","max-image-preview":"max-image-preview:large","max-video-preview":"max-video-preview:-1"},"canonical":"https:\/\/www.drzwi-cal.pl\/en\/gdzie-kupic\/","og_locale":"en_US","og_type":"article","og_title":"Drzwi CAL kupisz w ca\u0142ej Polsce! Poczuj r\u00f3\u017cnic\u0119!","og_description":"Znajd\u017a najbli\u017cszy punkt sprzeda\u017cy drzwi CAL i skorzystaj z profesjonalnego doradztwa! Wybierz model i kolor, dodaj \"bi\u017cuteri\u0119 drzwiow\u0105\" i zam\u00f3w.","og_url":"https:\/\/www.drzwi-cal.pl\/en\/gdzie-kupic\/","og_site_name":"Drzwi zewn\u0119trzne i wewn\u0119trzne premium","article_publisher":"https:\/\/www.facebook.com\/drzwical\/","article_modified_time":"2023-10-25T07:11:41+00:00","og_image":[{"width":4032,"height":2268,"url":"https:\/\/www.drzwi-cal.pl\/wp-content\/uploads\/2018\/02\/20190129_164901.jpg","type":"image\/jpeg"}],"twitter_card":"summary_large_image","schema":{"@context":"https:\/\/schema.org","@graph":[{"@type":"WebPage","@id":"https:\/\/www.drzwi-cal.pl\/en\/gdzie-kupic\/","url":"https:\/\/www.drzwi-cal.pl\/en\/gdzie-kupic\/","name":"Gdzie kupi\u0107 dobre drzwi? Sprawd\u017a partner\u00f3w drzwi CAL!\u00a0","isPartOf":{"@id":"https:\/\/www.drzwi-cal.pl\/en\/#website"},"primaryImageOfPage":{"@id":"https:\/\/www.drzwi-cal.pl\/en\/gdzie-kupic\/#primaryimage"},"image":{"@id":"https:\/\/www.drzwi-cal.pl\/en\/gdzie-kupic\/#primaryimage"},"thumbnailUrl":"https:\/\/www.drzwi-cal.pl\/wp-content\/uploads\/2018\/02\/20190129_164901-e1556190612826.jpg","datePublished":"2017-09-27T00:07:15+00:00","dateModified":"2023-10-25T07:11:41+00:00","description":"Zastanawiasz si\u0119 gdzie kupi\u0107 dobre drzwi? Drzwi CAL kupisz w ca\u0142ej Polsce! Odwied\u017a punkt partnerski, dotknij i poczuj r\u00f3\u017cnic\u0119.","breadcrumb":{"@id":"https:\/\/www.drzwi-cal.pl\/en\/gdzie-kupic\/#breadcrumb"},"inLanguage":"en-US","potentialAction":[{"@type":"ReadAction","target":["https:\/\/www.drzwi-cal.pl\/en\/gdzie-kupic\/"]}]},{"@type":"ImageObject","inLanguage":"en-US","@id":"https:\/\/www.drzwi-cal.pl\/en\/gdzie-kupic\/#primaryimage","url":"https:\/\/www.drzwi-cal.pl\/wp-content\/uploads\/2018\/02\/20190129_164901-e1556190612826.jpg","contentUrl":"https:\/\/www.drzwi-cal.pl\/wp-content\/uploads\/2018\/02\/20190129_164901-e1556190612826.jpg","width":2000,"height":1125,"caption":"Drzwi wewn\u0119trzne drewniane drzwi CAL gdzie kupi\u0107 dobre drzwi"},{"@type":"BreadcrumbList","@id":"https:\/\/www.drzwi-cal.pl\/en\/gdzie-kupic\/#breadcrumb","itemListElement":[{"@type":"ListItem","position":1,"name":"CAL prawdziwe drzwi","item":"https:\/\/www.drzwi-cal.pl\/en\/"},{"@type":"ListItem","position":2,"name":"Gdzie kupi\u0107"}]},{"@type":"WebSite","@id":"https:\/\/www.drzwi-cal.pl\/en\/#website","url":"https:\/\/www.drzwi-cal.pl\/en\/","name":"Drzwi zewn\u0119trzne i wewn\u0119trzne premium","description":"Wybierz tylko kolor i model swoich drzwi zewn\u0119trznych CAL, bo ciep\u0142o i bezpiecze\u0144stwo masz zawsze w cenie! Dobierz pasuj\u0105ce drewniane drzwi wewn\u0119trzne CAL.","publisher":{"@id":"https:\/\/www.drzwi-cal.pl\/en\/#organization"},"potentialAction":[{"@type":"SearchAction","target":{"@type":"EntryPoint","urlTemplate":"https:\/\/www.drzwi-cal.pl\/en\/?s={search_term_string}"},"query-input":{"@type":"PropertyValueSpecification","valueRequired":true,"valueName":"search_term_string"}}],"inLanguage":"en-US"},{"@type":"Organization","@id":"https:\/\/www.drzwi-cal.pl\/en\/#organization","name":"Drzwi CAL","alternateName":"Prawdziwe drzwi CAL","url":"https:\/\/www.drzwi-cal.pl\/en\/","logo":{"@type":"ImageObject","inLanguage":"en-US","@id":"https:\/\/www.drzwi-cal.pl\/en\/#\/schema\/logo\/image\/","url":"https:\/\/www.drzwi-cal.pl\/wp-content\/uploads\/2018\/08\/CAL.jpg","contentUrl":"https:\/\/www.drzwi-cal.pl\/wp-content\/uploads\/2018\/08\/CAL.jpg","width":1667,"height":750,"caption":"Drzwi CAL"},"image":{"@id":"https:\/\/www.drzwi-cal.pl\/en\/#\/schema\/logo\/image\/"},"sameAs":["https:\/\/www.facebook.com\/drzwical\/","https:\/\/www.instagram.com\/drzwical\/","https:\/\/www.linkedin.com\/company\/drzwi-cal","https:\/\/www.youtube.com\/user\/drzwical\/"]}]}},"_links":{"self":[{"href":"https:\/\/www.drzwi-cal.pl\/en\/wp-json\/wp\/v2\/pages\/262","targetHints":{"allow":["GET"]}}],"collection":[{"href":"https:\/\/www.drzwi-cal.pl\/en\/wp-json\/wp\/v2\/pages"}],"about":[{"href":"https:\/\/www.drzwi-cal.pl\/en\/wp-json\/wp\/v2\/types\/page"}],"author":[{"embeddable":true,"href":"https:\/\/www.drzwi-cal.pl\/en\/wp-json\/wp\/v2\/users\/5"}],"replies":[{"embeddable":true,"href":"https:\/\/www.drzwi-cal.pl\/en\/wp-json\/wp\/v2\/comments?post=262"}],"version-history":[{"count":2,"href":"https:\/\/www.drzwi-cal.pl\/en\/wp-json\/wp\/v2\/pages\/262\/revisions"}],"predecessor-version":[{"id":19060,"href":"https:\/\/www.drzwi-cal.pl\/en\/wp-json\/wp\/v2\/pages\/262\/revisions\/19060"}],"wp:featuredmedia":[{"embeddable":true,"href":"https:\/\/www.drzwi-cal.pl\/en\/wp-json\/wp\/v2\/media\/4932"}],"wp:attachment":[{"href":"https:\/\/www.drzwi-cal.pl\/en\/wp-json\/wp\/v2\/media?parent=262"}],"curies":[{"name":"wp","href":"https:\/\/api.w.org\/{rel}","templated":true}]}}