{"id":386,"date":"2017-09-28T14:25:16","date_gmt":"2017-09-28T12:25:16","guid":{"rendered":"http:\/\/drzwi-cal.localhost\/?page_id=386"},"modified":"2025-04-28T14:07:33","modified_gmt":"2025-04-28T12:07:33","slug":"autoryzowana-grupa-montazowa","status":"publish","type":"page","link":"https:\/\/www.drzwi-cal.pl\/en\/autoryzowana-grupa-montazowa\/","title":{"rendered":"Autoryzowana Grupa Monta\u017cowa"},"content":{"rendered":"<p><a href=\"\/\/www.pinterest.com\/pin\/create\/button\/\" data-pin-do=\"buttonBookmark\" data-pin-color=\"red\" data-pin-height=\"128\"><img decoding=\"async\" src=\"\/\/assets.pinterest.com\/images\/pidgets\/pinit_fg_en_rect_red_28.png\" \/><\/a><\/p>","protected":false},"excerpt":{"rendered":"","protected":false},"author":5,"featured_media":0,"parent":0,"menu_order":0,"comment_status":"closed","ping_status":"closed","template":"page-templates\/page-sekcje\u25ba.php","meta":{"footnotes":""},"class_list":["post-386","page","type-page","status-publish","hentry"],"acf":[],"yoast_head":"<!-- This site is optimized with the Yoast SEO plugin v26.5 - https:\/\/yoast.com\/wordpress\/plugins\/seo\/ -->\n<title>Autoryzowana Grupa Monta\u017cowa - profesjonalny monta\u017c drzwi zewn\u0119trznych<\/title>\n<meta name=\"description\" content=\"Autoryzowana Grupa Monta\u017cowa \u2013 zesp\u00f3\u0142, kt\u00f3ry zamontuje Twoje nowe drzwi drewniane od marki CAL. Dzi\u0119ki AGM drzwi chodz\u0105 jak nale\u017cy i otrzymujesz dodatkowy rok gwarancji \u2013 w sumie 36 miesi\u0119cy!\" \/>\n<meta name=\"robots\" content=\"index, follow, max-snippet:-1, max-image-preview:large, max-video-preview:-1\" \/>\n<link rel=\"canonical\" href=\"https:\/\/www.drzwi-cal.pl\/en\/autoryzowana-grupa-montazowa\/\" \/>\n<meta property=\"og:locale\" content=\"en_US\" \/>\n<meta property=\"og:type\" content=\"article\" \/>\n<meta property=\"og:title\" content=\"Autoryzowana Grupa Monta\u017cowa - profesjonalny monta\u017c drzwi zewn\u0119trznych\" \/>\n<meta property=\"og:description\" content=\"Autoryzowana Grupa Monta\u017cowa \u2013 zesp\u00f3\u0142, kt\u00f3ry zamontuje Twoje nowe drzwi drewniane od marki CAL. Dzi\u0119ki AGM drzwi chodz\u0105 jak nale\u017cy i otrzymujesz dodatkowy rok gwarancji \u2013 w sumie 36 miesi\u0119cy!\" \/>\n<meta property=\"og:url\" content=\"https:\/\/www.drzwi-cal.pl\/en\/autoryzowana-grupa-montazowa\/\" \/>\n<meta property=\"og:site_name\" content=\"Drzwi zewn\u0119trzne i wewn\u0119trzne premium\" \/>\n<meta property=\"article:publisher\" content=\"https:\/\/www.facebook.com\/drzwical\/\" \/>\n<meta property=\"article:modified_time\" content=\"2025-04-28T12:07:33+00:00\" \/>\n<meta property=\"og:image\" content=\"https:\/\/www.drzwi-cal.pl\/wp-content\/uploads\/2022\/01\/Alutherm-scaled.jpg\" \/>\n\t<meta property=\"og:image:width\" content=\"2560\" \/>\n\t<meta property=\"og:image:height\" content=\"1920\" \/>\n\t<meta property=\"og:image:type\" content=\"image\/jpeg\" \/>\n<meta name=\"twitter:card\" content=\"summary_large_image\" \/>\n<script type=\"application\/ld+json\" class=\"yoast-schema-graph\">{\"@context\":\"https:\/\/schema.org\",\"@graph\":[{\"@type\":\"WebPage\",\"@id\":\"https:\/\/www.drzwi-cal.pl\/en\/autoryzowana-grupa-montazowa\/\",\"url\":\"https:\/\/www.drzwi-cal.pl\/en\/autoryzowana-grupa-montazowa\/\",\"name\":\"Autoryzowana Grupa Monta\u017cowa - profesjonalny monta\u017c drzwi zewn\u0119trznych\",\"isPartOf\":{\"@id\":\"https:\/\/www.drzwi-cal.pl\/en\/#website\"},\"datePublished\":\"2017-09-28T12:25:16+00:00\",\"dateModified\":\"2025-04-28T12:07:33+00:00\",\"description\":\"Autoryzowana Grupa Monta\u017cowa \u2013 zesp\u00f3\u0142, kt\u00f3ry zamontuje Twoje nowe drzwi drewniane od marki CAL. Dzi\u0119ki AGM drzwi chodz\u0105 jak nale\u017cy i otrzymujesz dodatkowy rok gwarancji \u2013 w sumie 36 miesi\u0119cy!\",\"breadcrumb\":{\"@id\":\"https:\/\/www.drzwi-cal.pl\/en\/autoryzowana-grupa-montazowa\/#breadcrumb\"},\"inLanguage\":\"en-US\",\"potentialAction\":[{\"@type\":\"ReadAction\",\"target\":[\"https:\/\/www.drzwi-cal.pl\/en\/autoryzowana-grupa-montazowa\/\"]}]},{\"@type\":\"BreadcrumbList\",\"@id\":\"https:\/\/www.drzwi-cal.pl\/en\/autoryzowana-grupa-montazowa\/#breadcrumb\",\"itemListElement\":[{\"@type\":\"ListItem\",\"position\":1,\"name\":\"CAL prawdziwe drzwi\",\"item\":\"https:\/\/www.drzwi-cal.pl\/en\/\"},{\"@type\":\"ListItem\",\"position\":2,\"name\":\"Autoryzowana Grupa Monta\u017cowa\"}]},{\"@type\":\"WebSite\",\"@id\":\"https:\/\/www.drzwi-cal.pl\/en\/#website\",\"url\":\"https:\/\/www.drzwi-cal.pl\/en\/\",\"name\":\"Drzwi zewn\u0119trzne i wewn\u0119trzne premium\",\"description\":\"Wybierz tylko kolor i model swoich drzwi zewn\u0119trznych CAL, bo ciep\u0142o i bezpiecze\u0144stwo masz zawsze w cenie! Dobierz pasuj\u0105ce drewniane drzwi wewn\u0119trzne CAL.\",\"publisher\":{\"@id\":\"https:\/\/www.drzwi-cal.pl\/en\/#organization\"},\"potentialAction\":[{\"@type\":\"SearchAction\",\"target\":{\"@type\":\"EntryPoint\",\"urlTemplate\":\"https:\/\/www.drzwi-cal.pl\/en\/?s={search_term_string}\"},\"query-input\":{\"@type\":\"PropertyValueSpecification\",\"valueRequired\":true,\"valueName\":\"search_term_string\"}}],\"inLanguage\":\"en-US\"},{\"@type\":\"Organization\",\"@id\":\"https:\/\/www.drzwi-cal.pl\/en\/#organization\",\"name\":\"Drzwi CAL\",\"alternateName\":\"Prawdziwe drzwi CAL\",\"url\":\"https:\/\/www.drzwi-cal.pl\/en\/\",\"logo\":{\"@type\":\"ImageObject\",\"inLanguage\":\"en-US\",\"@id\":\"https:\/\/www.drzwi-cal.pl\/en\/#\/schema\/logo\/image\/\",\"url\":\"https:\/\/www.drzwi-cal.pl\/wp-content\/uploads\/2018\/08\/CAL.jpg\",\"contentUrl\":\"https:\/\/www.drzwi-cal.pl\/wp-content\/uploads\/2018\/08\/CAL.jpg\",\"width\":1667,\"height\":750,\"caption\":\"Drzwi CAL\"},\"image\":{\"@id\":\"https:\/\/www.drzwi-cal.pl\/en\/#\/schema\/logo\/image\/\"},\"sameAs\":[\"https:\/\/www.facebook.com\/drzwical\/\",\"https:\/\/www.instagram.com\/drzwical\/\",\"https:\/\/www.linkedin.com\/company\/drzwi-cal\",\"https:\/\/www.youtube.com\/user\/drzwical\/\"]}]}<\/script>\n<!-- \/ Yoast SEO plugin. -->","yoast_head_json":{"title":"Autoryzowana Grupa Monta\u017cowa - profesjonalny monta\u017c drzwi zewn\u0119trznych","description":"Autoryzowana Grupa Monta\u017cowa \u2013 zesp\u00f3\u0142, kt\u00f3ry zamontuje Twoje nowe drzwi drewniane od marki CAL. Dzi\u0119ki AGM drzwi chodz\u0105 jak nale\u017cy i otrzymujesz dodatkowy rok gwarancji \u2013 w sumie 36 miesi\u0119cy!","robots":{"index":"index","follow":"follow","max-snippet":"max-snippet:-1","max-image-preview":"max-image-preview:large","max-video-preview":"max-video-preview:-1"},"canonical":"https:\/\/www.drzwi-cal.pl\/en\/autoryzowana-grupa-montazowa\/","og_locale":"en_US","og_type":"article","og_title":"Autoryzowana Grupa Monta\u017cowa - profesjonalny monta\u017c drzwi zewn\u0119trznych","og_description":"Autoryzowana Grupa Monta\u017cowa \u2013 zesp\u00f3\u0142, kt\u00f3ry zamontuje Twoje nowe drzwi drewniane od marki CAL. Dzi\u0119ki AGM drzwi chodz\u0105 jak nale\u017cy i otrzymujesz dodatkowy rok gwarancji \u2013 w sumie 36 miesi\u0119cy!","og_url":"https:\/\/www.drzwi-cal.pl\/en\/autoryzowana-grupa-montazowa\/","og_site_name":"Drzwi zewn\u0119trzne i wewn\u0119trzne premium","article_publisher":"https:\/\/www.facebook.com\/drzwical\/","article_modified_time":"2025-04-28T12:07:33+00:00","og_image":[{"width":2560,"height":1920,"url":"https:\/\/www.drzwi-cal.pl\/wp-content\/uploads\/2022\/01\/Alutherm-scaled.jpg","type":"image\/jpeg"}],"twitter_card":"summary_large_image","schema":{"@context":"https:\/\/schema.org","@graph":[{"@type":"WebPage","@id":"https:\/\/www.drzwi-cal.pl\/en\/autoryzowana-grupa-montazowa\/","url":"https:\/\/www.drzwi-cal.pl\/en\/autoryzowana-grupa-montazowa\/","name":"Autoryzowana Grupa Monta\u017cowa - profesjonalny monta\u017c drzwi zewn\u0119trznych","isPartOf":{"@id":"https:\/\/www.drzwi-cal.pl\/en\/#website"},"datePublished":"2017-09-28T12:25:16+00:00","dateModified":"2025-04-28T12:07:33+00:00","description":"Autoryzowana Grupa Monta\u017cowa \u2013 zesp\u00f3\u0142, kt\u00f3ry zamontuje Twoje nowe drzwi drewniane od marki CAL. Dzi\u0119ki AGM drzwi chodz\u0105 jak nale\u017cy i otrzymujesz dodatkowy rok gwarancji \u2013 w sumie 36 miesi\u0119cy!","breadcrumb":{"@id":"https:\/\/www.drzwi-cal.pl\/en\/autoryzowana-grupa-montazowa\/#breadcrumb"},"inLanguage":"en-US","potentialAction":[{"@type":"ReadAction","target":["https:\/\/www.drzwi-cal.pl\/en\/autoryzowana-grupa-montazowa\/"]}]},{"@type":"BreadcrumbList","@id":"https:\/\/www.drzwi-cal.pl\/en\/autoryzowana-grupa-montazowa\/#breadcrumb","itemListElement":[{"@type":"ListItem","position":1,"name":"CAL prawdziwe drzwi","item":"https:\/\/www.drzwi-cal.pl\/en\/"},{"@type":"ListItem","position":2,"name":"Autoryzowana Grupa Monta\u017cowa"}]},{"@type":"WebSite","@id":"https:\/\/www.drzwi-cal.pl\/en\/#website","url":"https:\/\/www.drzwi-cal.pl\/en\/","name":"Drzwi zewn\u0119trzne i wewn\u0119trzne premium","description":"Wybierz tylko kolor i model swoich drzwi zewn\u0119trznych CAL, bo ciep\u0142o i bezpiecze\u0144stwo masz zawsze w cenie! Dobierz pasuj\u0105ce drewniane drzwi wewn\u0119trzne CAL.","publisher":{"@id":"https:\/\/www.drzwi-cal.pl\/en\/#organization"},"potentialAction":[{"@type":"SearchAction","target":{"@type":"EntryPoint","urlTemplate":"https:\/\/www.drzwi-cal.pl\/en\/?s={search_term_string}"},"query-input":{"@type":"PropertyValueSpecification","valueRequired":true,"valueName":"search_term_string"}}],"inLanguage":"en-US"},{"@type":"Organization","@id":"https:\/\/www.drzwi-cal.pl\/en\/#organization","name":"Drzwi CAL","alternateName":"Prawdziwe drzwi CAL","url":"https:\/\/www.drzwi-cal.pl\/en\/","logo":{"@type":"ImageObject","inLanguage":"en-US","@id":"https:\/\/www.drzwi-cal.pl\/en\/#\/schema\/logo\/image\/","url":"https:\/\/www.drzwi-cal.pl\/wp-content\/uploads\/2018\/08\/CAL.jpg","contentUrl":"https:\/\/www.drzwi-cal.pl\/wp-content\/uploads\/2018\/08\/CAL.jpg","width":1667,"height":750,"caption":"Drzwi CAL"},"image":{"@id":"https:\/\/www.drzwi-cal.pl\/en\/#\/schema\/logo\/image\/"},"sameAs":["https:\/\/www.facebook.com\/drzwical\/","https:\/\/www.instagram.com\/drzwical\/","https:\/\/www.linkedin.com\/company\/drzwi-cal","https:\/\/www.youtube.com\/user\/drzwical\/"]}]}},"_links":{"self":[{"href":"https:\/\/www.drzwi-cal.pl\/en\/wp-json\/wp\/v2\/pages\/386","targetHints":{"allow":["GET"]}}],"collection":[{"href":"https:\/\/www.drzwi-cal.pl\/en\/wp-json\/wp\/v2\/pages"}],"about":[{"href":"https:\/\/www.drzwi-cal.pl\/en\/wp-json\/wp\/v2\/types\/page"}],"author":[{"embeddable":true,"href":"https:\/\/www.drzwi-cal.pl\/en\/wp-json\/wp\/v2\/users\/5"}],"replies":[{"embeddable":true,"href":"https:\/\/www.drzwi-cal.pl\/en\/wp-json\/wp\/v2\/comments?post=386"}],"version-history":[{"count":3,"href":"https:\/\/www.drzwi-cal.pl\/en\/wp-json\/wp\/v2\/pages\/386\/revisions"}],"predecessor-version":[{"id":20886,"href":"https:\/\/www.drzwi-cal.pl\/en\/wp-json\/wp\/v2\/pages\/386\/revisions\/20886"}],"wp:attachment":[{"href":"https:\/\/www.drzwi-cal.pl\/en\/wp-json\/wp\/v2\/media?parent=386"}],"curies":[{"name":"wp","href":"https:\/\/api.w.org\/{rel}","templated":true}]}}