{"id":3937,"date":"2018-09-20T13:59:58","date_gmt":"2018-09-20T11:59:58","guid":{"rendered":"https:\/\/www.drzwi-cal.pl\/?page_id=3937"},"modified":"2026-04-08T22:17:50","modified_gmt":"2026-04-08T20:17:50","slug":"akademia-cal","status":"publish","type":"page","link":"https:\/\/www.drzwi-cal.pl\/en\/akademia-cal\/","title":{"rendered":"Akademia CAL"},"content":{"rendered":"<p style=\"text-align: center;\"><img decoding=\"async\" class=\" wp-image-3950 aligncenter\" src=\"https:\/\/www.drzwi-cal.pl\/wp-content\/uploads\/2018\/09\/1024px-Red_Arrow_Up.png\" alt=\"akademia cal\" width=\"179\" height=\"179\" srcset=\"https:\/\/www.drzwi-cal.pl\/wp-content\/uploads\/2018\/09\/1024px-Red_Arrow_Up.png 1024w, https:\/\/www.drzwi-cal.pl\/wp-content\/uploads\/2018\/09\/1024px-Red_Arrow_Up-150x150.png 150w, https:\/\/www.drzwi-cal.pl\/wp-content\/uploads\/2018\/09\/1024px-Red_Arrow_Up-300x300.png 300w, https:\/\/www.drzwi-cal.pl\/wp-content\/uploads\/2018\/09\/1024px-Red_Arrow_Up-768x768.png 768w, https:\/\/www.drzwi-cal.pl\/wp-content\/uploads\/2018\/09\/1024px-Red_Arrow_Up-960x960.png 960w, https:\/\/www.drzwi-cal.pl\/wp-content\/uploads\/2018\/09\/1024px-Red_Arrow_Up-640x640.png 640w, https:\/\/www.drzwi-cal.pl\/wp-content\/uploads\/2018\/09\/1024px-Red_Arrow_Up-204x204.png 204w, https:\/\/www.drzwi-cal.pl\/wp-content\/uploads\/2018\/09\/1024px-Red_Arrow_Up-120x120.png 120w, https:\/\/www.drzwi-cal.pl\/wp-content\/uploads\/2018\/09\/1024px-Red_Arrow_Up-70x70.png 70w, https:\/\/www.drzwi-cal.pl\/wp-content\/uploads\/2018\/09\/1024px-Red_Arrow_Up-25x25.png 25w\" sizes=\"(max-width: 179px) 100vw, 179px\" \/><\/p>\n<h1>Sprzedajesz lub montujesz drzwi? Szkolenie poni\u017cej pozwoli Ci robi\u0107 to jeszcze lepiej!<\/h1>\n<p style=\"text-align: center;\">Witaj w dziale po\u015bwi\u0119conym doskonaleniu wiedzy produktowej.<br \/>\nKlikaj. Sprawdzaj. Ucz si\u0119.<\/p>\n<p>&nbsp;<\/p>\n<h3 style=\"text-align: center;\">Zobacz, co naprawd\u0119 wyr\u00f3\u017cnia drzwi CAL.<\/h3>\n<h3 style=\"text-align: center;\"><a href=\"https:\/\/www.drzwi-cal.pl\/wp-content\/uploads\/2025\/05\/Dlaczego_CAL.pdf\"><strong>Dlaczego CAL<\/strong><\/a> to Tw\u00f3j spos\u00f3b na szybsz\u0105 i skuteczniejsz\u0105 sprzeda\u017c.<\/h3>\n<p>&nbsp;<\/p>\n<h2 style=\"text-align: left;\">Video\u00a0#1\u00a0dotyczy profesjonalnego monta\u017cu systemu ERGON<\/h2>\n<p>&nbsp;<\/p>\n<div style=\"text-align: center;\"><iframe src=\"https:\/\/www.youtube.com\/embed\/HrqFCnk1SYg\" width=\"560\" height=\"315\" frameborder=\"0\" allowfullscreen=\"allowfullscreen\"><\/iframe><\/div>\n<div><\/div>\n<p>&nbsp;<\/p>\n<h1><\/h1>\n<h2 style=\"text-align: left;\">Video\u00a0#2\u00a0dotyczy przeszkle\u0144 w drzwiach zewn\u0119trznych CAL<\/h2>\n<p>&nbsp;<\/p>\n<div style=\"text-align: center;\"><iframe src=\"https:\/\/www.youtube.com\/embed\/ZATNrvbA0ZA\" width=\"560\" height=\"315\" frameborder=\"0\" allowfullscreen=\"allowfullscreen\"><\/iframe><\/div>\n<div><\/div>\n<p>&nbsp;<\/p>\n<h1><\/h1>\n<h2 style=\"text-align: left;\">Video\u00a0#3\u00a0dotyczy klasy antyw\u0142amaniowej RC2 w drzwiach zewn\u0119trznych CAL<\/h2>\n<p>&nbsp;<\/p>\n<div style=\"text-align: center;\"><iframe src=\"https:\/\/www.youtube.com\/embed\/YjZgxXp49io\" width=\"560\" height=\"315\" frameborder=\"0\" allowfullscreen=\"allowfullscreen\"><\/iframe><\/div>\n<p>&nbsp;<\/p>\n<h1><\/h1>\n<h2 style=\"text-align: left;\">Video\u00a0#4 dotyczy monta\u017cu drzwi wewn\u0119trznych CAL<\/h2>\n<p>&nbsp;<\/p>\n<div style=\"text-align: center;\"><iframe src=\"https:\/\/www.youtube.com\/embed\/iYnaOVpCKQA\" width=\"560\" height=\"315\" frameborder=\"0\" allowfullscreen=\"allowfullscreen\"><\/iframe><\/div>\n<p>&nbsp;<\/p>\n<h1><\/h1>\n<h2 style=\"text-align: left;\">Video\u00a0#5 dotyczy instalacji elektrycznych w drzwiach zewn\u0119trznych CAL<\/h2>\n<p>&nbsp;<\/p>\n<div style=\"text-align: center;\"><iframe src=\"https:\/\/www.youtube.com\/embed\/vv6G4N46RgE\" width=\"560\" height=\"315\" frameborder=\"0\" allowfullscreen=\"allowfullscreen\"><span data-mce-type=\"bookmark\" style=\"display: inline-block; width: 0px; overflow: hidden; line-height: 0;\" class=\"mce_SELRES_start\">\ufeff<\/span><\/iframe><\/div>\n<p>&nbsp;<\/p>\n<h1><\/h1>\n<h2 style=\"text-align: left;\">Video\u00a0#6 dotyczy termiki w drzwiach zewn\u0119trznych CAL<\/h2>\n<p>&nbsp;<\/p>\n<div style=\"text-align: center;\"><iframe src=\"https:\/\/www.youtube.com\/embed\/A5n0dBIVV-A\" width=\"560\" height=\"315\" frameborder=\"0\" allowfullscreen=\"allowfullscreen\"><span data-mce-type=\"bookmark\" style=\"display: inline-block; width: 0px; overflow: hidden; line-height: 0;\" class=\"mce_SELRES_start\">\ufeff<\/span><\/iframe><\/div>\n<div><\/div>\n<div>\n<h1 style=\"text-align: left;\"><\/h1>\n<\/div>\n<div>\n<h2 style=\"text-align: left;\">Video #7 dotyczy pi\u0119ciu faz sprzedaz\u0307y drzwi zewn\u0119trznych i wewn\u0119trznych<\/h2>\n<p>&nbsp;<\/p>\n<div style=\"text-align: center;\"><iframe title=\"YouTube video player\" src=\"https:\/\/www.youtube.com\/embed\/_CnLd_dBBs4\" width=\"560\" height=\"315\" frameborder=\"0\" allowfullscreen=\"allowfullscreen\"><\/iframe><\/div>\n<div><\/div>\n<\/div>\n<div>\n<h2 style=\"text-align: left;\">Video #8 dotyczy monta\u017cu drzwi zewn\u0119trznych marki CAL<\/h2>\n<p>&nbsp;<\/p>\n<div style=\"text-align: center;\"><iframe title=\"YouTube video player\" src=\"https:\/\/www.youtube.com\/embed\/m6uzPELZBbY\" width=\"560\" height=\"315\" frameborder=\"0\" allowfullscreen=\"allowfullscreen\"><\/iframe><\/div>\n<\/div>\n<div><\/div>\n<div><\/div>\n<div><\/div>\n<div><\/div>\n<div>\n<h2>Szkolenia online \u2013 kompleksowa wiedza o monta\u017cu drzwi<\/h2>\n<p>Chcesz wzbogaci\u0107 swoj\u0105 eksperck\u0105 wiedz\u0119 z zakresu stolarki drzwiowej? Szukasz wskaz\u00f3wek, jak profesjonalnie obchodzi\u0107 si\u0119 z naszymi produktami? Poznaj Akademi\u0119 CAL! Jest to inicjatywa, w ramach kt\u00f3rej udost\u0119pniamy <strong>szkolenia online<\/strong> o r\u00f3\u017cnych aspektach stolarki drzwiowej. Zawarte w materia\u0142ach informacje b\u0119d\u0105 pomocne dla architekt\u00f3w, sprzedawc\u00f3w, monter\u00f3w i wszystkich, kt\u00f3rzy na co dzie\u0144 pracuj\u0105 z naszymi produktami.<\/p>\n<h2>Filmy instrukta\u017cowe \u2013 rozbuduj swoj\u0105 wiedz\u0119!<\/h2>\n<p>Akademi\u0119 CAL rozwijamy w przestrzeni wirtualnej. Dlaczego? Nie ka\u017cdy, kto chce poszerzy\u0107 swoj\u0105 wiedz\u0119 na temat stolarki drzwiowej, ma czas i mo\u017cliwo\u015bci, aby uczestniczy\u0107 w szkoleniu produktowym w formie stacjonarnej. Przygotowane przez nas materia\u0142y mo\u017cesz ogl\u0105da\u0107 tak, jak jest Ci wygodnie \u2013 gdzie chcesz i kiedy chcesz. Wystarczy do tego tylko komputer lub smartfon. Przekonaj si\u0119, jakie to proste i komfortowe rozwi\u0105zanie!<\/p>\n<p><strong>Filmy instrukta\u017cowe<\/strong> zawieraj\u0105 wy\u0142\u0105cznie merytoryczne tre\u015bci. W materia\u0142ach dotycz\u0105cych monta\u017cu r\u00f3\u017cnych rodzaj\u00f3w drzwi zobaczysz, jak fachowiec krok po kroku obchodzi si\u0119 w prawid\u0142owy spos\u00f3b z naszym produktem. W niekt\u00f3rych filmach pojawia si\u0119 przedstawiciel naszej firmy i wyczerpuj\u0105co opowiada o danym zagadnieniu, np. w materiale o instalacjach elektrycznych, kt\u00f3re znajduj\u0105 si\u0119 w <a href=\"https:\/\/www.drzwi-cal.pl\/drzwi-zewnetrzne\/\">drzwiach zewn\u0119trznych CAL<\/a>.<\/p>\n<h2>Jaki zakres wiedzy obejmuj\u0105 szkolenia online w Akademii CAL?<\/h2>\n<p>Na naszym firmowym blogu udost\u0119pniamy <strong>filmy instrukta\u017cowe<\/strong> dotycz\u0105ce r\u00f3\u017cnych zagadnie\u0144 stolarki drzwiowej. Wsp\u00f3lnym mianownikiem materia\u0142\u00f3w wideo s\u0105 produkty naszej firmy. Dzi\u0119ki materia\u0142om wideo dowiesz si\u0119 mi\u0119dzy innymi tego, <a href=\"https:\/\/www.drzwi-cal.pl\/en\/blog\/montaz-drzwi-wewnetrznych-bez-tajemnic-jak-i-kiedy\/\">jak zamontowa\u0107 drzwi wewn\u0119trzne<\/a>? Jakimi parametrami termicznymi charakteryzuj\u0105 si\u0119 drzwi wej\u015bciowe CAL? Co warto wiedzie\u0107 o przeszkleniach w drzwiach zewn\u0119trznych CAL?<\/p>\n<p>Ka\u017cdy z <strong>film\u00f3w instrukta\u017cowych<\/strong> jest profesjonalnie wykonany. Posiada tytu\u0142, przykuwaj\u0105c\u0105 uwag\u0119 miniaturk\u0119 oraz streszczenie odcinka. Czas trwania materia\u0142\u00f3w wynosi od kilku do kilkunastu minut. Dzi\u0119ki temu na poznanie interesuj\u0105cego Ci\u0119 zagadnienia nie musisz po\u015bwi\u0119ca\u0107 du\u017co czasu. Wybrany materia\u0142 mo\u017cesz obejrze\u0107 podczas przerwy na kaw\u0119! Na blogu opublikowali\u015bmy <strong>filmy instrukta\u017cowe<\/strong> w sugerowanej kolejno\u015bci ogl\u0105dania.<\/p>\n<p>Jeste\u015b \u201eg\u0142odny\u201d wiedzy na temat zagadnie\u0144 dotycz\u0105cych stolarki drzwiowej? Chcesz poszerzy\u0107 swoj\u0105 eksperck\u0105 wiedz\u0119? Zaciekawi\u0142y Ci\u0119 <strong>szkolenia online<\/strong> na naszym firmowym blogu i chcesz obejrze\u0107 ich wi\u0119cej? Sprawd\u017a, co przygotowali\u015bmy na naszym kanale na YouTube <a href=\"https:\/\/www.youtube.com\/channel\/UC3fD0bgBJnsGz05yaF7WWVg\">\u201eCAL prawdziwe drzwi\u201d<\/a>. Jest tam wi\u0119cej <strong>film\u00f3w instrukta\u017cowych<\/strong>, materia\u0142\u00f3w promocyjnych oraz ciekawych podcast\u00f3w. B\u0105d\u017a na bie\u017c\u0105co z trendami w stolarce drzwiowej!<\/p>\n<h2>Szkolenia online \u2013 fachowa wiedza za darmo<\/h2>\n<p>Je\u015bli sprzedajesz drzwi to b\u0119dzie Twoje ulubione szkolenie!<\/p>\n<p>Zainteresowa\u0142o Ci\u0119 jakie\u015b zagadnienie przedstawione w Akademii CAL i chcesz o nim porozmawia\u0107 z innymi ekspertami? Zadaj pytanie w komentarzu pod filmem na naszym kanale na YouTube lub do\u0142\u0105cz do dyskusji tocz\u0105cej si\u0119 w grupie Akademii CAL na <a href=\"https:\/\/www.facebook.com\/groups\/665423236977283\/\">Facebooku<\/a>. Mo\u017cesz sprawdzi\u0107 zak\u0142adk\u0119 \u201eKontakt\u201d na naszym firmowym blogu, gdzie znajdziesz do nas mail i telefon. Bardzo ch\u0119tnie odpowiemy na Twoje pytania!<\/p>\n<h2>Wybierz idealne drzwi do Twojego domu!<\/h2>\n<p>Przygotowali\u015bmy dla Ciebie kolekcje drzwi wykonanych ze szlachetnych gatunk\u00f3w drewna. Nasze drzwi wyr\u00f3\u017cniaj\u0105 si\u0119 trwa\u0142o\u015bci\u0105, energooszcz\u0119dno\u015bci\u0105 oraz ponadczasowym pi\u0119knem. Odkryj nasz bogaty asortyment, przegl\u0105daj\u0105c na niniejszej witrynie zak\u0142adki z drzwiami zewn\u0119trznymi i wewn\u0119trznymi. W dokonaniu prawid\u0142owego wyboru pomog\u0105 Ci projekty, kt\u00f3re zawarli\u015bmy w naszym katalogu. Sprawd\u017a go!<\/p>\n<\/div>\n<div><\/div>\n<p><a href=\"\/\/www.pinterest.com\/pin\/create\/button\/\" data-pin-do=\"buttonBookmark\" data-pin-color=\"red\" data-pin-height=\"128\"><img decoding=\"async\" src=\"\/\/assets.pinterest.com\/images\/pidgets\/pinit_fg_en_rect_red_28.png\" \/><\/a><\/p>","protected":false},"excerpt":{"rendered":"<p>Sprzedajesz lub montujesz drzwi? Szkolenie poni\u017cej pozwoli Ci robi\u0107 to jeszcze lepiej! Witaj w dziale po\u015bwi\u0119conym doskonaleniu wiedzy produktowej. Klikaj. Sprawdzaj. Ucz si\u0119. &nbsp; Zobacz, co naprawd\u0119 wyr\u00f3\u017cnia drzwi CAL&#8230;.<\/p>\n","protected":false},"author":23,"featured_media":0,"parent":0,"menu_order":0,"comment_status":"closed","ping_status":"closed","template":"","meta":{"footnotes":""},"class_list":["post-3937","page","type-page","status-publish","hentry"],"acf":[],"yoast_head":"<!-- This site is optimized with the Yoast SEO plugin v26.5 - https:\/\/yoast.com\/wordpress\/plugins\/seo\/ -->\n<title>Akademia CAL - Drzwi zewn\u0119trzne i wewn\u0119trzne premium<\/title>\n<meta name=\"description\" content=\"Akademia CAL poszerza wiedz\u0119 na temat drzwi. Szkolenie jest dost\u0119pne dla Partnera, Montera oraz Klienta. Poznaj lepiej drzwi CAL\" \/>\n<meta name=\"robots\" content=\"index, follow, max-snippet:-1, max-image-preview:large, max-video-preview:-1\" \/>\n<link rel=\"canonical\" href=\"https:\/\/www.drzwi-cal.pl\/en\/akademia-cal\/\" \/>\n<meta property=\"og:locale\" content=\"en_US\" \/>\n<meta property=\"og:type\" content=\"article\" \/>\n<meta property=\"og:title\" content=\"Akademia CAL - Drzwi zewn\u0119trzne i wewn\u0119trzne premium\" \/>\n<meta property=\"og:description\" content=\"Akademia CAL poszerza wiedz\u0119 na temat drzwi. Szkolenie jest dost\u0119pne dla Partnera, Montera oraz Klienta. Poznaj lepiej drzwi CAL\" \/>\n<meta property=\"og:url\" content=\"https:\/\/www.drzwi-cal.pl\/en\/akademia-cal\/\" \/>\n<meta property=\"og:site_name\" content=\"Drzwi zewn\u0119trzne i wewn\u0119trzne premium\" \/>\n<meta property=\"article:publisher\" content=\"https:\/\/www.facebook.com\/drzwical\/\" \/>\n<meta property=\"article:modified_time\" content=\"2026-04-08T20:17:50+00:00\" \/>\n<meta property=\"og:image\" content=\"https:\/\/www.drzwi-cal.pl\/wp-content\/uploads\/2018\/09\/1024px-Red_Arrow_Up.png\" \/>\n\t<meta property=\"og:image:width\" content=\"1024\" \/>\n\t<meta property=\"og:image:height\" content=\"1024\" \/>\n\t<meta property=\"og:image:type\" content=\"image\/png\" \/>\n<meta name=\"twitter:card\" content=\"summary_large_image\" \/>\n<meta name=\"twitter:label1\" content=\"Est. reading time\" \/>\n\t<meta name=\"twitter:data1\" content=\"4 minutes\" \/>\n<script type=\"application\/ld+json\" class=\"yoast-schema-graph\">{\"@context\":\"https:\/\/schema.org\",\"@graph\":[{\"@type\":\"WebPage\",\"@id\":\"https:\/\/www.drzwi-cal.pl\/en\/akademia-cal\/\",\"url\":\"https:\/\/www.drzwi-cal.pl\/en\/akademia-cal\/\",\"name\":\"Akademia CAL - Drzwi zewn\u0119trzne i wewn\u0119trzne premium\",\"isPartOf\":{\"@id\":\"https:\/\/www.drzwi-cal.pl\/en\/#website\"},\"primaryImageOfPage\":{\"@id\":\"https:\/\/www.drzwi-cal.pl\/en\/akademia-cal\/#primaryimage\"},\"image\":{\"@id\":\"https:\/\/www.drzwi-cal.pl\/en\/akademia-cal\/#primaryimage\"},\"thumbnailUrl\":\"https:\/\/www.drzwi-cal.pl\/wp-content\/uploads\/2018\/09\/1024px-Red_Arrow_Up.png\",\"datePublished\":\"2018-09-20T11:59:58+00:00\",\"dateModified\":\"2026-04-08T20:17:50+00:00\",\"description\":\"Akademia CAL poszerza wiedz\u0119 na temat drzwi. Szkolenie jest dost\u0119pne dla Partnera, Montera oraz Klienta. Poznaj lepiej drzwi CAL\",\"breadcrumb\":{\"@id\":\"https:\/\/www.drzwi-cal.pl\/en\/akademia-cal\/#breadcrumb\"},\"inLanguage\":\"en-US\",\"potentialAction\":[{\"@type\":\"ReadAction\",\"target\":[\"https:\/\/www.drzwi-cal.pl\/en\/akademia-cal\/\"]}]},{\"@type\":\"ImageObject\",\"inLanguage\":\"en-US\",\"@id\":\"https:\/\/www.drzwi-cal.pl\/en\/akademia-cal\/#primaryimage\",\"url\":\"https:\/\/www.drzwi-cal.pl\/wp-content\/uploads\/2018\/09\/1024px-Red_Arrow_Up.png\",\"contentUrl\":\"https:\/\/www.drzwi-cal.pl\/wp-content\/uploads\/2018\/09\/1024px-Red_Arrow_Up.png\"},{\"@type\":\"BreadcrumbList\",\"@id\":\"https:\/\/www.drzwi-cal.pl\/en\/akademia-cal\/#breadcrumb\",\"itemListElement\":[{\"@type\":\"ListItem\",\"position\":1,\"name\":\"CAL prawdziwe drzwi\",\"item\":\"https:\/\/www.drzwi-cal.pl\/en\/\"},{\"@type\":\"ListItem\",\"position\":2,\"name\":\"Akademia CAL\"}]},{\"@type\":\"WebSite\",\"@id\":\"https:\/\/www.drzwi-cal.pl\/en\/#website\",\"url\":\"https:\/\/www.drzwi-cal.pl\/en\/\",\"name\":\"Drzwi zewn\u0119trzne i wewn\u0119trzne premium\",\"description\":\"Wybierz tylko kolor i model swoich drzwi zewn\u0119trznych CAL, bo ciep\u0142o i bezpiecze\u0144stwo masz zawsze w cenie! Dobierz pasuj\u0105ce drewniane drzwi wewn\u0119trzne CAL.\",\"publisher\":{\"@id\":\"https:\/\/www.drzwi-cal.pl\/en\/#organization\"},\"potentialAction\":[{\"@type\":\"SearchAction\",\"target\":{\"@type\":\"EntryPoint\",\"urlTemplate\":\"https:\/\/www.drzwi-cal.pl\/en\/?s={search_term_string}\"},\"query-input\":{\"@type\":\"PropertyValueSpecification\",\"valueRequired\":true,\"valueName\":\"search_term_string\"}}],\"inLanguage\":\"en-US\"},{\"@type\":\"Organization\",\"@id\":\"https:\/\/www.drzwi-cal.pl\/en\/#organization\",\"name\":\"Drzwi CAL\",\"alternateName\":\"Prawdziwe drzwi CAL\",\"url\":\"https:\/\/www.drzwi-cal.pl\/en\/\",\"logo\":{\"@type\":\"ImageObject\",\"inLanguage\":\"en-US\",\"@id\":\"https:\/\/www.drzwi-cal.pl\/en\/#\/schema\/logo\/image\/\",\"url\":\"https:\/\/www.drzwi-cal.pl\/wp-content\/uploads\/2018\/08\/CAL.jpg\",\"contentUrl\":\"https:\/\/www.drzwi-cal.pl\/wp-content\/uploads\/2018\/08\/CAL.jpg\",\"width\":1667,\"height\":750,\"caption\":\"Drzwi CAL\"},\"image\":{\"@id\":\"https:\/\/www.drzwi-cal.pl\/en\/#\/schema\/logo\/image\/\"},\"sameAs\":[\"https:\/\/www.facebook.com\/drzwical\/\",\"https:\/\/www.instagram.com\/drzwical\/\",\"https:\/\/www.linkedin.com\/company\/drzwi-cal\",\"https:\/\/www.youtube.com\/user\/drzwical\/\"]}]}<\/script>\n<!-- \/ Yoast SEO plugin. -->","yoast_head_json":{"title":"Akademia CAL - Drzwi zewn\u0119trzne i wewn\u0119trzne premium","description":"Akademia CAL poszerza wiedz\u0119 na temat drzwi. Szkolenie jest dost\u0119pne dla Partnera, Montera oraz Klienta. Poznaj lepiej drzwi CAL","robots":{"index":"index","follow":"follow","max-snippet":"max-snippet:-1","max-image-preview":"max-image-preview:large","max-video-preview":"max-video-preview:-1"},"canonical":"https:\/\/www.drzwi-cal.pl\/en\/akademia-cal\/","og_locale":"en_US","og_type":"article","og_title":"Akademia CAL - Drzwi zewn\u0119trzne i wewn\u0119trzne premium","og_description":"Akademia CAL poszerza wiedz\u0119 na temat drzwi. Szkolenie jest dost\u0119pne dla Partnera, Montera oraz Klienta. Poznaj lepiej drzwi CAL","og_url":"https:\/\/www.drzwi-cal.pl\/en\/akademia-cal\/","og_site_name":"Drzwi zewn\u0119trzne i wewn\u0119trzne premium","article_publisher":"https:\/\/www.facebook.com\/drzwical\/","article_modified_time":"2026-04-08T20:17:50+00:00","og_image":[{"width":1024,"height":1024,"url":"https:\/\/www.drzwi-cal.pl\/wp-content\/uploads\/2018\/09\/1024px-Red_Arrow_Up.png","type":"image\/png"}],"twitter_card":"summary_large_image","twitter_misc":{"Est. reading time":"4 minutes"},"schema":{"@context":"https:\/\/schema.org","@graph":[{"@type":"WebPage","@id":"https:\/\/www.drzwi-cal.pl\/en\/akademia-cal\/","url":"https:\/\/www.drzwi-cal.pl\/en\/akademia-cal\/","name":"Akademia CAL - Drzwi zewn\u0119trzne i wewn\u0119trzne premium","isPartOf":{"@id":"https:\/\/www.drzwi-cal.pl\/en\/#website"},"primaryImageOfPage":{"@id":"https:\/\/www.drzwi-cal.pl\/en\/akademia-cal\/#primaryimage"},"image":{"@id":"https:\/\/www.drzwi-cal.pl\/en\/akademia-cal\/#primaryimage"},"thumbnailUrl":"https:\/\/www.drzwi-cal.pl\/wp-content\/uploads\/2018\/09\/1024px-Red_Arrow_Up.png","datePublished":"2018-09-20T11:59:58+00:00","dateModified":"2026-04-08T20:17:50+00:00","description":"Akademia CAL poszerza wiedz\u0119 na temat drzwi. Szkolenie jest dost\u0119pne dla Partnera, Montera oraz Klienta. Poznaj lepiej drzwi CAL","breadcrumb":{"@id":"https:\/\/www.drzwi-cal.pl\/en\/akademia-cal\/#breadcrumb"},"inLanguage":"en-US","potentialAction":[{"@type":"ReadAction","target":["https:\/\/www.drzwi-cal.pl\/en\/akademia-cal\/"]}]},{"@type":"ImageObject","inLanguage":"en-US","@id":"https:\/\/www.drzwi-cal.pl\/en\/akademia-cal\/#primaryimage","url":"https:\/\/www.drzwi-cal.pl\/wp-content\/uploads\/2018\/09\/1024px-Red_Arrow_Up.png","contentUrl":"https:\/\/www.drzwi-cal.pl\/wp-content\/uploads\/2018\/09\/1024px-Red_Arrow_Up.png"},{"@type":"BreadcrumbList","@id":"https:\/\/www.drzwi-cal.pl\/en\/akademia-cal\/#breadcrumb","itemListElement":[{"@type":"ListItem","position":1,"name":"CAL prawdziwe drzwi","item":"https:\/\/www.drzwi-cal.pl\/en\/"},{"@type":"ListItem","position":2,"name":"Akademia CAL"}]},{"@type":"WebSite","@id":"https:\/\/www.drzwi-cal.pl\/en\/#website","url":"https:\/\/www.drzwi-cal.pl\/en\/","name":"Drzwi zewn\u0119trzne i wewn\u0119trzne premium","description":"Wybierz tylko kolor i model swoich drzwi zewn\u0119trznych CAL, bo ciep\u0142o i bezpiecze\u0144stwo masz zawsze w cenie! Dobierz pasuj\u0105ce drewniane drzwi wewn\u0119trzne CAL.","publisher":{"@id":"https:\/\/www.drzwi-cal.pl\/en\/#organization"},"potentialAction":[{"@type":"SearchAction","target":{"@type":"EntryPoint","urlTemplate":"https:\/\/www.drzwi-cal.pl\/en\/?s={search_term_string}"},"query-input":{"@type":"PropertyValueSpecification","valueRequired":true,"valueName":"search_term_string"}}],"inLanguage":"en-US"},{"@type":"Organization","@id":"https:\/\/www.drzwi-cal.pl\/en\/#organization","name":"Drzwi CAL","alternateName":"Prawdziwe drzwi CAL","url":"https:\/\/www.drzwi-cal.pl\/en\/","logo":{"@type":"ImageObject","inLanguage":"en-US","@id":"https:\/\/www.drzwi-cal.pl\/en\/#\/schema\/logo\/image\/","url":"https:\/\/www.drzwi-cal.pl\/wp-content\/uploads\/2018\/08\/CAL.jpg","contentUrl":"https:\/\/www.drzwi-cal.pl\/wp-content\/uploads\/2018\/08\/CAL.jpg","width":1667,"height":750,"caption":"Drzwi CAL"},"image":{"@id":"https:\/\/www.drzwi-cal.pl\/en\/#\/schema\/logo\/image\/"},"sameAs":["https:\/\/www.facebook.com\/drzwical\/","https:\/\/www.instagram.com\/drzwical\/","https:\/\/www.linkedin.com\/company\/drzwi-cal","https:\/\/www.youtube.com\/user\/drzwical\/"]}]}},"_links":{"self":[{"href":"https:\/\/www.drzwi-cal.pl\/en\/wp-json\/wp\/v2\/pages\/3937","targetHints":{"allow":["GET"]}}],"collection":[{"href":"https:\/\/www.drzwi-cal.pl\/en\/wp-json\/wp\/v2\/pages"}],"about":[{"href":"https:\/\/www.drzwi-cal.pl\/en\/wp-json\/wp\/v2\/types\/page"}],"author":[{"embeddable":true,"href":"https:\/\/www.drzwi-cal.pl\/en\/wp-json\/wp\/v2\/users\/23"}],"replies":[{"embeddable":true,"href":"https:\/\/www.drzwi-cal.pl\/en\/wp-json\/wp\/v2\/comments?post=3937"}],"version-history":[{"count":12,"href":"https:\/\/www.drzwi-cal.pl\/en\/wp-json\/wp\/v2\/pages\/3937\/revisions"}],"predecessor-version":[{"id":23606,"href":"https:\/\/www.drzwi-cal.pl\/en\/wp-json\/wp\/v2\/pages\/3937\/revisions\/23606"}],"wp:attachment":[{"href":"https:\/\/www.drzwi-cal.pl\/en\/wp-json\/wp\/v2\/media?parent=3937"}],"curies":[{"name":"wp","href":"https:\/\/api.w.org\/{rel}","templated":true}]}}