{"id":7601,"date":"2020-02-18T10:51:14","date_gmt":"2020-02-18T09:51:14","guid":{"rendered":"https:\/\/www.drzwi-cal.pl\/?page_id=7601"},"modified":"2026-04-08T22:14:18","modified_gmt":"2026-04-08T20:14:18","slug":"drzwi-energooszczedne-drzwi-pasywne-dobry-wybor","status":"publish","type":"page","link":"https:\/\/www.drzwi-cal.pl\/en\/drzwi-energooszczedne-drzwi-pasywne-dobry-wybor\/","title":{"rendered":"Drzwi pasywne, drzwi zewn\u0119trzne energooszcz\u0119dne"},"content":{"rendered":"<h2>Drzwi zewn\u0119trzne energooszcz\u0119dne \u2013 na miar\u0119 nowoczesnego domu<\/h2>\n<p>Kiedy tylko li\u015bcie na drzewach \u017c\u00f3\u0142kn\u0105, Polacy zaczynaj\u0105 si\u0119 martwi\u0107, jak wysokie koszty ponios\u0105 w najbli\u017cszym sezonie grzewczym. Bior\u0105c pod uwag\u0119, \u017ce w Polsce \u015brednia temperatura w zimie oscyluje w przedziale od -2\u00b0C do 2\u00b0C, obawy o rachunki za ogrzewanie mog\u0105 by\u0107 uzasadnione.<\/p>\n<p>Jeszcze na etapie projektowania domu lub podczas remontu generalnego warto zatroszczy\u0107 si\u0119 o to, aby komfortowa temperatura wewn\u0105trz budynku nie wi\u0105za\u0142a si\u0119 ze s\u0142onymi op\u0142atami. Je\u015bli my\u015blisz o <strong>oszcz\u0119dzaniu energii<\/strong> i chcesz obni\u017cy\u0107 koszty eksploatacji domu, zainwestuj w <strong>drzwi zewn\u0119trzne energooszcz\u0119dne<\/strong>. Drzwi o podwy\u017cszonych standardach cieplnych znajdziesz w <strong>naszej ofercie!<\/strong> Sprawd\u017c te\u017c <strong><a href=\"https:\/\/www.drzwi-cal.pl\/en\/czyste-powietrze\/\">mo\u017cliwo\u015bci dofinansowania z programu czyste powietrze<\/a><\/strong>.<\/p>\n<h2>Ciep\u0142e drzwi zewn\u0119trzne \u2013 jaki maj\u0105 wsp\u00f3\u0142czynnik U?<\/h2>\n<p>Design, przeszklenia, materia\u0142, monta\u017c \u2013 wszystkie to jest istotne przy wyborze <strong>drzwi energooszcz\u0119dnych<\/strong>, ale nie s\u0105 najwa\u017cniejsze. Kiedy szukasz drzwi o wysokiej izolacyjno\u015bci termicznej, przede wszystkim zwr\u00f3\u0107 uwag\u0119 na wsp\u00f3\u0142czynnik przenikania ciep\u0142a U. Dzi\u0119ki tej informacji dowiesz si\u0119, jaka ilo\u015b\u0107 energii przenika przez 1 metr kwadratowy powierzchni drzwi.<\/p>\n<p>W skr\u00f3cie \u2013 im mniejsza warto\u015b\u0107 U, tym drzwi lepiej chroni\u0105 przed ch\u0142odem, minimalizuj\u0105 straty ciep\u0142a, a Ty wi\u0119cej oszcz\u0119dzasz na ogrzewaniu domu. Od 1 stycznia 2021 roku wsp\u00f3\u0142czynnik U dla <strong>drzwi energooszcz\u0119dnych<\/strong> nie powinien by\u0107 wi\u0119kszy ni\u017c 1,3W\/(m\u00b2K). W asortymencie naszej firmy znajdziesz <a href=\"https:\/\/www.drzwi-cal.pl\/drzwi-zewnetrzne\/\"><strong>drzwi zewn\u0119trzne<\/strong><\/a>, kt\u00f3re spe\u0142niaj\u0105 wymagania nowych przepis\u00f3w.<\/p>\n<p>Niekt\u00f3re z naszych drzwi wyr\u00f3\u017cniaj\u0105 si\u0119 wsp\u00f3\u0142czynnikiem U, kt\u00f3rego warto\u015b\u0107 nie przekracza 0,8W\/(m\u00b2K). S\u0105 to drzwi z certyfikatem Passive House Institute w Darmstadt. Certyfikat ten potwierdza, \u017ce wyprodukowane przez nasz\u0105 firm\u0119 drzwi stanowi\u0105 doskona\u0142e rozwi\u0105zanie dla wszystkich, kt\u00f3rym zale\u017cy na termoizolacji i szczelno\u015bci. Drzwi z certyfikatem Passive House Institute mo\u017cesz zastosowa\u0107 nie tylko do budowy domu energooszcz\u0119dnego, ale i pasywnego, czyli wytwarzaj\u0105cego tyle energii, ile sam potrzebuje (zeroenergetycznego).<\/p>\n<h2>Jak skonstruowane s\u0105 drzwi energooszcz\u0119dne?<\/h2>\n<p>Przez drzwi i okna budynku ucieka nawet do 35% ciep\u0142a. Dlatego tak wa\u017cne jest, aby przy wyborze drzwi wyj\u015bciowych zwr\u00f3ci\u0107 uwag\u0119 na to, jak s\u0105 zbudowane i jakiego rodzaju materia\u0142em s\u0105 ocieplone. W <strong>drzwiach energooszcz\u0119dnych<\/strong> przestrze\u0144 pomi\u0119dzy panelami drzwiowymi wype\u0142nia si\u0119 materia\u0142em termoizolacyjnym. Charakteryzuje si\u0119 on niskim wsp\u00f3\u0142czynnikiem przewodzenia ciep\u0142a. Najcz\u0119\u015bciej stosowane jako materia\u0142 termoizolacyjny s\u0105: aero\u017cel, p\u0142yta fenolowa lub pianka poliuretanowa. Rzadziej jest to we\u0142na mineralna oraz styropian.<\/p>\n<p>Je\u015bli chcesz, aby <strong>drzwi zewn\u0119trzne energooszcz\u0119dne<\/strong> ogranicza\u0142y straty ciep\u0142a, nie wystarczy, \u017ce wybierzesz skrzyd\u0142o drzwiowe ocieplone materia\u0142em termoizolacyjnym. Ocieplone powinny by\u0107 r\u00f3wnie\u017c rama, o\u015bcie\u017cnica oraz pr\u00f3g. Grubo\u015b\u0107 skrzyd\u0142a drzwi mo\u017ce wynie\u015b\u0107 od 7 do 10 cm (drzwi osi\u0105gaj\u0105 wi\u0119ksz\u0105 grubo\u015b\u0107, kiedy s\u0105 wype\u0142nione we\u0142n\u0105 mineraln\u0105). Ubytki cieplne zminimalizuj\u0105 uszczelki, kt\u00f3re w drzwiach powinny by\u0107 zamontowane w kilku p\u0142aszczyznach. Na potrzeby domu energooszcz\u0119dnego lub pasywnego polecane s\u0105 uszczelki potr\u00f3jne.<\/p>\n<h2>Drzwi zewn\u0119trzne energooszcz\u0119dne \u2013 z czego s\u0105 wykonane?<\/h2>\n<p>Parametry izolacyjne <strong>drzwi zewn\u0119trznych energooszcz\u0119dnych<\/strong> s\u0105 uzale\u017cnione od tego, z jakiego materia\u0142u drzwi s\u0105 wykonane. Za najbardziej energooszcz\u0119dne uwa\u017ca si\u0119 drzwi drewniane (szczeg\u00f3lnie polecanym gatunkiem drewna jest sosna). Skrzyd\u0142o drzwi zewn\u0119trznych mo\u017ce by\u0107 tak\u017ce wykonane ze stali, aluminium lub drewnianych kompozyt\u00f3w.<\/p>\n<p>Je\u015bli chcesz, aby w <strong>drzwiach zewn\u0119trznych energooszcz\u0119dnych<\/strong> znajdowa\u0142y si\u0119 przeszklenia, zwr\u00f3\u0107 uwag\u0119, aby to by\u0142o szk\u0142o termoizolacyjne. Je\u015bli obawiasz si\u0119, \u017ce szyba mo\u017ce stanowi\u0107 \u0142atw\u0105 do sforsowania przeszkod\u0119 dla w\u0142amywacza, wybierz drzwi antyw\u0142amaniowe. Nie musisz w\u00f3wczas rezygnowa\u0107 z przeszklenia. Klasa antyw\u0142amaniowa drzwi jest oznaczana symbolem RCX, gdzie w miejscu X znajduje si\u0119 cyfra. Drzwi ze wzmocnieniami posiadaj\u0105 klas\u0119 <a href=\"https:\/\/www.drzwi-cal.pl\/en\/bezpieczne-drzwi\/\">RC2<\/a>, natomiast drzwi antyw\u0142amaniowe opatrzone s\u0105 symbolami RC3 i RC4.<\/p>\n<h2>Drzwi zewn\u0119trzne pasywne &#8211; Standard CPH Component<\/h2>\n<p>To pierwsze na polskim rynku drzwi zewn\u0119trzne<strong> (tak\u017ce z na\u015bwietlami!)<\/strong> z certyfikatem Passive House Institute w Darmstadt. Certyfikat ten potwierdza, \u017ce nasze drzwi stanowi\u0105 doskona\u0142e rozwi\u0105zanie dla wszystkich tych, kt\u00f3rym zale\u017cy na termoizolacji i szczelno\u015bci oraz \u017ce mog\u0105 by\u0107 one stosowane w domach pasywnych. Badanie parametr\u00f3w i certyfikacja obejmowa\u0142a r\u00f3wnie\u017c system monta\u017cu drzwi. Dotyczy wybranych modeli w ofercie CAL.<\/p>\n<h2>Sekret ciep\u0142ego mieszkania? W\u0142a\u015bciwie zamontowane drzwi<\/h2>\n<p>Je\u015bli interesuje Ci\u0119 <strong>oszcz\u0119dzanie energii<\/strong>, zadbaj o odpowiedni monta\u017c <strong>drzwi energooszcz\u0119dnych<\/strong> \u2013 w fachowym nazewnictwie okre\u015bla si\u0119 go jako tzw. <strong><a href=\"https:\/\/www.drzwi-cal.pl\/montaz-2\/\">ciep\u0142y monta\u017c<\/a><\/strong>. Na czym dok\u0142adnie polega? Aby poprawnie zamontowa\u0107 drzwi, nale\u017cy to zrobi\u0107 po zako\u0144czeniu prac mokrych w budynku, czyli gdy wn\u0119trza b\u0119d\u0105 otynkowane, a pod\u0142ogi suche. <strong>Drzwi energooszcz\u0119dne<\/strong> powiniene\u015b zamontowa\u0107 na kotwach lub u\u017cywaj\u0105c ko\u0142k\u00f3w rozporowych. Przestrze\u0144 pomi\u0119dzy murem a o\u015bcie\u017cnic\u0105 wype\u0142nij piank\u0105 poliuretanow\u0105 o odpowiednich parametrach izoluj\u0105cych. Nast\u0119pnie piank\u0119 zabezpiecz ta\u015bm\u0105, zar\u00f3wno od wewn\u0105trz, jak i na zewn\u0105trz budynku.<\/p>\n<h2>Jakie wybra\u0107 drzwi energooszcz\u0119dne? Sprawd\u017a asortyment naszego sklepu<\/h2>\n<p>Zastanawiasz si\u0119 nad zakupem <strong>drzwi zewn\u0119trznych energooszcz\u0119dnych<\/strong>? W naszej ofercie znajdziesz wyj\u0105tkowe kolekcje <a href=\"https:\/\/www.drzwi-cal.pl\/drzwi-zewnetrzne\/\"><strong>ciep\u0142ych drzwi zewn\u0119trznych<\/strong>.<\/a> Produkujemy drzwi, kt\u00f3re idealnie trafi\u0105 w Tw\u00f3j gust. Przekonaj si\u0119!<\/p>\n<p><a href=\"\/\/www.pinterest.com\/pin\/create\/button\/\" data-pin-do=\"buttonBookmark\" data-pin-color=\"red\" data-pin-height=\"128\"><img decoding=\"async\" src=\"\/\/assets.pinterest.com\/images\/pidgets\/pinit_fg_en_rect_red_28.png\" \/><\/a><\/p>","protected":false},"excerpt":{"rendered":"<p>Drzwi zewn\u0119trzne energooszcz\u0119dne \u2013 na miar\u0119 nowoczesnego domu Kiedy tylko li\u015bcie na drzewach \u017c\u00f3\u0142kn\u0105, Polacy zaczynaj\u0105 si\u0119 martwi\u0107, jak wysokie koszty ponios\u0105 w najbli\u017cszym sezonie grzewczym. Bior\u0105c pod uwag\u0119, \u017ce&#8230;<\/p>\n","protected":false},"author":23,"featured_media":7660,"parent":0,"menu_order":0,"comment_status":"closed","ping_status":"closed","template":"","meta":{"footnotes":""},"class_list":["post-7601","page","type-page","status-publish","has-post-thumbnail","hentry"],"acf":[],"yoast_head":"<!-- This site is optimized with the Yoast SEO plugin v26.5 - https:\/\/yoast.com\/wordpress\/plugins\/seo\/ -->\n<title>Drzwi energooszcz\u0119dne zewn\u0119trzne - Drzwi CAL\u00a0<\/title>\n<meta name=\"description\" content=\"Czy wiesz, \u017ce w bogatej ofercie ciep\u0142ych drzwi CAL masz do wyboru kilka standard\u00f3w drzwi? W tym NOWO\u015a\u0106 standard dedykowany do dom\u00f3w pasywnych- drzwi pasywne\u00a0\" \/>\n<meta name=\"robots\" content=\"index, follow, max-snippet:-1, max-image-preview:large, max-video-preview:-1\" \/>\n<link rel=\"canonical\" href=\"https:\/\/www.drzwi-cal.pl\/en\/drzwi-energooszczedne-drzwi-pasywne-dobry-wybor\/\" \/>\n<meta property=\"og:locale\" content=\"en_US\" \/>\n<meta property=\"og:type\" content=\"article\" \/>\n<meta property=\"og:title\" content=\"Drzwi energooszcz\u0119dne zewn\u0119trzne - Drzwi CAL\u00a0\" \/>\n<meta property=\"og:description\" content=\"Czy wiesz, \u017ce w bogatej ofercie ciep\u0142ych drzwi CAL masz do wyboru kilka standard\u00f3w drzwi? W tym NOWO\u015a\u0106 standard dedykowany do dom\u00f3w pasywnych- drzwi pasywne\u00a0\" \/>\n<meta property=\"og:url\" content=\"https:\/\/www.drzwi-cal.pl\/en\/drzwi-energooszczedne-drzwi-pasywne-dobry-wybor\/\" \/>\n<meta property=\"og:site_name\" content=\"Drzwi zewn\u0119trzne i wewn\u0119trzne premium\" \/>\n<meta property=\"article:publisher\" content=\"https:\/\/www.facebook.com\/drzwical\/\" \/>\n<meta property=\"article:modified_time\" content=\"2026-04-08T20:14:18+00:00\" \/>\n<meta property=\"og:image\" content=\"https:\/\/www.drzwi-cal.pl\/wp-content\/uploads\/2020\/02\/test3-1-scaled.jpg\" \/>\n\t<meta property=\"og:image:width\" content=\"2560\" \/>\n\t<meta property=\"og:image:height\" content=\"713\" \/>\n\t<meta property=\"og:image:type\" content=\"image\/jpeg\" \/>\n<meta name=\"twitter:card\" content=\"summary_large_image\" \/>\n<meta name=\"twitter:label1\" content=\"Est. reading time\" \/>\n\t<meta name=\"twitter:data1\" content=\"4 minutes\" \/>\n<script type=\"application\/ld+json\" class=\"yoast-schema-graph\">{\"@context\":\"https:\/\/schema.org\",\"@graph\":[{\"@type\":\"WebPage\",\"@id\":\"https:\/\/www.drzwi-cal.pl\/en\/drzwi-energooszczedne-drzwi-pasywne-dobry-wybor\/\",\"url\":\"https:\/\/www.drzwi-cal.pl\/en\/drzwi-energooszczedne-drzwi-pasywne-dobry-wybor\/\",\"name\":\"Drzwi energooszcz\u0119dne zewn\u0119trzne - Drzwi CAL\u00a0\",\"isPartOf\":{\"@id\":\"https:\/\/www.drzwi-cal.pl\/en\/#website\"},\"primaryImageOfPage\":{\"@id\":\"https:\/\/www.drzwi-cal.pl\/en\/drzwi-energooszczedne-drzwi-pasywne-dobry-wybor\/#primaryimage\"},\"image\":{\"@id\":\"https:\/\/www.drzwi-cal.pl\/en\/drzwi-energooszczedne-drzwi-pasywne-dobry-wybor\/#primaryimage\"},\"thumbnailUrl\":\"https:\/\/www.drzwi-cal.pl\/wp-content\/uploads\/2020\/02\/test3-1-scaled.jpg\",\"datePublished\":\"2020-02-18T09:51:14+00:00\",\"dateModified\":\"2026-04-08T20:14:18+00:00\",\"description\":\"Czy wiesz, \u017ce w bogatej ofercie ciep\u0142ych drzwi CAL masz do wyboru kilka standard\u00f3w drzwi? W tym NOWO\u015a\u0106 standard dedykowany do dom\u00f3w pasywnych- drzwi pasywne\u00a0\",\"breadcrumb\":{\"@id\":\"https:\/\/www.drzwi-cal.pl\/en\/drzwi-energooszczedne-drzwi-pasywne-dobry-wybor\/#breadcrumb\"},\"inLanguage\":\"en-US\",\"potentialAction\":[{\"@type\":\"ReadAction\",\"target\":[\"https:\/\/www.drzwi-cal.pl\/en\/drzwi-energooszczedne-drzwi-pasywne-dobry-wybor\/\"]}]},{\"@type\":\"ImageObject\",\"inLanguage\":\"en-US\",\"@id\":\"https:\/\/www.drzwi-cal.pl\/en\/drzwi-energooszczedne-drzwi-pasywne-dobry-wybor\/#primaryimage\",\"url\":\"https:\/\/www.drzwi-cal.pl\/wp-content\/uploads\/2020\/02\/test3-1-scaled.jpg\",\"contentUrl\":\"https:\/\/www.drzwi-cal.pl\/wp-content\/uploads\/2020\/02\/test3-1-scaled.jpg\",\"width\":2560,\"height\":713,\"caption\":\"Dom pasywny, drzwi pasywne - zdj\u0119cie\"},{\"@type\":\"BreadcrumbList\",\"@id\":\"https:\/\/www.drzwi-cal.pl\/en\/drzwi-energooszczedne-drzwi-pasywne-dobry-wybor\/#breadcrumb\",\"itemListElement\":[{\"@type\":\"ListItem\",\"position\":1,\"name\":\"CAL prawdziwe drzwi\",\"item\":\"https:\/\/www.drzwi-cal.pl\/en\/\"},{\"@type\":\"ListItem\",\"position\":2,\"name\":\"Drzwi pasywne, drzwi zewn\u0119trzne energooszcz\u0119dne\"}]},{\"@type\":\"WebSite\",\"@id\":\"https:\/\/www.drzwi-cal.pl\/en\/#website\",\"url\":\"https:\/\/www.drzwi-cal.pl\/en\/\",\"name\":\"Drzwi zewn\u0119trzne i wewn\u0119trzne premium\",\"description\":\"Wybierz tylko kolor i model swoich drzwi zewn\u0119trznych CAL, bo ciep\u0142o i bezpiecze\u0144stwo masz zawsze w cenie! Dobierz pasuj\u0105ce drewniane drzwi wewn\u0119trzne CAL.\",\"publisher\":{\"@id\":\"https:\/\/www.drzwi-cal.pl\/en\/#organization\"},\"potentialAction\":[{\"@type\":\"SearchAction\",\"target\":{\"@type\":\"EntryPoint\",\"urlTemplate\":\"https:\/\/www.drzwi-cal.pl\/en\/?s={search_term_string}\"},\"query-input\":{\"@type\":\"PropertyValueSpecification\",\"valueRequired\":true,\"valueName\":\"search_term_string\"}}],\"inLanguage\":\"en-US\"},{\"@type\":\"Organization\",\"@id\":\"https:\/\/www.drzwi-cal.pl\/en\/#organization\",\"name\":\"Drzwi CAL\",\"alternateName\":\"Prawdziwe drzwi CAL\",\"url\":\"https:\/\/www.drzwi-cal.pl\/en\/\",\"logo\":{\"@type\":\"ImageObject\",\"inLanguage\":\"en-US\",\"@id\":\"https:\/\/www.drzwi-cal.pl\/en\/#\/schema\/logo\/image\/\",\"url\":\"https:\/\/www.drzwi-cal.pl\/wp-content\/uploads\/2018\/08\/CAL.jpg\",\"contentUrl\":\"https:\/\/www.drzwi-cal.pl\/wp-content\/uploads\/2018\/08\/CAL.jpg\",\"width\":1667,\"height\":750,\"caption\":\"Drzwi CAL\"},\"image\":{\"@id\":\"https:\/\/www.drzwi-cal.pl\/en\/#\/schema\/logo\/image\/\"},\"sameAs\":[\"https:\/\/www.facebook.com\/drzwical\/\",\"https:\/\/www.instagram.com\/drzwical\/\",\"https:\/\/www.linkedin.com\/company\/drzwi-cal\",\"https:\/\/www.youtube.com\/user\/drzwical\/\"]}]}<\/script>\n<!-- \/ Yoast SEO plugin. -->","yoast_head_json":{"title":"Drzwi energooszcz\u0119dne zewn\u0119trzne - Drzwi CAL\u00a0","description":"Czy wiesz, \u017ce w bogatej ofercie ciep\u0142ych drzwi CAL masz do wyboru kilka standard\u00f3w drzwi? W tym NOWO\u015a\u0106 standard dedykowany do dom\u00f3w pasywnych- drzwi pasywne\u00a0","robots":{"index":"index","follow":"follow","max-snippet":"max-snippet:-1","max-image-preview":"max-image-preview:large","max-video-preview":"max-video-preview:-1"},"canonical":"https:\/\/www.drzwi-cal.pl\/en\/drzwi-energooszczedne-drzwi-pasywne-dobry-wybor\/","og_locale":"en_US","og_type":"article","og_title":"Drzwi energooszcz\u0119dne zewn\u0119trzne - Drzwi CAL\u00a0","og_description":"Czy wiesz, \u017ce w bogatej ofercie ciep\u0142ych drzwi CAL masz do wyboru kilka standard\u00f3w drzwi? W tym NOWO\u015a\u0106 standard dedykowany do dom\u00f3w pasywnych- drzwi pasywne\u00a0","og_url":"https:\/\/www.drzwi-cal.pl\/en\/drzwi-energooszczedne-drzwi-pasywne-dobry-wybor\/","og_site_name":"Drzwi zewn\u0119trzne i wewn\u0119trzne premium","article_publisher":"https:\/\/www.facebook.com\/drzwical\/","article_modified_time":"2026-04-08T20:14:18+00:00","og_image":[{"width":2560,"height":713,"url":"https:\/\/www.drzwi-cal.pl\/wp-content\/uploads\/2020\/02\/test3-1-scaled.jpg","type":"image\/jpeg"}],"twitter_card":"summary_large_image","twitter_misc":{"Est. reading time":"4 minutes"},"schema":{"@context":"https:\/\/schema.org","@graph":[{"@type":"WebPage","@id":"https:\/\/www.drzwi-cal.pl\/en\/drzwi-energooszczedne-drzwi-pasywne-dobry-wybor\/","url":"https:\/\/www.drzwi-cal.pl\/en\/drzwi-energooszczedne-drzwi-pasywne-dobry-wybor\/","name":"Drzwi energooszcz\u0119dne zewn\u0119trzne - Drzwi CAL\u00a0","isPartOf":{"@id":"https:\/\/www.drzwi-cal.pl\/en\/#website"},"primaryImageOfPage":{"@id":"https:\/\/www.drzwi-cal.pl\/en\/drzwi-energooszczedne-drzwi-pasywne-dobry-wybor\/#primaryimage"},"image":{"@id":"https:\/\/www.drzwi-cal.pl\/en\/drzwi-energooszczedne-drzwi-pasywne-dobry-wybor\/#primaryimage"},"thumbnailUrl":"https:\/\/www.drzwi-cal.pl\/wp-content\/uploads\/2020\/02\/test3-1-scaled.jpg","datePublished":"2020-02-18T09:51:14+00:00","dateModified":"2026-04-08T20:14:18+00:00","description":"Czy wiesz, \u017ce w bogatej ofercie ciep\u0142ych drzwi CAL masz do wyboru kilka standard\u00f3w drzwi? W tym NOWO\u015a\u0106 standard dedykowany do dom\u00f3w pasywnych- drzwi pasywne\u00a0","breadcrumb":{"@id":"https:\/\/www.drzwi-cal.pl\/en\/drzwi-energooszczedne-drzwi-pasywne-dobry-wybor\/#breadcrumb"},"inLanguage":"en-US","potentialAction":[{"@type":"ReadAction","target":["https:\/\/www.drzwi-cal.pl\/en\/drzwi-energooszczedne-drzwi-pasywne-dobry-wybor\/"]}]},{"@type":"ImageObject","inLanguage":"en-US","@id":"https:\/\/www.drzwi-cal.pl\/en\/drzwi-energooszczedne-drzwi-pasywne-dobry-wybor\/#primaryimage","url":"https:\/\/www.drzwi-cal.pl\/wp-content\/uploads\/2020\/02\/test3-1-scaled.jpg","contentUrl":"https:\/\/www.drzwi-cal.pl\/wp-content\/uploads\/2020\/02\/test3-1-scaled.jpg","width":2560,"height":713,"caption":"Dom pasywny, drzwi pasywne - zdj\u0119cie"},{"@type":"BreadcrumbList","@id":"https:\/\/www.drzwi-cal.pl\/en\/drzwi-energooszczedne-drzwi-pasywne-dobry-wybor\/#breadcrumb","itemListElement":[{"@type":"ListItem","position":1,"name":"CAL prawdziwe drzwi","item":"https:\/\/www.drzwi-cal.pl\/en\/"},{"@type":"ListItem","position":2,"name":"Drzwi pasywne, drzwi zewn\u0119trzne energooszcz\u0119dne"}]},{"@type":"WebSite","@id":"https:\/\/www.drzwi-cal.pl\/en\/#website","url":"https:\/\/www.drzwi-cal.pl\/en\/","name":"Drzwi zewn\u0119trzne i wewn\u0119trzne premium","description":"Wybierz tylko kolor i model swoich drzwi zewn\u0119trznych CAL, bo ciep\u0142o i bezpiecze\u0144stwo masz zawsze w cenie! Dobierz pasuj\u0105ce drewniane drzwi wewn\u0119trzne CAL.","publisher":{"@id":"https:\/\/www.drzwi-cal.pl\/en\/#organization"},"potentialAction":[{"@type":"SearchAction","target":{"@type":"EntryPoint","urlTemplate":"https:\/\/www.drzwi-cal.pl\/en\/?s={search_term_string}"},"query-input":{"@type":"PropertyValueSpecification","valueRequired":true,"valueName":"search_term_string"}}],"inLanguage":"en-US"},{"@type":"Organization","@id":"https:\/\/www.drzwi-cal.pl\/en\/#organization","name":"Drzwi CAL","alternateName":"Prawdziwe drzwi CAL","url":"https:\/\/www.drzwi-cal.pl\/en\/","logo":{"@type":"ImageObject","inLanguage":"en-US","@id":"https:\/\/www.drzwi-cal.pl\/en\/#\/schema\/logo\/image\/","url":"https:\/\/www.drzwi-cal.pl\/wp-content\/uploads\/2018\/08\/CAL.jpg","contentUrl":"https:\/\/www.drzwi-cal.pl\/wp-content\/uploads\/2018\/08\/CAL.jpg","width":1667,"height":750,"caption":"Drzwi CAL"},"image":{"@id":"https:\/\/www.drzwi-cal.pl\/en\/#\/schema\/logo\/image\/"},"sameAs":["https:\/\/www.facebook.com\/drzwical\/","https:\/\/www.instagram.com\/drzwical\/","https:\/\/www.linkedin.com\/company\/drzwi-cal","https:\/\/www.youtube.com\/user\/drzwical\/"]}]}},"_links":{"self":[{"href":"https:\/\/www.drzwi-cal.pl\/en\/wp-json\/wp\/v2\/pages\/7601","targetHints":{"allow":["GET"]}}],"collection":[{"href":"https:\/\/www.drzwi-cal.pl\/en\/wp-json\/wp\/v2\/pages"}],"about":[{"href":"https:\/\/www.drzwi-cal.pl\/en\/wp-json\/wp\/v2\/types\/page"}],"author":[{"embeddable":true,"href":"https:\/\/www.drzwi-cal.pl\/en\/wp-json\/wp\/v2\/users\/23"}],"replies":[{"embeddable":true,"href":"https:\/\/www.drzwi-cal.pl\/en\/wp-json\/wp\/v2\/comments?post=7601"}],"version-history":[{"count":1,"href":"https:\/\/www.drzwi-cal.pl\/en\/wp-json\/wp\/v2\/pages\/7601\/revisions"}],"predecessor-version":[{"id":23566,"href":"https:\/\/www.drzwi-cal.pl\/en\/wp-json\/wp\/v2\/pages\/7601\/revisions\/23566"}],"wp:featuredmedia":[{"embeddable":true,"href":"https:\/\/www.drzwi-cal.pl\/en\/wp-json\/wp\/v2\/media\/7660"}],"wp:attachment":[{"href":"https:\/\/www.drzwi-cal.pl\/en\/wp-json\/wp\/v2\/media?parent=7601"}],"curies":[{"name":"wp","href":"https:\/\/api.w.org\/{rel}","templated":true}]}}