{"id":9533,"date":"2020-10-30T11:15:43","date_gmt":"2020-10-30T10:15:43","guid":{"rendered":"https:\/\/www.drzwi-cal.pl\/?page_id=9533"},"modified":"2020-10-31T17:41:20","modified_gmt":"2020-10-31T16:41:20","slug":"aukcje","status":"publish","type":"page","link":"https:\/\/www.drzwi-cal.pl\/en\/aukcje\/","title":{"rendered":"Aukcje Charytatywne"},"content":{"rendered":"<h2 style=\"text-align: center;\">Zapraszamy do licytacji obrazu na rzecz NTSP &#8220;Bajka&#8221; &#8211; szko\u0142y dla dzieci ze spektrum autyzmu!<\/h2>\n<p><a href=\"https:\/\/allegro.pl\/charytatywni\/podlaskie-stowarzyszenie-terapeutow\/cele\/szkoly-bajka-i-prolog-dla-dzieci-w-spektrum-autyzmu-w-suwalkach\"><img decoding=\"async\" class=\"aligncenter wp-image-9544\" src=\"https:\/\/www.drzwi-cal.pl\/wp-content\/uploads\/2020\/10\/Bez-nazwy-1-150x150.jpg\" alt=\"\" width=\"75\" height=\"75\" \/><\/a><\/p>\n<p><img fetchpriority=\"high\" decoding=\"async\" class=\"wp-image-9550 alignleft\" src=\"https:\/\/www.drzwi-cal.pl\/wp-content\/uploads\/2020\/10\/s45-1-300x300.jpg\" alt=\"\" width=\"274\" height=\"274\" srcset=\"https:\/\/www.drzwi-cal.pl\/wp-content\/uploads\/2020\/10\/s45-1-300x300.jpg 300w, https:\/\/www.drzwi-cal.pl\/wp-content\/uploads\/2020\/10\/s45-1-1024x1024.jpg 1024w, https:\/\/www.drzwi-cal.pl\/wp-content\/uploads\/2020\/10\/s45-1-150x150.jpg 150w, https:\/\/www.drzwi-cal.pl\/wp-content\/uploads\/2020\/10\/s45-1-768x768.jpg 768w, https:\/\/www.drzwi-cal.pl\/wp-content\/uploads\/2020\/10\/s45-1-960x960.jpg 960w, https:\/\/www.drzwi-cal.pl\/wp-content\/uploads\/2020\/10\/s45-1-640x640.jpg 640w, https:\/\/www.drzwi-cal.pl\/wp-content\/uploads\/2020\/10\/s45-1-204x204.jpg 204w, https:\/\/www.drzwi-cal.pl\/wp-content\/uploads\/2020\/10\/s45-1-120x120.jpg 120w, https:\/\/www.drzwi-cal.pl\/wp-content\/uploads\/2020\/10\/s45-1-70x70.jpg 70w, https:\/\/www.drzwi-cal.pl\/wp-content\/uploads\/2020\/10\/s45-1-25x25.jpg 25w, https:\/\/www.drzwi-cal.pl\/wp-content\/uploads\/2020\/10\/s45-1.jpg 1155w\" sizes=\"(max-width: 274px) 100vw, 274px\" \/><\/p>\n<blockquote><p>Wierz\u0119, \u017ce ka\u017cdy obraz to nie tylko pewna kompozycja zamkni\u0119ta w ramach, wzbogacenie wn\u0119trza domu albo ubogacenie naszego wn\u0119trza i poczucia estetyki. Od czas\u00f3w staro\u017cytnych sztuka mia\u0142a swoich mecenas\u00f3w. Dzi\u015b ten mecenat mo\u017cemy rozci\u0105gn\u0105\u0107 poza wsparcie artysty \u2013 dzi\u0119ki jego zaanga\u017cowaniu wsparcie trafi do bardziej potrzebuj\u0105cych. Tak sztuka zaczyna pe\u0142ni\u0107 funkcj\u0119 opieku\u0144cz\u0105, dobroczynn\u0105. Bo spo\u0142ecze\u0144stwo i wszyscy jego cz\u0142onkowie to nasza wsp\u00f3lna odpowiedzialno\u015b\u0107, to tak\u017ce odpowiedzialno\u015b\u0107 ka\u017cdego z nas za \u017cyj\u0105ce w naszym otoczeniu osoby z niepe\u0142nosprawno\u015bciami.<\/p>\n<p>Oddaj\u0119 obraz pod tytu\u0142em Zorza Polarna, m\u0142odej artystki Magdaleny Lenartowicz, w r\u0119ce kogo\u015b, kto zaproponuje najwy\u017csz\u0105 kwot\u0119 w Internetowej licytacji na rzecz Terapeutycznej Niepublicznej Szko\u0142y Bajka, miejsca dla dzieci i m\u0142odzie\u017cy ze spektrum autyzmu. To b\u0119dzie licytacja, w czasie kt\u00f3rej powalcz\u0105 Pa\u0144stwo nie tylko o pi\u0119kny salon, albo sypialni\u0119, ale r\u00f3wnie\u017c o pi\u0119kniejszy los suwalskich dzieci, kt\u00f3rym choroba utrudni\u0142a start w normalne \u017cycie. Ale dzi\u0119ki Pa\u0144stwa odwa\u017cnej licytacji mog\u0105 mie\u0107 w \u017cyciu troch\u0119 lepiej, troch\u0119 \u0142atwiej i troch\u0119 wi\u0119cej.<\/p>\n<p>#wspieramnieoceniam<\/p><\/blockquote>\n<p><a href=\"\/?p=9564\"><img decoding=\"async\" class=\"aligncenter wp-image-9564 size-medium\" src=\"https:\/\/www.drzwi-cal.pl\/wp-content\/uploads\/2020\/10\/IMG_0597-Edit-1-248x300.jpg\" alt=\"\" width=\"248\" height=\"300\" \/><\/a><\/p>\n<blockquote><p><a href=\"https:\/\/allegro.pl\/charytatywni\/podlaskie-stowarzyszenie-terapeutow\/cele\/szkoly-bajka-i-prolog-dla-dzieci-w-spektrum-autyzmu-w-suwalkach\"><img decoding=\"async\" class=\"aligncenter wp-image-9544\" src=\"https:\/\/www.drzwi-cal.pl\/wp-content\/uploads\/2020\/10\/Bez-nazwy-1-150x150.jpg\" alt=\"\" width=\"75\" height=\"75\" \/><\/a><\/p><\/blockquote>\n<p><a href=\"\/\/www.pinterest.com\/pin\/create\/button\/\" data-pin-do=\"buttonBookmark\" data-pin-color=\"red\" data-pin-height=\"128\"><img decoding=\"async\" src=\"\/\/assets.pinterest.com\/images\/pidgets\/pinit_fg_en_rect_red_28.png\" \/><\/a><\/p>","protected":false},"excerpt":{"rendered":"<p>Zapraszamy do licytacji obrazu na rzecz NTSP &#8220;Bajka&#8221; &#8211; szko\u0142y dla dzieci ze spektrum autyzmu! Wierz\u0119, \u017ce ka\u017cdy obraz to nie tylko pewna kompozycja zamkni\u0119ta w ramach, wzbogacenie wn\u0119trza domu&#8230;<\/p>\n","protected":false},"author":5,"featured_media":9542,"parent":0,"menu_order":0,"comment_status":"closed","ping_status":"closed","template":"","meta":{"footnotes":""},"class_list":["post-9533","page","type-page","status-publish","has-post-thumbnail","hentry"],"acf":[],"yoast_head":"<!-- This site is optimized with the Yoast SEO plugin v26.5 - https:\/\/yoast.com\/wordpress\/plugins\/seo\/ -->\n<title>Aukcje Charytatywne - Drzwi zewn\u0119trzne i wewn\u0119trzne premium<\/title>\n<meta name=\"description\" content=\"Zapraszamy do licytacji obrazu na rzecz NTSP &quot;Bajka&quot; - szko\u0142y dla dzieci ze spektrum autyzmu!\" \/>\n<meta name=\"robots\" content=\"index, follow, max-snippet:-1, max-image-preview:large, max-video-preview:-1\" \/>\n<link rel=\"canonical\" href=\"https:\/\/www.drzwi-cal.pl\/en\/aukcje\/\" \/>\n<meta property=\"og:locale\" content=\"en_US\" \/>\n<meta property=\"og:type\" content=\"article\" \/>\n<meta property=\"og:title\" content=\"Aukcja Charytatywna\" \/>\n<meta property=\"og:description\" content=\"Zapraszamy do licytacji obrazu na rzecz NTSP &quot;Bajka&quot; - szko\u0142y dla dzieci ze spektrum autyzmu!\" \/>\n<meta property=\"og:url\" content=\"https:\/\/www.drzwi-cal.pl\/en\/aukcje\/\" \/>\n<meta property=\"og:site_name\" content=\"Drzwi zewn\u0119trzne i wewn\u0119trzne premium\" \/>\n<meta property=\"article:publisher\" content=\"https:\/\/www.facebook.com\/drzwical\/\" \/>\n<meta property=\"article:modified_time\" content=\"2020-10-31T16:41:20+00:00\" \/>\n<meta property=\"og:image\" content=\"https:\/\/www.drzwi-cal.pl\/wp-content\/uploads\/2022\/01\/Alutherm-scaled.jpg\" \/>\n\t<meta property=\"og:image:width\" content=\"2560\" \/>\n\t<meta property=\"og:image:height\" content=\"1920\" \/>\n\t<meta property=\"og:image:type\" content=\"image\/jpeg\" \/>\n<meta name=\"twitter:card\" content=\"summary_large_image\" \/>\n<meta name=\"twitter:label1\" content=\"Est. reading time\" \/>\n\t<meta name=\"twitter:data1\" content=\"1 minute\" \/>\n<script type=\"application\/ld+json\" class=\"yoast-schema-graph\">{\"@context\":\"https:\/\/schema.org\",\"@graph\":[{\"@type\":\"WebPage\",\"@id\":\"https:\/\/www.drzwi-cal.pl\/en\/aukcje\/\",\"url\":\"https:\/\/www.drzwi-cal.pl\/en\/aukcje\/\",\"name\":\"Aukcje Charytatywne - Drzwi zewn\u0119trzne i wewn\u0119trzne premium\",\"isPartOf\":{\"@id\":\"https:\/\/www.drzwi-cal.pl\/en\/#website\"},\"primaryImageOfPage\":{\"@id\":\"https:\/\/www.drzwi-cal.pl\/en\/aukcje\/#primaryimage\"},\"image\":{\"@id\":\"https:\/\/www.drzwi-cal.pl\/en\/aukcje\/#primaryimage\"},\"thumbnailUrl\":\"https:\/\/www.drzwi-cal.pl\/wp-content\/uploads\/2020\/10\/13-2-scaled.jpg\",\"datePublished\":\"2020-10-30T10:15:43+00:00\",\"dateModified\":\"2020-10-31T16:41:20+00:00\",\"description\":\"Zapraszamy do licytacji obrazu na rzecz NTSP \\\"Bajka\\\" - szko\u0142y dla dzieci ze spektrum autyzmu!\",\"breadcrumb\":{\"@id\":\"https:\/\/www.drzwi-cal.pl\/en\/aukcje\/#breadcrumb\"},\"inLanguage\":\"en-US\",\"potentialAction\":[{\"@type\":\"ReadAction\",\"target\":[\"https:\/\/www.drzwi-cal.pl\/en\/aukcje\/\"]}]},{\"@type\":\"ImageObject\",\"inLanguage\":\"en-US\",\"@id\":\"https:\/\/www.drzwi-cal.pl\/en\/aukcje\/#primaryimage\",\"url\":\"https:\/\/www.drzwi-cal.pl\/wp-content\/uploads\/2020\/10\/13-2-scaled.jpg\",\"contentUrl\":\"https:\/\/www.drzwi-cal.pl\/wp-content\/uploads\/2020\/10\/13-2-scaled.jpg\",\"width\":2560,\"height\":1920,\"caption\":\"drzwi cal\"},{\"@type\":\"BreadcrumbList\",\"@id\":\"https:\/\/www.drzwi-cal.pl\/en\/aukcje\/#breadcrumb\",\"itemListElement\":[{\"@type\":\"ListItem\",\"position\":1,\"name\":\"CAL prawdziwe drzwi\",\"item\":\"https:\/\/www.drzwi-cal.pl\/en\/\"},{\"@type\":\"ListItem\",\"position\":2,\"name\":\"Aukcje Charytatywne\"}]},{\"@type\":\"WebSite\",\"@id\":\"https:\/\/www.drzwi-cal.pl\/en\/#website\",\"url\":\"https:\/\/www.drzwi-cal.pl\/en\/\",\"name\":\"Drzwi zewn\u0119trzne i wewn\u0119trzne premium\",\"description\":\"Wybierz tylko kolor i model swoich drzwi zewn\u0119trznych CAL, bo ciep\u0142o i bezpiecze\u0144stwo masz zawsze w cenie! Dobierz pasuj\u0105ce drewniane drzwi wewn\u0119trzne CAL.\",\"publisher\":{\"@id\":\"https:\/\/www.drzwi-cal.pl\/en\/#organization\"},\"potentialAction\":[{\"@type\":\"SearchAction\",\"target\":{\"@type\":\"EntryPoint\",\"urlTemplate\":\"https:\/\/www.drzwi-cal.pl\/en\/?s={search_term_string}\"},\"query-input\":{\"@type\":\"PropertyValueSpecification\",\"valueRequired\":true,\"valueName\":\"search_term_string\"}}],\"inLanguage\":\"en-US\"},{\"@type\":\"Organization\",\"@id\":\"https:\/\/www.drzwi-cal.pl\/en\/#organization\",\"name\":\"Drzwi CAL\",\"alternateName\":\"Prawdziwe drzwi CAL\",\"url\":\"https:\/\/www.drzwi-cal.pl\/en\/\",\"logo\":{\"@type\":\"ImageObject\",\"inLanguage\":\"en-US\",\"@id\":\"https:\/\/www.drzwi-cal.pl\/en\/#\/schema\/logo\/image\/\",\"url\":\"https:\/\/www.drzwi-cal.pl\/wp-content\/uploads\/2018\/08\/CAL.jpg\",\"contentUrl\":\"https:\/\/www.drzwi-cal.pl\/wp-content\/uploads\/2018\/08\/CAL.jpg\",\"width\":1667,\"height\":750,\"caption\":\"Drzwi CAL\"},\"image\":{\"@id\":\"https:\/\/www.drzwi-cal.pl\/en\/#\/schema\/logo\/image\/\"},\"sameAs\":[\"https:\/\/www.facebook.com\/drzwical\/\",\"https:\/\/www.instagram.com\/drzwical\/\",\"https:\/\/www.linkedin.com\/company\/drzwi-cal\",\"https:\/\/www.youtube.com\/user\/drzwical\/\"]}]}<\/script>\n<!-- \/ Yoast SEO plugin. -->","yoast_head_json":{"title":"Aukcje Charytatywne - Drzwi zewn\u0119trzne i wewn\u0119trzne premium","description":"Zapraszamy do licytacji obrazu na rzecz NTSP \"Bajka\" - szko\u0142y dla dzieci ze spektrum autyzmu!","robots":{"index":"index","follow":"follow","max-snippet":"max-snippet:-1","max-image-preview":"max-image-preview:large","max-video-preview":"max-video-preview:-1"},"canonical":"https:\/\/www.drzwi-cal.pl\/en\/aukcje\/","og_locale":"en_US","og_type":"article","og_title":"Aukcja Charytatywna","og_description":"Zapraszamy do licytacji obrazu na rzecz NTSP \"Bajka\" - szko\u0142y dla dzieci ze spektrum autyzmu!","og_url":"https:\/\/www.drzwi-cal.pl\/en\/aukcje\/","og_site_name":"Drzwi zewn\u0119trzne i wewn\u0119trzne premium","article_publisher":"https:\/\/www.facebook.com\/drzwical\/","article_modified_time":"2020-10-31T16:41:20+00:00","og_image":[{"width":2560,"height":1920,"url":"https:\/\/www.drzwi-cal.pl\/wp-content\/uploads\/2022\/01\/Alutherm-scaled.jpg","type":"image\/jpeg"}],"twitter_card":"summary_large_image","twitter_misc":{"Est. reading time":"1 minute"},"schema":{"@context":"https:\/\/schema.org","@graph":[{"@type":"WebPage","@id":"https:\/\/www.drzwi-cal.pl\/en\/aukcje\/","url":"https:\/\/www.drzwi-cal.pl\/en\/aukcje\/","name":"Aukcje Charytatywne - Drzwi zewn\u0119trzne i wewn\u0119trzne premium","isPartOf":{"@id":"https:\/\/www.drzwi-cal.pl\/en\/#website"},"primaryImageOfPage":{"@id":"https:\/\/www.drzwi-cal.pl\/en\/aukcje\/#primaryimage"},"image":{"@id":"https:\/\/www.drzwi-cal.pl\/en\/aukcje\/#primaryimage"},"thumbnailUrl":"https:\/\/www.drzwi-cal.pl\/wp-content\/uploads\/2020\/10\/13-2-scaled.jpg","datePublished":"2020-10-30T10:15:43+00:00","dateModified":"2020-10-31T16:41:20+00:00","description":"Zapraszamy do licytacji obrazu na rzecz NTSP \"Bajka\" - szko\u0142y dla dzieci ze spektrum autyzmu!","breadcrumb":{"@id":"https:\/\/www.drzwi-cal.pl\/en\/aukcje\/#breadcrumb"},"inLanguage":"en-US","potentialAction":[{"@type":"ReadAction","target":["https:\/\/www.drzwi-cal.pl\/en\/aukcje\/"]}]},{"@type":"ImageObject","inLanguage":"en-US","@id":"https:\/\/www.drzwi-cal.pl\/en\/aukcje\/#primaryimage","url":"https:\/\/www.drzwi-cal.pl\/wp-content\/uploads\/2020\/10\/13-2-scaled.jpg","contentUrl":"https:\/\/www.drzwi-cal.pl\/wp-content\/uploads\/2020\/10\/13-2-scaled.jpg","width":2560,"height":1920,"caption":"drzwi cal"},{"@type":"BreadcrumbList","@id":"https:\/\/www.drzwi-cal.pl\/en\/aukcje\/#breadcrumb","itemListElement":[{"@type":"ListItem","position":1,"name":"CAL prawdziwe drzwi","item":"https:\/\/www.drzwi-cal.pl\/en\/"},{"@type":"ListItem","position":2,"name":"Aukcje Charytatywne"}]},{"@type":"WebSite","@id":"https:\/\/www.drzwi-cal.pl\/en\/#website","url":"https:\/\/www.drzwi-cal.pl\/en\/","name":"Drzwi zewn\u0119trzne i wewn\u0119trzne premium","description":"Wybierz tylko kolor i model swoich drzwi zewn\u0119trznych CAL, bo ciep\u0142o i bezpiecze\u0144stwo masz zawsze w cenie! Dobierz pasuj\u0105ce drewniane drzwi wewn\u0119trzne CAL.","publisher":{"@id":"https:\/\/www.drzwi-cal.pl\/en\/#organization"},"potentialAction":[{"@type":"SearchAction","target":{"@type":"EntryPoint","urlTemplate":"https:\/\/www.drzwi-cal.pl\/en\/?s={search_term_string}"},"query-input":{"@type":"PropertyValueSpecification","valueRequired":true,"valueName":"search_term_string"}}],"inLanguage":"en-US"},{"@type":"Organization","@id":"https:\/\/www.drzwi-cal.pl\/en\/#organization","name":"Drzwi CAL","alternateName":"Prawdziwe drzwi CAL","url":"https:\/\/www.drzwi-cal.pl\/en\/","logo":{"@type":"ImageObject","inLanguage":"en-US","@id":"https:\/\/www.drzwi-cal.pl\/en\/#\/schema\/logo\/image\/","url":"https:\/\/www.drzwi-cal.pl\/wp-content\/uploads\/2018\/08\/CAL.jpg","contentUrl":"https:\/\/www.drzwi-cal.pl\/wp-content\/uploads\/2018\/08\/CAL.jpg","width":1667,"height":750,"caption":"Drzwi CAL"},"image":{"@id":"https:\/\/www.drzwi-cal.pl\/en\/#\/schema\/logo\/image\/"},"sameAs":["https:\/\/www.facebook.com\/drzwical\/","https:\/\/www.instagram.com\/drzwical\/","https:\/\/www.linkedin.com\/company\/drzwi-cal","https:\/\/www.youtube.com\/user\/drzwical\/"]}]}},"_links":{"self":[{"href":"https:\/\/www.drzwi-cal.pl\/en\/wp-json\/wp\/v2\/pages\/9533","targetHints":{"allow":["GET"]}}],"collection":[{"href":"https:\/\/www.drzwi-cal.pl\/en\/wp-json\/wp\/v2\/pages"}],"about":[{"href":"https:\/\/www.drzwi-cal.pl\/en\/wp-json\/wp\/v2\/types\/page"}],"author":[{"embeddable":true,"href":"https:\/\/www.drzwi-cal.pl\/en\/wp-json\/wp\/v2\/users\/5"}],"replies":[{"embeddable":true,"href":"https:\/\/www.drzwi-cal.pl\/en\/wp-json\/wp\/v2\/comments?post=9533"}],"version-history":[{"count":0,"href":"https:\/\/www.drzwi-cal.pl\/en\/wp-json\/wp\/v2\/pages\/9533\/revisions"}],"wp:featuredmedia":[{"embeddable":true,"href":"https:\/\/www.drzwi-cal.pl\/en\/wp-json\/wp\/v2\/media\/9542"}],"wp:attachment":[{"href":"https:\/\/www.drzwi-cal.pl\/en\/wp-json\/wp\/v2\/media?parent=9533"}],"curies":[{"name":"wp","href":"https:\/\/api.w.org\/{rel}","templated":true}]}}