{"id":9955,"date":"2021-01-11T22:24:03","date_gmt":"2021-01-11T21:24:03","guid":{"rendered":"https:\/\/www.drzwi-cal.pl\/?page_id=9955"},"modified":"2025-08-04T21:27:20","modified_gmt":"2025-08-04T19:27:20","slug":"sylwia-ciszewska","status":"publish","type":"page","link":"https:\/\/www.drzwi-cal.pl\/en\/sylwia-ciszewska\/","title":{"rendered":"Sylwia Ciszewska"},"content":{"rendered":"<h2 style=\"text-align: center;\"><em>Kim jest Sylwia Ciszewska?<\/em><\/h2>\n<blockquote><p>Nigdy nie wiadomo, jakie drzwi si\u0119 przed Tob\u0105 otworz\u0105\u2026<\/p><\/blockquote>\n<p>W \u017cyciu przesz\u0142am przez wiele drzwi. Niekt\u00f3re otwiera\u0142am sama, niekt\u00f3re przede mn\u0105 otwierano.<\/p>\n<h2>Szefowa CAL<\/h2>\n<p><em>By\u0142a sobie kiedy\u015b ma\u0142a dziewczynka, kt\u00f3ra bawi\u0142a si\u0119 w\u015br\u00f3d stolarzy&#8230; a potem zosta\u0142a ich szefow\u0105.<\/em><\/p>\n<p>Na pocz\u0105tku lat \u201980 m\u00f3j Tata, Zbigniew Cywi\u0144ski wraz z koleg\u0105 wymarzyli sobie, \u017ce za\u0142o\u017c\u0105 firm\u0119 produkuj\u0105c\u0105 drzwi.\u00a0 To mia\u0142y by\u0107 drzwi dla ludzi ceni\u0105cych prawd\u0119, pi\u0119kno i natur\u0119\u2026 po prostu prawdziwe drzwi\u2026 Ja bawi\u0142am si\u0119 na terenie przysz\u0142ego zak\u0142adu, a dzi\u015b? A dzi\u015b to ja zarz\u0105dzam firm\u0105 <a href=\"https:\/\/www.drzwi-cal.pl\">CAL prawdziwe drzwi<\/a>. W 2016 roku przej\u0119\u0142am odpowiedzialno\u015b\u0107 za ponad 100 os\u00f3b, za mark\u0119 z mi\u0119dzynarodowym zasi\u0119giem, za produkt stoj\u0105cy ka\u017cdego dnia na stra\u017cy bezpiecznego snu tysi\u0119cy rodzin.<\/p>\n<p>\u27a1\ufe0f Prowadz\u0119 firm\u0119, kt\u00f3ra pomaga ludziom spe\u0142nia\u0107 marzenia o wyj\u0105tkowym domu.<br \/>\n\u27a1\ufe0f Projektujemy i produkujemy <a href=\"https:\/\/www.drzwi-cal.pl\/drzwi-zewnetrzne\/\">drzwi zewn\u0119trzne<\/a> i <a href=\"https:\/\/www.drzwi-cal.pl\/drzwi-wewnetrzne\/\">drzwi wewn\u0119trzne<\/a> pasuj\u0105ce do ich stylu \u017cycia, niewa\u017cne czy mieszkaj\u0105 w Dublinie, Warszawie czy Suwa\u0142kach.<\/p>\n<p>Zobacz m\u00f3j <a href=\"https:\/\/www.linkedin.com\/in\/prawdziwe-drzwi\/\">profil na Linkedin<\/a>.<\/p>\n<h2>Cz\u0142owiek<\/h2>\n<p><em><strong>Lubi\u0119&#8230;<\/strong><\/em><\/p>\n<p>chodzi\u0107 po fabryce i praktykowa\u0107 &#8220;zarz\u0105dzanie przez przechadzanie si\u0119&#8221; :)<br \/>\nspotyka\u0107 ludzi w ich miejscach pracy,<br \/>\ndotyka\u0107 prawdziwych drzwi, ciesz\u0105c si\u0119 ich jako\u015bci\u0105 i sprawdzaj\u0105c (nawykowo ju\u017c) czy jest odpowiednia,<br \/>\nzagadywa\u0107 Pan\u00f3w na Kontroli Jako\u015bci, kt\u00f3ry pakowany model im si\u0119 podoba,<br \/>\nobserwowa\u0107 dok\u0142adno\u015b\u0107 Pa\u0144 na szlifierni,<br \/>\npatrze\u0107 jak Pani Ula (Kierowniczka Centrum Zam\u00f3wie\u0144) rozmawia przez telefon i s\u0142ucha\u0107 czy dzi\u015b ma ci\u0119\u017cki czy l\u017cejszy dzie\u0144.<br \/>\nspotyka\u0107 po drodze mened\u017cer\u00f3w CAL, kt\u00f3rzy te\u017c \u201ewyrabiaj\u0105 kroki\u201d zamiast dyrektorowa\u0107 zza biurka,<\/p>\n<p>je\u017adzi\u0107 po naszych sklepach partnerskich i rozmawia\u0107 ze sprzedawcami,<\/p>\n<p>ludzi,<br \/>\nby\u0107 obecna.<\/p>\n<p><img fetchpriority=\"high\" decoding=\"async\" class=\"wp-image-9960 alignleft\" src=\"https:\/\/www.drzwi-cal.pl\/wp-content\/uploads\/2021\/01\/insta-na-klodach.png\" alt=\"Sylwia Ciszewska szefowa CAL\" width=\"336\" height=\"336\" srcset=\"https:\/\/www.drzwi-cal.pl\/wp-content\/uploads\/2021\/01\/insta-na-klodach.png 2160w, https:\/\/www.drzwi-cal.pl\/wp-content\/uploads\/2021\/01\/insta-na-klodach-300x300.png 300w, https:\/\/www.drzwi-cal.pl\/wp-content\/uploads\/2021\/01\/insta-na-klodach-1024x1024.png 1024w, https:\/\/www.drzwi-cal.pl\/wp-content\/uploads\/2021\/01\/insta-na-klodach-150x150.png 150w, https:\/\/www.drzwi-cal.pl\/wp-content\/uploads\/2021\/01\/insta-na-klodach-768x768.png 768w, https:\/\/www.drzwi-cal.pl\/wp-content\/uploads\/2021\/01\/insta-na-klodach-1536x1536.png 1536w\" sizes=\"(max-width: 336px) 100vw, 336px\" \/><img decoding=\"async\" class=\"wp-image-9964 alignleft\" src=\"https:\/\/www.drzwi-cal.pl\/wp-content\/uploads\/2021\/01\/insta-z-klodami.png\" alt=\"Sylwia Ciszewska szefowa CAL\" width=\"337\" height=\"337\" srcset=\"https:\/\/www.drzwi-cal.pl\/wp-content\/uploads\/2021\/01\/insta-z-klodami.png 2160w, https:\/\/www.drzwi-cal.pl\/wp-content\/uploads\/2021\/01\/insta-z-klodami-300x300.png 300w, https:\/\/www.drzwi-cal.pl\/wp-content\/uploads\/2021\/01\/insta-z-klodami-1024x1024.png 1024w, https:\/\/www.drzwi-cal.pl\/wp-content\/uploads\/2021\/01\/insta-z-klodami-150x150.png 150w, https:\/\/www.drzwi-cal.pl\/wp-content\/uploads\/2021\/01\/insta-z-klodami-768x768.png 768w, https:\/\/www.drzwi-cal.pl\/wp-content\/uploads\/2021\/01\/insta-z-klodami-1536x1536.png 1536w\" sizes=\"(max-width: 337px) 100vw, 337px\" \/><\/p>\n<h2>Odpowiedzialna za produkt<\/h2>\n<p>Chc\u0119 \u017ceby mieszka\u0144cy domu z drzwiami CAL czuli si\u0119 w nim bezpiecznie. Dlatego dbam, \u017ceby mieli zdrowy mikroklimat (tak istotny w dobie alergii, o wirusach nie wspominaj\u0105c). I zapewniam, \u017ceby mieli wyb\u00f3r: koloru, modelu, wzoru, mo\u017cliwo\u015b\u0107 personalizacji.<\/p>\n<p>Warto\u015bci\u0105 w CAL jest prawdziwo\u015b\u0107 \u2013 m\u00f3wimy prawd\u0119 o naszych produktach, potwierdzamy wszystko certyfikatami. Tworzymy Zesp\u00f3\u0142 r\u00f3\u017cnych osobowo\u015bci, kt\u00f3re tworz\u0105 prawdziwe drzwi dla prawdziwych ludzi, \u017cyj\u0105cych prawdziwym \u017cyciem.<br \/>\nTo drzwi, kt\u00f3re nie tylko maj\u0105 \u0142adnie wygl\u0105da\u0107 na Instagramie. Przede wszystkim maj\u0105 wspiera\u0107 mieszka\u0144c\u00f3w w ich codziennym funkcjonowaniu. Bo prawdziwe \u017cycie dzieje si\u0119 za kulisami medi\u00f3w spo\u0142eczno\u015bciowych, poza internetem.<\/p>\n<p><img decoding=\"async\" class=\"wp-image-9956 alignleft\" src=\"https:\/\/www.drzwi-cal.pl\/wp-content\/uploads\/2021\/01\/insta-bra\u0328z-PA.png\" alt=\"Sylwia Ciszewska CAL prawdziwe drzwi\" width=\"240\" height=\"240\" srcset=\"https:\/\/www.drzwi-cal.pl\/wp-content\/uploads\/2021\/01\/insta-bra\u0328z-PA.png 1080w, https:\/\/www.drzwi-cal.pl\/wp-content\/uploads\/2021\/01\/insta-bra\u0328z-PA-300x300.png 300w, https:\/\/www.drzwi-cal.pl\/wp-content\/uploads\/2021\/01\/insta-bra\u0328z-PA-1024x1024.png 1024w, https:\/\/www.drzwi-cal.pl\/wp-content\/uploads\/2021\/01\/insta-bra\u0328z-PA-150x150.png 150w, https:\/\/www.drzwi-cal.pl\/wp-content\/uploads\/2021\/01\/insta-bra\u0328z-PA-768x768.png 768w, https:\/\/www.drzwi-cal.pl\/wp-content\/uploads\/2021\/01\/insta-bra\u0328z-PA-960x960.png 960w, https:\/\/www.drzwi-cal.pl\/wp-content\/uploads\/2021\/01\/insta-bra\u0328z-PA-640x640.png 640w, https:\/\/www.drzwi-cal.pl\/wp-content\/uploads\/2021\/01\/insta-bra\u0328z-PA-204x204.png 204w, https:\/\/www.drzwi-cal.pl\/wp-content\/uploads\/2021\/01\/insta-bra\u0328z-PA-120x120.png 120w, https:\/\/www.drzwi-cal.pl\/wp-content\/uploads\/2021\/01\/insta-bra\u0328z-PA-70x70.png 70w, https:\/\/www.drzwi-cal.pl\/wp-content\/uploads\/2021\/01\/insta-bra\u0328z-PA-25x25.png 25w\" sizes=\"(max-width: 240px) 100vw, 240px\" \/><img loading=\"lazy\" decoding=\"async\" class=\"wp-image-9971 alignleft\" style=\"font-size: 16px;\" src=\"https:\/\/www.drzwi-cal.pl\/wp-content\/uploads\/2021\/01\/insta-z-Tata\u0328-2.png\" alt=\"Sylwia Ciszewska CAL prawdziwe drzwi Zbigniew Cywi\u0144ski\" width=\"240\" height=\"240\" srcset=\"https:\/\/www.drzwi-cal.pl\/wp-content\/uploads\/2021\/01\/insta-z-Tata\u0328-2.png 2160w, https:\/\/www.drzwi-cal.pl\/wp-content\/uploads\/2021\/01\/insta-z-Tata\u0328-2-300x300.png 300w, https:\/\/www.drzwi-cal.pl\/wp-content\/uploads\/2021\/01\/insta-z-Tata\u0328-2-1024x1024.png 1024w, https:\/\/www.drzwi-cal.pl\/wp-content\/uploads\/2021\/01\/insta-z-Tata\u0328-2-150x150.png 150w, https:\/\/www.drzwi-cal.pl\/wp-content\/uploads\/2021\/01\/insta-z-Tata\u0328-2-768x768.png 768w, https:\/\/www.drzwi-cal.pl\/wp-content\/uploads\/2021\/01\/insta-z-Tata\u0328-2-1536x1536.png 1536w\" sizes=\"(max-width: 240px) 100vw, 240px\" \/><img loading=\"lazy\" decoding=\"async\" class=\"wp-image-9958 alignleft\" src=\"https:\/\/www.drzwi-cal.pl\/wp-content\/uploads\/2021\/01\/insta-dz-i-dw.png\" alt=\"Sylwia Ciszewska CAL prawdziwe drzwi\" width=\"240\" height=\"240\" srcset=\"https:\/\/www.drzwi-cal.pl\/wp-content\/uploads\/2021\/01\/insta-dz-i-dw.png 2160w, https:\/\/www.drzwi-cal.pl\/wp-content\/uploads\/2021\/01\/insta-dz-i-dw-300x300.png 300w, https:\/\/www.drzwi-cal.pl\/wp-content\/uploads\/2021\/01\/insta-dz-i-dw-1024x1024.png 1024w, https:\/\/www.drzwi-cal.pl\/wp-content\/uploads\/2021\/01\/insta-dz-i-dw-150x150.png 150w, https:\/\/www.drzwi-cal.pl\/wp-content\/uploads\/2021\/01\/insta-dz-i-dw-768x768.png 768w, https:\/\/www.drzwi-cal.pl\/wp-content\/uploads\/2021\/01\/insta-dz-i-dw-1536x1536.png 1536w\" sizes=\"(max-width: 240px) 100vw, 240px\" \/><\/p>\n<h3 style=\"text-align: center;\"><em>Sylwia Ciszewska w mediach<\/em><\/h3>\n<p>&nbsp;<\/p>\n<div class=\"video\">\n<blockquote class=\"wp-embedded-content\" data-secret=\"fU24Y66BBl\"><p><a href=\"https:\/\/forumbranzowe.com\/teksty\/drzwi-trzeba-dotknac\/\">Drzwi trzeba dotkn\u0105\u0107<\/a><\/p><\/blockquote>\n<p><iframe class=\"wp-embedded-content\" sandbox=\"allow-scripts\" security=\"restricted\" style=\"position: absolute; visibility: hidden;\" title=\"&#8222;Drzwi trzeba dotkn\u0105\u0107&#8221; &#8212; Forum Bran\u017cowe portal bran\u017cy stolarki\" src=\"https:\/\/forumbranzowe.com\/teksty\/drzwi-trzeba-dotknac\/embed\/#?secret=FRMHfRPfs5#?secret=fU24Y66BBl\" data-secret=\"fU24Y66BBl\" width=\"500\" height=\"282\" frameborder=\"0\" marginwidth=\"0\" marginheight=\"0\" scrolling=\"no\"><\/iframe><\/div>\n<div class=\"video\">\n<blockquote class=\"wp-embedded-content\" data-secret=\"3alPDr73ol\"><p><a href=\"https:\/\/www.inwestycje.plus\/budownictwo-wczoraj-i-dzis-wywiad-z-sylwia-ciszewska-z-firmy-cal-prawdziwe-drzwi\/\">Budownictwo wczoraj i dzi\u015b \u2013 wywiad z Sylwi\u0105 Ciszewsk\u0105 z firmy CAL prawdziwe drzwi<\/a><\/p><\/blockquote>\n<p><iframe class=\"wp-embedded-content\" sandbox=\"allow-scripts\" security=\"restricted\" style=\"position: absolute; visibility: hidden;\" title=\"&#8222;Budownictwo wczoraj i dzi\u015b \u2013 wywiad z Sylwi\u0105 Ciszewsk\u0105 z firmy CAL prawdziwe drzwi&#8221; &#8212; Inwestycje.plus\" src=\"https:\/\/www.inwestycje.plus\/budownictwo-wczoraj-i-dzis-wywiad-z-sylwia-ciszewska-z-firmy-cal-prawdziwe-drzwi\/embed\/#?secret=11H2D4YVZ3#?secret=3alPDr73ol\" data-secret=\"3alPDr73ol\" width=\"500\" height=\"282\" frameborder=\"0\" marginwidth=\"0\" marginheight=\"0\" scrolling=\"no\"><\/iframe><\/div>\n<div class=\"video\">\n<blockquote class=\"wp-embedded-content\" data-secret=\"GmKFpoBWIc\"><p><a href=\"https:\/\/ladybusiness.pl\/artykuly\/moj-wewnetrzny-motor-do-dzialania-nigdy-nie-gasnie-wywiad-z-sylwia-ciszewska\/\">M\u00f3j wewn\u0119trzny motor do dzia\u0142ania nigdy nie ga\u015bnie &#8211; wywiad z Sylwi\u0105 Ciszewsk\u0105<\/a><\/p><\/blockquote>\n<p><iframe class=\"wp-embedded-content\" sandbox=\"allow-scripts\" security=\"restricted\" style=\"position: absolute; visibility: hidden;\" title=\"&#8222;M\u00f3j wewn\u0119trzny motor do dzia\u0142ania nigdy nie ga\u015bnie &#8211; wywiad z Sylwi\u0105 Ciszewsk\u0105&#8221; &#8212; LBC spo\u0142eczno\u015b\u0107 kobiet biznesu\" src=\"https:\/\/ladybusiness.pl\/artykuly\/moj-wewnetrzny-motor-do-dzialania-nigdy-nie-gasnie-wywiad-z-sylwia-ciszewska\/embed\/#?secret=2WgIicwKND#?secret=GmKFpoBWIc\" data-secret=\"GmKFpoBWIc\" width=\"500\" height=\"282\" frameborder=\"0\" marginwidth=\"0\" marginheight=\"0\" scrolling=\"no\"><\/iframe><\/div>\n<p>&nbsp;<\/p>\n<div class=\"video\"><iframe title=\"Czym jest rodzinna odpowiedzialno\u015b\u0107 w biznesie? odc. 39\/40\" width=\"500\" height=\"281\" src=\"https:\/\/www.youtube.com\/embed\/gQmrf_tnzUQ?feature=oembed\" frameborder=\"0\" allow=\"accelerometer; autoplay; clipboard-write; encrypted-media; gyroscope; picture-in-picture; web-share\" referrerpolicy=\"strict-origin-when-cross-origin\" allowfullscreen><\/iframe><\/div>\n<div class=\"video\"><iframe title=\"Biznes z g\u0142ow\u0105 i sercem. Technicznie rzecz bior\u0105c, noty za styl s\u0105 najwa\u017cniejsze.\" width=\"500\" height=\"281\" src=\"https:\/\/www.youtube.com\/embed\/RIEDsvwrfss?start=1219&#038;feature=oembed\" frameborder=\"0\" allow=\"accelerometer; autoplay; clipboard-write; encrypted-media; gyroscope; picture-in-picture; web-share\" referrerpolicy=\"strict-origin-when-cross-origin\" allowfullscreen><\/iframe><\/div>\n<div class=\"video\">\n<blockquote class=\"wp-embedded-content\" data-secret=\"IuGARwTLNV\"><p><a href=\"https:\/\/marketingprzykawie.pl\/espresso\/produkcja-drzwi-szycie-sukienki-marka-cal-rozpoczela-kampanie-internetowa-we-wspolpracy-brandem-patrizia-aryton\/\">Produkcja drzwi jak szycie sukienki. Marka Cal rozpocz\u0119\u0142a kampani\u0119 internetow\u0105 we wsp\u00f3\u0142pracy z brandem Patrizia Aryton<\/a><\/p><\/blockquote>\n<p><iframe class=\"wp-embedded-content\" sandbox=\"allow-scripts\" security=\"restricted\" style=\"position: absolute; visibility: hidden;\" title=\"&#8222;Produkcja drzwi jak szycie sukienki. Marka Cal rozpocz\u0119\u0142a kampani\u0119 internetow\u0105 we wsp\u00f3\u0142pracy z brandem Patrizia Aryton&#8221; &#8212; Marketing przy Kawie\" src=\"https:\/\/marketingprzykawie.pl\/espresso\/produkcja-drzwi-szycie-sukienki-marka-cal-rozpoczela-kampanie-internetowa-we-wspolpracy-brandem-patrizia-aryton\/embed\/#?secret=6I9pgafi3n#?secret=IuGARwTLNV\" data-secret=\"IuGARwTLNV\" width=\"500\" height=\"282\" frameborder=\"0\" marginwidth=\"0\" marginheight=\"0\" scrolling=\"no\"><\/iframe><\/div>\n<p>&nbsp;<\/p>\n<p><a href=\"\/\/www.pinterest.com\/pin\/create\/button\/\" data-pin-do=\"buttonBookmark\" data-pin-color=\"red\" data-pin-height=\"128\"><img decoding=\"async\" src=\"\/\/assets.pinterest.com\/images\/pidgets\/pinit_fg_en_rect_red_28.png\" \/><\/a><\/p>","protected":false},"excerpt":{"rendered":"<p>Kim jest Sylwia Ciszewska? Nigdy nie wiadomo, jakie drzwi si\u0119 przed Tob\u0105 otworz\u0105\u2026 W \u017cyciu przesz\u0142am przez wiele drzwi. Niekt\u00f3re otwiera\u0142am sama, niekt\u00f3re przede mn\u0105 otwierano. Szefowa CAL By\u0142a sobie&#8230;<\/p>\n","protected":false},"author":5,"featured_media":10618,"parent":0,"menu_order":0,"comment_status":"closed","ping_status":"closed","template":"","meta":{"footnotes":""},"class_list":["post-9955","page","type-page","status-publish","has-post-thumbnail","hentry"],"acf":[],"yoast_head":"<!-- This site is optimized with the Yoast SEO plugin v26.5 - https:\/\/yoast.com\/wordpress\/plugins\/seo\/ -->\n<title>Sylwia Ciszewska - wsp\u00f3\u0142w\u0142a\u015bcicielka marki CAL prawdziwe drzwi<\/title>\n<meta name=\"description\" content=\"Kobieta w m\u0119skiej bran\u017cy. Szefowa firmy rodzinnej dzia\u0142aj\u0105cej od 40 lat. Produkuje drzwi b\u0119d\u0105ce kwintesencj\u0105 &quot;drzwiowo\u015bci&quot;. Sylwia Ciszewska\" \/>\n<meta name=\"robots\" content=\"index, follow, max-snippet:-1, max-image-preview:large, max-video-preview:-1\" \/>\n<link rel=\"canonical\" href=\"https:\/\/www.drzwi-cal.pl\/en\/sylwia-ciszewska\/\" \/>\n<meta property=\"og:locale\" content=\"en_US\" \/>\n<meta property=\"og:type\" content=\"article\" \/>\n<meta property=\"og:title\" content=\"Sylwia Ciszewska Szefowa CAL prawdziwe drzwi\" \/>\n<meta property=\"og:description\" content=\"Kobieta w m\u0119skiej bran\u017cy. Wsp\u00f3\u0142w\u0142a\u015bcicielka firmy rodzinnej dzia\u0142aj\u0105cej od 40 lat. Produkuje drzwi b\u0119d\u0105ce kwintesencj\u0105 &quot;drzwiowo\u015bci&quot;.\" \/>\n<meta property=\"og:url\" content=\"https:\/\/www.drzwi-cal.pl\/en\/sylwia-ciszewska\/\" \/>\n<meta property=\"og:site_name\" content=\"Drzwi zewn\u0119trzne i wewn\u0119trzne premium\" \/>\n<meta property=\"article:publisher\" content=\"https:\/\/www.facebook.com\/drzwical\/\" \/>\n<meta property=\"article:modified_time\" content=\"2025-08-04T19:27:20+00:00\" \/>\n<meta property=\"og:image\" content=\"https:\/\/www.drzwi-cal.pl\/wp-content\/uploads\/2021\/01\/insta-na-klodach-1024x1024.png\" \/>\n\t<meta property=\"og:image:width\" content=\"1024\" \/>\n\t<meta property=\"og:image:height\" content=\"1024\" \/>\n\t<meta property=\"og:image:type\" content=\"image\/png\" \/>\n<meta name=\"twitter:card\" content=\"summary_large_image\" \/>\n<meta name=\"twitter:label1\" content=\"Est. reading time\" \/>\n\t<meta name=\"twitter:data1\" content=\"4 minutes\" \/>\n<script type=\"application\/ld+json\" class=\"yoast-schema-graph\">{\"@context\":\"https:\/\/schema.org\",\"@graph\":[{\"@type\":\"WebPage\",\"@id\":\"https:\/\/www.drzwi-cal.pl\/en\/sylwia-ciszewska\/\",\"url\":\"https:\/\/www.drzwi-cal.pl\/en\/sylwia-ciszewska\/\",\"name\":\"Sylwia Ciszewska - wsp\u00f3\u0142w\u0142a\u015bcicielka marki CAL prawdziwe drzwi\",\"isPartOf\":{\"@id\":\"https:\/\/www.drzwi-cal.pl\/en\/#website\"},\"primaryImageOfPage\":{\"@id\":\"https:\/\/www.drzwi-cal.pl\/en\/sylwia-ciszewska\/#primaryimage\"},\"image\":{\"@id\":\"https:\/\/www.drzwi-cal.pl\/en\/sylwia-ciszewska\/#primaryimage\"},\"thumbnailUrl\":\"https:\/\/www.drzwi-cal.pl\/wp-content\/uploads\/2021\/03\/s_ciszewska_1920x440B.jpg\",\"datePublished\":\"2021-01-11T21:24:03+00:00\",\"dateModified\":\"2025-08-04T19:27:20+00:00\",\"description\":\"Kobieta w m\u0119skiej bran\u017cy. Szefowa firmy rodzinnej dzia\u0142aj\u0105cej od 40 lat. Produkuje drzwi b\u0119d\u0105ce kwintesencj\u0105 \\\"drzwiowo\u015bci\\\". Sylwia Ciszewska\",\"breadcrumb\":{\"@id\":\"https:\/\/www.drzwi-cal.pl\/en\/sylwia-ciszewska\/#breadcrumb\"},\"inLanguage\":\"en-US\",\"potentialAction\":[{\"@type\":\"ReadAction\",\"target\":[\"https:\/\/www.drzwi-cal.pl\/en\/sylwia-ciszewska\/\"]}]},{\"@type\":\"ImageObject\",\"inLanguage\":\"en-US\",\"@id\":\"https:\/\/www.drzwi-cal.pl\/en\/sylwia-ciszewska\/#primaryimage\",\"url\":\"https:\/\/www.drzwi-cal.pl\/wp-content\/uploads\/2021\/03\/s_ciszewska_1920x440B.jpg\",\"contentUrl\":\"https:\/\/www.drzwi-cal.pl\/wp-content\/uploads\/2021\/03\/s_ciszewska_1920x440B.jpg\",\"width\":1920,\"height\":440,\"caption\":\"drzwi cal\"},{\"@type\":\"BreadcrumbList\",\"@id\":\"https:\/\/www.drzwi-cal.pl\/en\/sylwia-ciszewska\/#breadcrumb\",\"itemListElement\":[{\"@type\":\"ListItem\",\"position\":1,\"name\":\"CAL prawdziwe drzwi\",\"item\":\"https:\/\/www.drzwi-cal.pl\/en\/\"},{\"@type\":\"ListItem\",\"position\":2,\"name\":\"Sylwia Ciszewska\"}]},{\"@type\":\"WebSite\",\"@id\":\"https:\/\/www.drzwi-cal.pl\/en\/#website\",\"url\":\"https:\/\/www.drzwi-cal.pl\/en\/\",\"name\":\"Drzwi zewn\u0119trzne i wewn\u0119trzne premium\",\"description\":\"Wybierz tylko kolor i model swoich drzwi zewn\u0119trznych CAL, bo ciep\u0142o i bezpiecze\u0144stwo masz zawsze w cenie! Dobierz pasuj\u0105ce drewniane drzwi wewn\u0119trzne CAL.\",\"publisher\":{\"@id\":\"https:\/\/www.drzwi-cal.pl\/en\/#organization\"},\"potentialAction\":[{\"@type\":\"SearchAction\",\"target\":{\"@type\":\"EntryPoint\",\"urlTemplate\":\"https:\/\/www.drzwi-cal.pl\/en\/?s={search_term_string}\"},\"query-input\":{\"@type\":\"PropertyValueSpecification\",\"valueRequired\":true,\"valueName\":\"search_term_string\"}}],\"inLanguage\":\"en-US\"},{\"@type\":\"Organization\",\"@id\":\"https:\/\/www.drzwi-cal.pl\/en\/#organization\",\"name\":\"Drzwi CAL\",\"alternateName\":\"Prawdziwe drzwi CAL\",\"url\":\"https:\/\/www.drzwi-cal.pl\/en\/\",\"logo\":{\"@type\":\"ImageObject\",\"inLanguage\":\"en-US\",\"@id\":\"https:\/\/www.drzwi-cal.pl\/en\/#\/schema\/logo\/image\/\",\"url\":\"https:\/\/www.drzwi-cal.pl\/wp-content\/uploads\/2018\/08\/CAL.jpg\",\"contentUrl\":\"https:\/\/www.drzwi-cal.pl\/wp-content\/uploads\/2018\/08\/CAL.jpg\",\"width\":1667,\"height\":750,\"caption\":\"Drzwi CAL\"},\"image\":{\"@id\":\"https:\/\/www.drzwi-cal.pl\/en\/#\/schema\/logo\/image\/\"},\"sameAs\":[\"https:\/\/www.facebook.com\/drzwical\/\",\"https:\/\/www.instagram.com\/drzwical\/\",\"https:\/\/www.linkedin.com\/company\/drzwi-cal\",\"https:\/\/www.youtube.com\/user\/drzwical\/\"]}]}<\/script>\n<!-- \/ Yoast SEO plugin. -->","yoast_head_json":{"title":"Sylwia Ciszewska - wsp\u00f3\u0142w\u0142a\u015bcicielka marki CAL prawdziwe drzwi","description":"Kobieta w m\u0119skiej bran\u017cy. Szefowa firmy rodzinnej dzia\u0142aj\u0105cej od 40 lat. Produkuje drzwi b\u0119d\u0105ce kwintesencj\u0105 \"drzwiowo\u015bci\". Sylwia Ciszewska","robots":{"index":"index","follow":"follow","max-snippet":"max-snippet:-1","max-image-preview":"max-image-preview:large","max-video-preview":"max-video-preview:-1"},"canonical":"https:\/\/www.drzwi-cal.pl\/en\/sylwia-ciszewska\/","og_locale":"en_US","og_type":"article","og_title":"Sylwia Ciszewska Szefowa CAL prawdziwe drzwi","og_description":"Kobieta w m\u0119skiej bran\u017cy. Wsp\u00f3\u0142w\u0142a\u015bcicielka firmy rodzinnej dzia\u0142aj\u0105cej od 40 lat. Produkuje drzwi b\u0119d\u0105ce kwintesencj\u0105 \"drzwiowo\u015bci\".","og_url":"https:\/\/www.drzwi-cal.pl\/en\/sylwia-ciszewska\/","og_site_name":"Drzwi zewn\u0119trzne i wewn\u0119trzne premium","article_publisher":"https:\/\/www.facebook.com\/drzwical\/","article_modified_time":"2025-08-04T19:27:20+00:00","og_image":[{"width":1024,"height":1024,"url":"https:\/\/www.drzwi-cal.pl\/wp-content\/uploads\/2021\/01\/insta-na-klodach-1024x1024.png","type":"image\/png"}],"twitter_card":"summary_large_image","twitter_misc":{"Est. reading time":"4 minutes"},"schema":{"@context":"https:\/\/schema.org","@graph":[{"@type":"WebPage","@id":"https:\/\/www.drzwi-cal.pl\/en\/sylwia-ciszewska\/","url":"https:\/\/www.drzwi-cal.pl\/en\/sylwia-ciszewska\/","name":"Sylwia Ciszewska - wsp\u00f3\u0142w\u0142a\u015bcicielka marki CAL prawdziwe drzwi","isPartOf":{"@id":"https:\/\/www.drzwi-cal.pl\/en\/#website"},"primaryImageOfPage":{"@id":"https:\/\/www.drzwi-cal.pl\/en\/sylwia-ciszewska\/#primaryimage"},"image":{"@id":"https:\/\/www.drzwi-cal.pl\/en\/sylwia-ciszewska\/#primaryimage"},"thumbnailUrl":"https:\/\/www.drzwi-cal.pl\/wp-content\/uploads\/2021\/03\/s_ciszewska_1920x440B.jpg","datePublished":"2021-01-11T21:24:03+00:00","dateModified":"2025-08-04T19:27:20+00:00","description":"Kobieta w m\u0119skiej bran\u017cy. Szefowa firmy rodzinnej dzia\u0142aj\u0105cej od 40 lat. Produkuje drzwi b\u0119d\u0105ce kwintesencj\u0105 \"drzwiowo\u015bci\". Sylwia Ciszewska","breadcrumb":{"@id":"https:\/\/www.drzwi-cal.pl\/en\/sylwia-ciszewska\/#breadcrumb"},"inLanguage":"en-US","potentialAction":[{"@type":"ReadAction","target":["https:\/\/www.drzwi-cal.pl\/en\/sylwia-ciszewska\/"]}]},{"@type":"ImageObject","inLanguage":"en-US","@id":"https:\/\/www.drzwi-cal.pl\/en\/sylwia-ciszewska\/#primaryimage","url":"https:\/\/www.drzwi-cal.pl\/wp-content\/uploads\/2021\/03\/s_ciszewska_1920x440B.jpg","contentUrl":"https:\/\/www.drzwi-cal.pl\/wp-content\/uploads\/2021\/03\/s_ciszewska_1920x440B.jpg","width":1920,"height":440,"caption":"drzwi cal"},{"@type":"BreadcrumbList","@id":"https:\/\/www.drzwi-cal.pl\/en\/sylwia-ciszewska\/#breadcrumb","itemListElement":[{"@type":"ListItem","position":1,"name":"CAL prawdziwe drzwi","item":"https:\/\/www.drzwi-cal.pl\/en\/"},{"@type":"ListItem","position":2,"name":"Sylwia Ciszewska"}]},{"@type":"WebSite","@id":"https:\/\/www.drzwi-cal.pl\/en\/#website","url":"https:\/\/www.drzwi-cal.pl\/en\/","name":"Drzwi zewn\u0119trzne i wewn\u0119trzne premium","description":"Wybierz tylko kolor i model swoich drzwi zewn\u0119trznych CAL, bo ciep\u0142o i bezpiecze\u0144stwo masz zawsze w cenie! Dobierz pasuj\u0105ce drewniane drzwi wewn\u0119trzne CAL.","publisher":{"@id":"https:\/\/www.drzwi-cal.pl\/en\/#organization"},"potentialAction":[{"@type":"SearchAction","target":{"@type":"EntryPoint","urlTemplate":"https:\/\/www.drzwi-cal.pl\/en\/?s={search_term_string}"},"query-input":{"@type":"PropertyValueSpecification","valueRequired":true,"valueName":"search_term_string"}}],"inLanguage":"en-US"},{"@type":"Organization","@id":"https:\/\/www.drzwi-cal.pl\/en\/#organization","name":"Drzwi CAL","alternateName":"Prawdziwe drzwi CAL","url":"https:\/\/www.drzwi-cal.pl\/en\/","logo":{"@type":"ImageObject","inLanguage":"en-US","@id":"https:\/\/www.drzwi-cal.pl\/en\/#\/schema\/logo\/image\/","url":"https:\/\/www.drzwi-cal.pl\/wp-content\/uploads\/2018\/08\/CAL.jpg","contentUrl":"https:\/\/www.drzwi-cal.pl\/wp-content\/uploads\/2018\/08\/CAL.jpg","width":1667,"height":750,"caption":"Drzwi CAL"},"image":{"@id":"https:\/\/www.drzwi-cal.pl\/en\/#\/schema\/logo\/image\/"},"sameAs":["https:\/\/www.facebook.com\/drzwical\/","https:\/\/www.instagram.com\/drzwical\/","https:\/\/www.linkedin.com\/company\/drzwi-cal","https:\/\/www.youtube.com\/user\/drzwical\/"]}]}},"_links":{"self":[{"href":"https:\/\/www.drzwi-cal.pl\/en\/wp-json\/wp\/v2\/pages\/9955","targetHints":{"allow":["GET"]}}],"collection":[{"href":"https:\/\/www.drzwi-cal.pl\/en\/wp-json\/wp\/v2\/pages"}],"about":[{"href":"https:\/\/www.drzwi-cal.pl\/en\/wp-json\/wp\/v2\/types\/page"}],"author":[{"embeddable":true,"href":"https:\/\/www.drzwi-cal.pl\/en\/wp-json\/wp\/v2\/users\/5"}],"replies":[{"embeddable":true,"href":"https:\/\/www.drzwi-cal.pl\/en\/wp-json\/wp\/v2\/comments?post=9955"}],"version-history":[{"count":2,"href":"https:\/\/www.drzwi-cal.pl\/en\/wp-json\/wp\/v2\/pages\/9955\/revisions"}],"predecessor-version":[{"id":20729,"href":"https:\/\/www.drzwi-cal.pl\/en\/wp-json\/wp\/v2\/pages\/9955\/revisions\/20729"}],"wp:featuredmedia":[{"embeddable":true,"href":"https:\/\/www.drzwi-cal.pl\/en\/wp-json\/wp\/v2\/media\/10618"}],"wp:attachment":[{"href":"https:\/\/www.drzwi-cal.pl\/en\/wp-json\/wp\/v2\/media?parent=9955"}],"curies":[{"name":"wp","href":"https:\/\/api.w.org\/{rel}","templated":true}]}}